{"id":639,"date":"2025-09-23T12:27:40","date_gmt":"2025-09-23T12:27:40","guid":{"rendered":"https:\/\/ajaimes.inscastellbisbal.net\/?page_id=639"},"modified":"2025-09-30T11:11:03","modified_gmt":"2025-09-30T11:11:03","slug":"tipus-de-lletres-utilitzades","status":"publish","type":"page","link":"https:\/\/ajaimes.inscastellbisbal.net\/?page_id=639","title":{"rendered":"Tipus de lletres utilitzades"},"content":{"rendered":"\n<p>La tipografia que he utilitzat al meu wordpress per poder donar-li aquesta aparen\u00e7a s\u00f3n:<\/p>\n\n\n\n<p>Font General:Muli <\/p>\n\n\n\n<p>Fuente de Encabeza:Miriando pro <\/p>\n\n\n\n<p>Fuentes de contenido:Payfair Dispay <\/p>\n","protected":false},"excerpt":{"rendered":"<p>La tipografia que he utilitzat al meu wordpress per poder donar-li aquesta aparen\u00e7a s\u00f3n: Font General:Muli Fuente de Encabeza:Miriando pro Fuentes de contenido:Payfair Dispay<\/p>\n","protected":false},"author":1,"featured_media":0,"parent":455,"menu_order":2,"comment_status":"closed","ping_status":"closed","template":"","meta":{"saved_in_kubio":false,"_dseop_meta":"","_dseop_selected_keywords":"","footnotes":""},"class_list":["post-639","page","type-page","status-publish","hentry"],"kubio_ai_page_context":{"short_desc":"","purpose":"general"},"yoast_head":"<!-- This site is optimized with the Yoast SEO plugin v27.5 - https:\/\/yoast.com\/product\/yoast-seo-wordpress\/ -->\n<title>Tipus de lletres utilitzades - Adrian Jaimes<\/title>\n<meta name=\"robots\" content=\"index, follow, max-snippet:-1, max-image-preview:large, max-video-preview:-1\" \/>\n<link rel=\"canonical\" href=\"https:\/\/ajaimes.inscastellbisbal.net\/?page_id=639\" \/>\n<meta property=\"og:locale\" content=\"ca_ES\" \/>\n<meta property=\"og:type\" content=\"article\" \/>\n<meta property=\"og:title\" content=\"Tipus de lletres utilitzades - Adrian Jaimes\" \/>\n<meta property=\"og:description\" content=\"La tipografia que he utilitzat al meu wordpress per poder donar-li aquesta aparen\u00e7a s\u00f3n: Font General:Muli Fuente de Encabeza:Miriando pro Fuentes de contenido:Payfair Dispay\" \/>\n<meta property=\"og:url\" content=\"https:\/\/ajaimes.inscastellbisbal.net\/?page_id=639\" \/>\n<meta property=\"og:site_name\" content=\"Adrian Jaimes\" \/>\n<meta property=\"article:modified_time\" content=\"2025-09-30T11:11:03+00:00\" \/>\n<meta name=\"twitter:card\" content=\"summary_large_image\" \/>\n<script type=\"application\/ld+json\" class=\"yoast-schema-graph\">{\"@context\":\"https:\\\/\\\/schema.org\",\"@graph\":[{\"@type\":\"WebPage\",\"@id\":\"https:\\\/\\\/ajaimes.inscastellbisbal.net\\\/?page_id=639\",\"url\":\"https:\\\/\\\/ajaimes.inscastellbisbal.net\\\/?page_id=639\",\"name\":\"Tipus de lletres utilitzades - Adrian Jaimes\",\"isPartOf\":{\"@id\":\"https:\\\/\\\/ajaimes.inscastellbisbal.net\\\/#website\"},\"datePublished\":\"2025-09-23T12:27:40+00:00\",\"dateModified\":\"2025-09-30T11:11:03+00:00\",\"breadcrumb\":{\"@id\":\"https:\\\/\\\/ajaimes.inscastellbisbal.net\\\/?page_id=639#breadcrumb\"},\"inLanguage\":\"ca\",\"potentialAction\":[{\"@type\":\"ReadAction\",\"target\":[\"https:\\\/\\\/ajaimes.inscastellbisbal.net\\\/?page_id=639\"]}]},{\"@type\":\"BreadcrumbList\",\"@id\":\"https:\\\/\\\/ajaimes.inscastellbisbal.net\\\/?page_id=639#breadcrumb\",\"itemListElement\":[{\"@type\":\"ListItem\",\"position\":1,\"name\":\"Inici\",\"item\":\"https:\\\/\\\/ajaimes.inscastellbisbal.net\\\/\"},{\"@type\":\"ListItem\",\"position\":2,\"name\":\"Repte 1.1\",\"item\":\"https:\\\/\\\/ajaimes.inscastellbisbal.net\\\/?page_id=436\"},{\"@type\":\"ListItem\",\"position\":3,\"name\":\"8\ufe0f\u20e3 &#8211; \ud83d\udcda &#8211; Llibre d&#8217;estil\",\"item\":\"https:\\\/\\\/ajaimes.inscastellbisbal.net\\\/?page_id=455\"},{\"@type\":\"ListItem\",\"position\":4,\"name\":\"Tipus de lletres utilitzades\"}]},{\"@type\":\"WebSite\",\"@id\":\"https:\\\/\\\/ajaimes.inscastellbisbal.net\\\/#website\",\"url\":\"https:\\\/\\\/ajaimes.inscastellbisbal.net\\\/\",\"name\":\"Adrian Jaimes\",\"description\":\"S\u00f3c estudiant d&#039;inform\u00e0tica i aqu\u00ed podr\u00e0s veure el meu cam\u00ed acad\u00e8mic, els projectes que he realitzat i els coneixements que he adquirit durant la meva formaci\u00f3. Aquesta p\u00e0gina \u00e9s un reflex de la meva passi\u00f3 per la tecnologia i el meu comprom\u00eds per seguir aprenent i millorant cada dia.  Explora els meus treballs i seguiment acad\u00e8mic!\",\"publisher\":{\"@id\":\"https:\\\/\\\/ajaimes.inscastellbisbal.net\\\/#organization\"},\"potentialAction\":[{\"@type\":\"SearchAction\",\"target\":{\"@type\":\"EntryPoint\",\"urlTemplate\":\"https:\\\/\\\/ajaimes.inscastellbisbal.net\\\/?s={search_term_string}\"},\"query-input\":{\"@type\":\"PropertyValueSpecification\",\"valueRequired\":true,\"valueName\":\"search_term_string\"}}],\"inLanguage\":\"ca\"},{\"@type\":\"Organization\",\"@id\":\"https:\\\/\\\/ajaimes.inscastellbisbal.net\\\/#organization\",\"name\":\"Adrian Jaimes\",\"url\":\"https:\\\/\\\/ajaimes.inscastellbisbal.net\\\/\",\"logo\":{\"@type\":\"ImageObject\",\"inLanguage\":\"ca\",\"@id\":\"https:\\\/\\\/ajaimes.inscastellbisbal.net\\\/#\\\/schema\\\/logo\\\/image\\\/\",\"url\":\"https:\\\/\\\/ajaimes.inscastellbisbal.net\\\/wp-content\\\/uploads\\\/2025\\\/12\\\/cropped-cropped-cropped-width_550_009.webp\",\"contentUrl\":\"https:\\\/\\\/ajaimes.inscastellbisbal.net\\\/wp-content\\\/uploads\\\/2025\\\/12\\\/cropped-cropped-cropped-width_550_009.webp\",\"width\":512,\"height\":512,\"caption\":\"Adrian Jaimes\"},\"image\":{\"@id\":\"https:\\\/\\\/ajaimes.inscastellbisbal.net\\\/#\\\/schema\\\/logo\\\/image\\\/\"}}]}<\/script>\n<!-- \/ Yoast SEO plugin. -->","yoast_head_json":{"title":"Tipus de lletres utilitzades - Adrian Jaimes","robots":{"index":"index","follow":"follow","max-snippet":"max-snippet:-1","max-image-preview":"max-image-preview:large","max-video-preview":"max-video-preview:-1"},"canonical":"https:\/\/ajaimes.inscastellbisbal.net\/?page_id=639","og_locale":"ca_ES","og_type":"article","og_title":"Tipus de lletres utilitzades - Adrian Jaimes","og_description":"La tipografia que he utilitzat al meu wordpress per poder donar-li aquesta aparen\u00e7a s\u00f3n: Font General:Muli Fuente de Encabeza:Miriando pro Fuentes de contenido:Payfair Dispay","og_url":"https:\/\/ajaimes.inscastellbisbal.net\/?page_id=639","og_site_name":"Adrian Jaimes","article_modified_time":"2025-09-30T11:11:03+00:00","twitter_card":"summary_large_image","schema":{"@context":"https:\/\/schema.org","@graph":[{"@type":"WebPage","@id":"https:\/\/ajaimes.inscastellbisbal.net\/?page_id=639","url":"https:\/\/ajaimes.inscastellbisbal.net\/?page_id=639","name":"Tipus de lletres utilitzades - Adrian Jaimes","isPartOf":{"@id":"https:\/\/ajaimes.inscastellbisbal.net\/#website"},"datePublished":"2025-09-23T12:27:40+00:00","dateModified":"2025-09-30T11:11:03+00:00","breadcrumb":{"@id":"https:\/\/ajaimes.inscastellbisbal.net\/?page_id=639#breadcrumb"},"inLanguage":"ca","potentialAction":[{"@type":"ReadAction","target":["https:\/\/ajaimes.inscastellbisbal.net\/?page_id=639"]}]},{"@type":"BreadcrumbList","@id":"https:\/\/ajaimes.inscastellbisbal.net\/?page_id=639#breadcrumb","itemListElement":[{"@type":"ListItem","position":1,"name":"Inici","item":"https:\/\/ajaimes.inscastellbisbal.net\/"},{"@type":"ListItem","position":2,"name":"Repte 1.1","item":"https:\/\/ajaimes.inscastellbisbal.net\/?page_id=436"},{"@type":"ListItem","position":3,"name":"8\ufe0f\u20e3 &#8211; \ud83d\udcda &#8211; Llibre d&#8217;estil","item":"https:\/\/ajaimes.inscastellbisbal.net\/?page_id=455"},{"@type":"ListItem","position":4,"name":"Tipus de lletres utilitzades"}]},{"@type":"WebSite","@id":"https:\/\/ajaimes.inscastellbisbal.net\/#website","url":"https:\/\/ajaimes.inscastellbisbal.net\/","name":"Adrian Jaimes","description":"S\u00f3c estudiant d&#039;inform\u00e0tica i aqu\u00ed podr\u00e0s veure el meu cam\u00ed acad\u00e8mic, els projectes que he realitzat i els coneixements que he adquirit durant la meva formaci\u00f3. Aquesta p\u00e0gina \u00e9s un reflex de la meva passi\u00f3 per la tecnologia i el meu comprom\u00eds per seguir aprenent i millorant cada dia.  Explora els meus treballs i seguiment acad\u00e8mic!","publisher":{"@id":"https:\/\/ajaimes.inscastellbisbal.net\/#organization"},"potentialAction":[{"@type":"SearchAction","target":{"@type":"EntryPoint","urlTemplate":"https:\/\/ajaimes.inscastellbisbal.net\/?s={search_term_string}"},"query-input":{"@type":"PropertyValueSpecification","valueRequired":true,"valueName":"search_term_string"}}],"inLanguage":"ca"},{"@type":"Organization","@id":"https:\/\/ajaimes.inscastellbisbal.net\/#organization","name":"Adrian Jaimes","url":"https:\/\/ajaimes.inscastellbisbal.net\/","logo":{"@type":"ImageObject","inLanguage":"ca","@id":"https:\/\/ajaimes.inscastellbisbal.net\/#\/schema\/logo\/image\/","url":"https:\/\/ajaimes.inscastellbisbal.net\/wp-content\/uploads\/2025\/12\/cropped-cropped-cropped-width_550_009.webp","contentUrl":"https:\/\/ajaimes.inscastellbisbal.net\/wp-content\/uploads\/2025\/12\/cropped-cropped-cropped-width_550_009.webp","width":512,"height":512,"caption":"Adrian Jaimes"},"image":{"@id":"https:\/\/ajaimes.inscastellbisbal.net\/#\/schema\/logo\/image\/"}}]}},"jetpack_sharing_enabled":true,"_links":{"self":[{"href":"https:\/\/ajaimes.inscastellbisbal.net\/index.php?rest_route=\/wp\/v2\/pages\/639","targetHints":{"allow":["GET"]}}],"collection":[{"href":"https:\/\/ajaimes.inscastellbisbal.net\/index.php?rest_route=\/wp\/v2\/pages"}],"about":[{"href":"https:\/\/ajaimes.inscastellbisbal.net\/index.php?rest_route=\/wp\/v2\/types\/page"}],"author":[{"embeddable":true,"href":"https:\/\/ajaimes.inscastellbisbal.net\/index.php?rest_route=\/wp\/v2\/users\/1"}],"replies":[{"embeddable":true,"href":"https:\/\/ajaimes.inscastellbisbal.net\/index.php?rest_route=%2Fwp%2Fv2%2Fcomments&post=639"}],"version-history":[{"count":4,"href":"https:\/\/ajaimes.inscastellbisbal.net\/index.php?rest_route=\/wp\/v2\/pages\/639\/revisions"}],"predecessor-version":[{"id":953,"href":"https:\/\/ajaimes.inscastellbisbal.net\/index.php?rest_route=\/wp\/v2\/pages\/639\/revisions\/953"}],"up":[{"embeddable":true,"href":"https:\/\/ajaimes.inscastellbisbal.net\/index.php?rest_route=\/wp\/v2\/pages\/455"}],"wp:attachment":[{"href":"https:\/\/ajaimes.inscastellbisbal.net\/index.php?rest_route=%2Fwp%2Fv2%2Fmedia&parent=639"}],"curies":[{"name":"wp","href":"https:\/\/api.w.org\/{rel}","templated":true}]}}