{"id":621,"date":"2025-09-23T12:19:55","date_gmt":"2025-09-23T12:19:55","guid":{"rendered":"https:\/\/ajaimes.inscastellbisbal.net\/?page_id=621"},"modified":"2025-09-30T11:01:54","modified_gmt":"2025-09-30T11:01:54","slug":"galetes-i-configuracio-de-privadesa","status":"publish","type":"page","link":"https:\/\/ajaimes.inscastellbisbal.net\/?page_id=621","title":{"rendered":"Galetes i configuraci\u00f3 de privadesa"},"content":{"rendered":"\n<h3 class=\"wp-block-heading\">Ja he ajustat les galetes i la configuraci\u00f3 de privadesa.<\/h3>\n\n\n\n<p>Aquest \u00e9s el text que es mostra als usuaris.<\/p>\n\n\n\n<figure class=\"wp-block-image size-full\"><img loading=\"lazy\" decoding=\"async\" width=\"458\" height=\"232\" title=\"imagen\" src=\"https:\/\/ajaimes.inscastellbisbal.net\/wp-content\/uploads\/2025\/09\/imagen-166.png\" alt=\"\" class=\"wp-image-881\" srcset=\"https:\/\/ajaimes.inscastellbisbal.net\/wp-content\/uploads\/2025\/09\/imagen-166.png 458w, https:\/\/ajaimes.inscastellbisbal.net\/wp-content\/uploads\/2025\/09\/imagen-166-300x152.png 300w\" sizes=\"(max-width: 458px) 100vw, 458px\" \/><\/figure>\n\n\n\n<p>Tamb\u00e9 \u00e9s la p\u00e0gina de \u201cPol\u00edtica de privacitat\u201d que he enlla\u00e7at des de la p\u00e0gina principal del meu lloc web.<\/p>\n\n\n\n<figure class=\"wp-block-image size-large\"><img loading=\"lazy\" decoding=\"async\" width=\"1024\" height=\"536\" title=\"imagen-168-1024x536\" src=\"https:\/\/ajaimes.inscastellbisbal.net\/wp-content\/uploads\/2025\/09\/imagen-168-1024x536.png\" alt=\"\" class=\"wp-image-887\" srcset=\"https:\/\/ajaimes.inscastellbisbal.net\/wp-content\/uploads\/2025\/09\/imagen-168-1024x536.png 1024w, https:\/\/ajaimes.inscastellbisbal.net\/wp-content\/uploads\/2025\/09\/imagen-168-300x157.png 300w, https:\/\/ajaimes.inscastellbisbal.net\/wp-content\/uploads\/2025\/09\/imagen-168-768x402.png 768w, https:\/\/ajaimes.inscastellbisbal.net\/wp-content\/uploads\/2025\/09\/imagen-168-573x300.png 573w, https:\/\/ajaimes.inscastellbisbal.net\/wp-content\/uploads\/2025\/09\/imagen-168.png 1122w\" sizes=\"(max-width: 1024px) 100vw, 1024px\" \/><\/figure>\n\n\n\n<h2 class=\"wp-block-heading\">INSTRUCCIONS<\/h2>\n\n\n\n<h3 class=\"wp-block-heading\">Passos per configurar-ho: Primer cal instal\u00b7lar el plugin necessari.<\/h3>\n\n\n\n<ul class=\"wp-block-list\">\n<li>Accedeix al panell d&#8217;administraci\u00f3 de WordPress.<\/li>\n\n\n\n<li>Ves a <strong>Plugins > Afegeix nou<\/strong>.<\/li>\n\n\n\n<li>Busca <strong>&#8220;CookieYes&#8221;<\/strong> i instal\u00b7la\u2019l.<\/li>\n\n\n\n<li>Un cop instal\u00b7lat, activa\u2019l.<\/li>\n<\/ul>\n\n\n\n<figure class=\"wp-block-image size-full\"><img loading=\"lazy\" decoding=\"async\" width=\"386\" height=\"66\" title=\"imagen\" src=\"https:\/\/ajaimes.inscastellbisbal.net\/wp-content\/uploads\/2025\/09\/imagen-170.png\" alt=\"\" class=\"wp-image-889\" srcset=\"https:\/\/ajaimes.inscastellbisbal.net\/wp-content\/uploads\/2025\/09\/imagen-170.png 386w, https:\/\/ajaimes.inscastellbisbal.net\/wp-content\/uploads\/2025\/09\/imagen-170-300x51.png 300w\" sizes=\"(max-width: 386px) 100vw, 386px\" \/><\/figure>\n\n\n\n<p>Un cop activat, trobar\u00e0s l\u2019eina <strong>CookieYes<\/strong> dins el men\u00fa de control de WordPress.<\/p>\n\n\n\n<figure class=\"wp-block-image size-full\"><img loading=\"lazy\" decoding=\"async\" width=\"154\" height=\"607\" title=\"imagen\" src=\"https:\/\/ajaimes.inscastellbisbal.net\/wp-content\/uploads\/2025\/09\/imagen-167.png\" alt=\"\" class=\"wp-image-885\" srcset=\"https:\/\/ajaimes.inscastellbisbal.net\/wp-content\/uploads\/2025\/09\/imagen-167.png 154w, https:\/\/ajaimes.inscastellbisbal.net\/wp-content\/uploads\/2025\/09\/imagen-167-76x300.png 76w\" sizes=\"(max-width: 154px) 100vw, 154px\" \/><\/figure>\n\n\n\n<p>Des d\u2019all\u00e0 podr\u00e0s modificar el contingut del b\u00e0ner de cookies que veuran els visitants.<br>Pots canviar-ne els textos, els colors, la posici\u00f3 i altres aspectes visuals perqu\u00e8 s\u2019adapti a l\u2019est\u00e8tica del teu lloc.<\/p>\n\n\n\n<figure class=\"wp-block-image size-large\"><img loading=\"lazy\" decoding=\"async\" width=\"1024\" height=\"498\" title=\"imagen-169-1024x498\" src=\"https:\/\/ajaimes.inscastellbisbal.net\/wp-content\/uploads\/2025\/09\/imagen-169-1024x498.png\" alt=\"\" class=\"wp-image-888\" srcset=\"https:\/\/ajaimes.inscastellbisbal.net\/wp-content\/uploads\/2025\/09\/imagen-169-1024x498.png 1024w, https:\/\/ajaimes.inscastellbisbal.net\/wp-content\/uploads\/2025\/09\/imagen-169-300x146.png 300w, https:\/\/ajaimes.inscastellbisbal.net\/wp-content\/uploads\/2025\/09\/imagen-169-768x374.png 768w, https:\/\/ajaimes.inscastellbisbal.net\/wp-content\/uploads\/2025\/09\/imagen-169-583x284.png 583w, https:\/\/ajaimes.inscastellbisbal.net\/wp-content\/uploads\/2025\/09\/imagen-169.png 1266w\" sizes=\"(max-width: 1024px) 100vw, 1024px\" \/><\/figure>\n\n\n\n<p>Quan hagis acabat de personalitzar-lo, recorda <strong>desar els canvis<\/strong>.<\/p>\n","protected":false},"excerpt":{"rendered":"<p>Ja he ajustat les galetes i la configuraci\u00f3 de privadesa. Aquest \u00e9s el text que es mostra als usuaris. Tamb\u00e9 \u00e9s la p\u00e0gina de \u201cPol\u00edtica de privacitat\u201d que he enlla\u00e7at des de la p\u00e0gina principal del meu lloc web. INSTRUCCIONS Passos per configurar-ho: Primer cal instal\u00b7lar el plugin necessari. Un cop activat, trobar\u00e0s l\u2019eina CookieYes [&hellip;]<\/p>\n","protected":false},"author":1,"featured_media":0,"parent":453,"menu_order":3,"comment_status":"closed","ping_status":"closed","template":"","meta":{"saved_in_kubio":false,"_dseop_meta":"","_dseop_selected_keywords":"","footnotes":""},"class_list":["post-621","page","type-page","status-publish","hentry"],"kubio_ai_page_context":{"short_desc":"","purpose":"general"},"yoast_head":"<!-- This site is optimized with the Yoast SEO plugin v27.5 - https:\/\/yoast.com\/product\/yoast-seo-wordpress\/ -->\n<title>Galetes i configuraci\u00f3 de privadesa - Adrian Jaimes<\/title>\n<meta name=\"robots\" content=\"index, follow, max-snippet:-1, max-image-preview:large, max-video-preview:-1\" \/>\n<link rel=\"canonical\" href=\"https:\/\/ajaimes.inscastellbisbal.net\/?page_id=621\" \/>\n<meta property=\"og:locale\" content=\"ca_ES\" \/>\n<meta property=\"og:type\" content=\"article\" \/>\n<meta property=\"og:title\" content=\"Galetes i configuraci\u00f3 de privadesa - Adrian Jaimes\" \/>\n<meta property=\"og:description\" content=\"Ja he ajustat les galetes i la configuraci\u00f3 de privadesa. Aquest \u00e9s el text que es mostra als usuaris. Tamb\u00e9 \u00e9s la p\u00e0gina de \u201cPol\u00edtica de privacitat\u201d que he enlla\u00e7at des de la p\u00e0gina principal del meu lloc web. INSTRUCCIONS Passos per configurar-ho: Primer cal instal\u00b7lar el plugin necessari. Un cop activat, trobar\u00e0s l\u2019eina CookieYes [&hellip;]\" \/>\n<meta property=\"og:url\" content=\"https:\/\/ajaimes.inscastellbisbal.net\/?page_id=621\" \/>\n<meta property=\"og:site_name\" content=\"Adrian Jaimes\" \/>\n<meta property=\"article:modified_time\" content=\"2025-09-30T11:01:54+00:00\" \/>\n<meta property=\"og:image\" content=\"https:\/\/ajaimes.inscastellbisbal.net\/wp-content\/uploads\/2025\/09\/imagen-166.png\" \/>\n\t<meta property=\"og:image:width\" content=\"458\" \/>\n\t<meta property=\"og:image:height\" content=\"232\" \/>\n\t<meta property=\"og:image:type\" content=\"image\/png\" \/>\n<meta name=\"twitter:card\" content=\"summary_large_image\" \/>\n<meta name=\"twitter:label1\" content=\"Temps estimat de lectura\" \/>\n\t<meta name=\"twitter:data1\" content=\"1 minut\" \/>\n<script type=\"application\/ld+json\" class=\"yoast-schema-graph\">{\"@context\":\"https:\\\/\\\/schema.org\",\"@graph\":[{\"@type\":\"WebPage\",\"@id\":\"https:\\\/\\\/ajaimes.inscastellbisbal.net\\\/?page_id=621\",\"url\":\"https:\\\/\\\/ajaimes.inscastellbisbal.net\\\/?page_id=621\",\"name\":\"Galetes i configuraci\u00f3 de privadesa - Adrian Jaimes\",\"isPartOf\":{\"@id\":\"https:\\\/\\\/ajaimes.inscastellbisbal.net\\\/#website\"},\"primaryImageOfPage\":{\"@id\":\"https:\\\/\\\/ajaimes.inscastellbisbal.net\\\/?page_id=621#primaryimage\"},\"image\":{\"@id\":\"https:\\\/\\\/ajaimes.inscastellbisbal.net\\\/?page_id=621#primaryimage\"},\"thumbnailUrl\":\"https:\\\/\\\/ajaimes.inscastellbisbal.net\\\/wp-content\\\/uploads\\\/2025\\\/09\\\/imagen-166.png\",\"datePublished\":\"2025-09-23T12:19:55+00:00\",\"dateModified\":\"2025-09-30T11:01:54+00:00\",\"breadcrumb\":{\"@id\":\"https:\\\/\\\/ajaimes.inscastellbisbal.net\\\/?page_id=621#breadcrumb\"},\"inLanguage\":\"ca\",\"potentialAction\":[{\"@type\":\"ReadAction\",\"target\":[\"https:\\\/\\\/ajaimes.inscastellbisbal.net\\\/?page_id=621\"]}]},{\"@type\":\"ImageObject\",\"inLanguage\":\"ca\",\"@id\":\"https:\\\/\\\/ajaimes.inscastellbisbal.net\\\/?page_id=621#primaryimage\",\"url\":\"https:\\\/\\\/ajaimes.inscastellbisbal.net\\\/wp-content\\\/uploads\\\/2025\\\/09\\\/imagen-166.png\",\"contentUrl\":\"https:\\\/\\\/ajaimes.inscastellbisbal.net\\\/wp-content\\\/uploads\\\/2025\\\/09\\\/imagen-166.png\",\"width\":458,\"height\":232},{\"@type\":\"BreadcrumbList\",\"@id\":\"https:\\\/\\\/ajaimes.inscastellbisbal.net\\\/?page_id=621#breadcrumb\",\"itemListElement\":[{\"@type\":\"ListItem\",\"position\":1,\"name\":\"Inici\",\"item\":\"https:\\\/\\\/ajaimes.inscastellbisbal.net\\\/\"},{\"@type\":\"ListItem\",\"position\":2,\"name\":\"Repte 1.1\",\"item\":\"https:\\\/\\\/ajaimes.inscastellbisbal.net\\\/?page_id=436\"},{\"@type\":\"ListItem\",\"position\":3,\"name\":\"7\ufe0f\u20e3 &#8211; \ud83c\udf0d &#8211; Portfoli digital\",\"item\":\"https:\\\/\\\/ajaimes.inscastellbisbal.net\\\/?page_id=453\"},{\"@type\":\"ListItem\",\"position\":4,\"name\":\"Galetes i configuraci\u00f3 de privadesa\"}]},{\"@type\":\"WebSite\",\"@id\":\"https:\\\/\\\/ajaimes.inscastellbisbal.net\\\/#website\",\"url\":\"https:\\\/\\\/ajaimes.inscastellbisbal.net\\\/\",\"name\":\"Adrian Jaimes\",\"description\":\"S\u00f3c estudiant d&#039;inform\u00e0tica i aqu\u00ed podr\u00e0s veure el meu cam\u00ed acad\u00e8mic, els projectes que he realitzat i els coneixements que he adquirit durant la meva formaci\u00f3. Aquesta p\u00e0gina \u00e9s un reflex de la meva passi\u00f3 per la tecnologia i el meu comprom\u00eds per seguir aprenent i millorant cada dia.  Explora els meus treballs i seguiment acad\u00e8mic!\",\"publisher\":{\"@id\":\"https:\\\/\\\/ajaimes.inscastellbisbal.net\\\/#organization\"},\"potentialAction\":[{\"@type\":\"SearchAction\",\"target\":{\"@type\":\"EntryPoint\",\"urlTemplate\":\"https:\\\/\\\/ajaimes.inscastellbisbal.net\\\/?s={search_term_string}\"},\"query-input\":{\"@type\":\"PropertyValueSpecification\",\"valueRequired\":true,\"valueName\":\"search_term_string\"}}],\"inLanguage\":\"ca\"},{\"@type\":\"Organization\",\"@id\":\"https:\\\/\\\/ajaimes.inscastellbisbal.net\\\/#organization\",\"name\":\"Adrian Jaimes\",\"url\":\"https:\\\/\\\/ajaimes.inscastellbisbal.net\\\/\",\"logo\":{\"@type\":\"ImageObject\",\"inLanguage\":\"ca\",\"@id\":\"https:\\\/\\\/ajaimes.inscastellbisbal.net\\\/#\\\/schema\\\/logo\\\/image\\\/\",\"url\":\"https:\\\/\\\/ajaimes.inscastellbisbal.net\\\/wp-content\\\/uploads\\\/2025\\\/12\\\/cropped-cropped-cropped-width_550_009.webp\",\"contentUrl\":\"https:\\\/\\\/ajaimes.inscastellbisbal.net\\\/wp-content\\\/uploads\\\/2025\\\/12\\\/cropped-cropped-cropped-width_550_009.webp\",\"width\":512,\"height\":512,\"caption\":\"Adrian Jaimes\"},\"image\":{\"@id\":\"https:\\\/\\\/ajaimes.inscastellbisbal.net\\\/#\\\/schema\\\/logo\\\/image\\\/\"}}]}<\/script>\n<!-- \/ Yoast SEO plugin. -->","yoast_head_json":{"title":"Galetes i configuraci\u00f3 de privadesa - Adrian Jaimes","robots":{"index":"index","follow":"follow","max-snippet":"max-snippet:-1","max-image-preview":"max-image-preview:large","max-video-preview":"max-video-preview:-1"},"canonical":"https:\/\/ajaimes.inscastellbisbal.net\/?page_id=621","og_locale":"ca_ES","og_type":"article","og_title":"Galetes i configuraci\u00f3 de privadesa - Adrian Jaimes","og_description":"Ja he ajustat les galetes i la configuraci\u00f3 de privadesa. Aquest \u00e9s el text que es mostra als usuaris. Tamb\u00e9 \u00e9s la p\u00e0gina de \u201cPol\u00edtica de privacitat\u201d que he enlla\u00e7at des de la p\u00e0gina principal del meu lloc web. INSTRUCCIONS Passos per configurar-ho: Primer cal instal\u00b7lar el plugin necessari. Un cop activat, trobar\u00e0s l\u2019eina CookieYes [&hellip;]","og_url":"https:\/\/ajaimes.inscastellbisbal.net\/?page_id=621","og_site_name":"Adrian Jaimes","article_modified_time":"2025-09-30T11:01:54+00:00","og_image":[{"width":458,"height":232,"url":"https:\/\/ajaimes.inscastellbisbal.net\/wp-content\/uploads\/2025\/09\/imagen-166.png","type":"image\/png"}],"twitter_card":"summary_large_image","twitter_misc":{"Temps estimat de lectura":"1 minut"},"schema":{"@context":"https:\/\/schema.org","@graph":[{"@type":"WebPage","@id":"https:\/\/ajaimes.inscastellbisbal.net\/?page_id=621","url":"https:\/\/ajaimes.inscastellbisbal.net\/?page_id=621","name":"Galetes i configuraci\u00f3 de privadesa - Adrian Jaimes","isPartOf":{"@id":"https:\/\/ajaimes.inscastellbisbal.net\/#website"},"primaryImageOfPage":{"@id":"https:\/\/ajaimes.inscastellbisbal.net\/?page_id=621#primaryimage"},"image":{"@id":"https:\/\/ajaimes.inscastellbisbal.net\/?page_id=621#primaryimage"},"thumbnailUrl":"https:\/\/ajaimes.inscastellbisbal.net\/wp-content\/uploads\/2025\/09\/imagen-166.png","datePublished":"2025-09-23T12:19:55+00:00","dateModified":"2025-09-30T11:01:54+00:00","breadcrumb":{"@id":"https:\/\/ajaimes.inscastellbisbal.net\/?page_id=621#breadcrumb"},"inLanguage":"ca","potentialAction":[{"@type":"ReadAction","target":["https:\/\/ajaimes.inscastellbisbal.net\/?page_id=621"]}]},{"@type":"ImageObject","inLanguage":"ca","@id":"https:\/\/ajaimes.inscastellbisbal.net\/?page_id=621#primaryimage","url":"https:\/\/ajaimes.inscastellbisbal.net\/wp-content\/uploads\/2025\/09\/imagen-166.png","contentUrl":"https:\/\/ajaimes.inscastellbisbal.net\/wp-content\/uploads\/2025\/09\/imagen-166.png","width":458,"height":232},{"@type":"BreadcrumbList","@id":"https:\/\/ajaimes.inscastellbisbal.net\/?page_id=621#breadcrumb","itemListElement":[{"@type":"ListItem","position":1,"name":"Inici","item":"https:\/\/ajaimes.inscastellbisbal.net\/"},{"@type":"ListItem","position":2,"name":"Repte 1.1","item":"https:\/\/ajaimes.inscastellbisbal.net\/?page_id=436"},{"@type":"ListItem","position":3,"name":"7\ufe0f\u20e3 &#8211; \ud83c\udf0d &#8211; Portfoli digital","item":"https:\/\/ajaimes.inscastellbisbal.net\/?page_id=453"},{"@type":"ListItem","position":4,"name":"Galetes i configuraci\u00f3 de privadesa"}]},{"@type":"WebSite","@id":"https:\/\/ajaimes.inscastellbisbal.net\/#website","url":"https:\/\/ajaimes.inscastellbisbal.net\/","name":"Adrian Jaimes","description":"S\u00f3c estudiant d&#039;inform\u00e0tica i aqu\u00ed podr\u00e0s veure el meu cam\u00ed acad\u00e8mic, els projectes que he realitzat i els coneixements que he adquirit durant la meva formaci\u00f3. Aquesta p\u00e0gina \u00e9s un reflex de la meva passi\u00f3 per la tecnologia i el meu comprom\u00eds per seguir aprenent i millorant cada dia.  Explora els meus treballs i seguiment acad\u00e8mic!","publisher":{"@id":"https:\/\/ajaimes.inscastellbisbal.net\/#organization"},"potentialAction":[{"@type":"SearchAction","target":{"@type":"EntryPoint","urlTemplate":"https:\/\/ajaimes.inscastellbisbal.net\/?s={search_term_string}"},"query-input":{"@type":"PropertyValueSpecification","valueRequired":true,"valueName":"search_term_string"}}],"inLanguage":"ca"},{"@type":"Organization","@id":"https:\/\/ajaimes.inscastellbisbal.net\/#organization","name":"Adrian Jaimes","url":"https:\/\/ajaimes.inscastellbisbal.net\/","logo":{"@type":"ImageObject","inLanguage":"ca","@id":"https:\/\/ajaimes.inscastellbisbal.net\/#\/schema\/logo\/image\/","url":"https:\/\/ajaimes.inscastellbisbal.net\/wp-content\/uploads\/2025\/12\/cropped-cropped-cropped-width_550_009.webp","contentUrl":"https:\/\/ajaimes.inscastellbisbal.net\/wp-content\/uploads\/2025\/12\/cropped-cropped-cropped-width_550_009.webp","width":512,"height":512,"caption":"Adrian Jaimes"},"image":{"@id":"https:\/\/ajaimes.inscastellbisbal.net\/#\/schema\/logo\/image\/"}}]}},"jetpack_sharing_enabled":true,"_links":{"self":[{"href":"https:\/\/ajaimes.inscastellbisbal.net\/index.php?rest_route=\/wp\/v2\/pages\/621","targetHints":{"allow":["GET"]}}],"collection":[{"href":"https:\/\/ajaimes.inscastellbisbal.net\/index.php?rest_route=\/wp\/v2\/pages"}],"about":[{"href":"https:\/\/ajaimes.inscastellbisbal.net\/index.php?rest_route=\/wp\/v2\/types\/page"}],"author":[{"embeddable":true,"href":"https:\/\/ajaimes.inscastellbisbal.net\/index.php?rest_route=\/wp\/v2\/users\/1"}],"replies":[{"embeddable":true,"href":"https:\/\/ajaimes.inscastellbisbal.net\/index.php?rest_route=%2Fwp%2Fv2%2Fcomments&post=621"}],"version-history":[{"count":4,"href":"https:\/\/ajaimes.inscastellbisbal.net\/index.php?rest_route=\/wp\/v2\/pages\/621\/revisions"}],"predecessor-version":[{"id":890,"href":"https:\/\/ajaimes.inscastellbisbal.net\/index.php?rest_route=\/wp\/v2\/pages\/621\/revisions\/890"}],"up":[{"embeddable":true,"href":"https:\/\/ajaimes.inscastellbisbal.net\/index.php?rest_route=\/wp\/v2\/pages\/453"}],"wp:attachment":[{"href":"https:\/\/ajaimes.inscastellbisbal.net\/index.php?rest_route=%2Fwp%2Fv2%2Fmedia&parent=621"}],"curies":[{"name":"wp","href":"https:\/\/api.w.org\/{rel}","templated":true}]}}