{"id":612,"date":"2025-09-23T12:14:28","date_gmt":"2025-09-23T12:14:28","guid":{"rendered":"https:\/\/ajaimes.inscastellbisbal.net\/?page_id=612"},"modified":"2025-09-30T08:44:19","modified_gmt":"2025-09-30T08:44:19","slug":"utilitzacio-dun-gestor-de-bookmarks-integrat-al-navegador","status":"publish","type":"page","link":"https:\/\/ajaimes.inscastellbisbal.net\/?page_id=612","title":{"rendered":"Utilitzaci\u00f3 d\u2019un gestor de bookmarks integrat al navegador"},"content":{"rendered":"\n<p>He instal\u00b7lat un gestor de bookmark anomenat raindrop.io.Raindrop.io \u00e9s una eina de gesti\u00f3 de marcadors que et permet guardar, organitzar i accedir f\u00e0cilment a enlla\u00e7os, articles, v\u00eddeos i altres continguts web des de qualsevol dispositiu.<\/p>\n\n\n\n<p><strong>COM FER-HO<\/strong><\/p>\n\n\n\n<p>Hi ha diferents maneres per poder descarregar aquesta extensi\u00f3, per\u00f2 la m\u00e9s senzilla \u00e9s.<\/p>\n\n\n\n<p>Per poder tenir aquesta extensi\u00f3 haurem de donar-li a la icona de les tres ratlles i baixar i donar-li a l&#8217;opci\u00f3 d&#8217;Extencions i temes.<\/p>\n\n\n\n<p>Un cop ja dins anem a la barra de cerca i escrivim &#8220;raindrop io&#8221; i donem al bot\u00f3 d&#8217;agrafar al Firefox<\/p>\n\n\n\n<figure class=\"wp-block-image size-full\"><img loading=\"lazy\" decoding=\"async\" width=\"495\" height=\"57\" title=\"imagen\" src=\"https:\/\/ajaimes.inscastellbisbal.net\/wp-content\/uploads\/2025\/09\/imagen-162.png\" alt=\"\" class=\"wp-image-863\" srcset=\"https:\/\/ajaimes.inscastellbisbal.net\/wp-content\/uploads\/2025\/09\/imagen-162.png 495w, https:\/\/ajaimes.inscastellbisbal.net\/wp-content\/uploads\/2025\/09\/imagen-162-300x35.png 300w\" sizes=\"(max-width: 495px) 100vw, 495px\" \/><\/figure>\n\n\n\n<figure class=\"wp-block-image size-large\"><img loading=\"lazy\" decoding=\"async\" width=\"1024\" height=\"206\" title=\"imagen-163-1024x206\" src=\"https:\/\/ajaimes.inscastellbisbal.net\/wp-content\/uploads\/2025\/09\/imagen-163-1024x206.png\" alt=\"\" class=\"wp-image-864\" srcset=\"https:\/\/ajaimes.inscastellbisbal.net\/wp-content\/uploads\/2025\/09\/imagen-163-1024x206.png 1024w, https:\/\/ajaimes.inscastellbisbal.net\/wp-content\/uploads\/2025\/09\/imagen-163-300x60.png 300w, https:\/\/ajaimes.inscastellbisbal.net\/wp-content\/uploads\/2025\/09\/imagen-163-768x154.png 768w, https:\/\/ajaimes.inscastellbisbal.net\/wp-content\/uploads\/2025\/09\/imagen-163-583x117.png 583w, https:\/\/ajaimes.inscastellbisbal.net\/wp-content\/uploads\/2025\/09\/imagen-163.png 1372w\" sizes=\"(max-width: 1024px) 100vw, 1024px\" \/><\/figure>\n\n\n\n<p>En acabar d&#8217;afegir-se al nostre navegador tindrem la nostra extensi\u00f3 a la barra d&#8217;eines o donant-li clic dret per poder utilitzar-lo.<\/p>\n\n\n\n<figure class=\"wp-block-image size-large is-resized\"><img loading=\"lazy\" decoding=\"async\" width=\"71\" height=\"40\" title=\"imagen\" src=\"https:\/\/ajaimes.inscastellbisbal.net\/wp-content\/uploads\/2025\/09\/imagen-164-edited-2.png\" alt=\"\" class=\"wp-image-870\" style=\"width:168px;height:auto\"\/><\/figure>\n\n\n\n<p><\/p>\n","protected":false},"excerpt":{"rendered":"<p>He instal\u00b7lat un gestor de bookmark anomenat raindrop.io.Raindrop.io \u00e9s una eina de gesti\u00f3 de marcadors que et permet guardar, organitzar i accedir f\u00e0cilment a enlla\u00e7os, articles, v\u00eddeos i altres continguts web des de qualsevol dispositiu. COM FER-HO Hi ha diferents maneres per poder descarregar aquesta extensi\u00f3, per\u00f2 la m\u00e9s senzilla \u00e9s. Per poder tenir aquesta [&hellip;]<\/p>\n","protected":false},"author":1,"featured_media":0,"parent":457,"menu_order":6,"comment_status":"closed","ping_status":"closed","template":"","meta":{"saved_in_kubio":false,"_dseop_meta":"","_dseop_selected_keywords":"","footnotes":""},"class_list":["post-612","page","type-page","status-publish","hentry"],"kubio_ai_page_context":{"short_desc":"","purpose":"general"},"yoast_head":"<!-- This site is optimized with the Yoast SEO plugin v27.5 - https:\/\/yoast.com\/product\/yoast-seo-wordpress\/ -->\n<title>Utilitzaci\u00f3 d\u2019un gestor de bookmarks integrat al navegador - Adrian Jaimes<\/title>\n<meta name=\"robots\" content=\"index, follow, max-snippet:-1, max-image-preview:large, max-video-preview:-1\" \/>\n<link rel=\"canonical\" href=\"https:\/\/ajaimes.inscastellbisbal.net\/?page_id=612\" \/>\n<meta property=\"og:locale\" content=\"ca_ES\" \/>\n<meta property=\"og:type\" content=\"article\" \/>\n<meta property=\"og:title\" content=\"Utilitzaci\u00f3 d\u2019un gestor de bookmarks integrat al navegador - Adrian Jaimes\" \/>\n<meta property=\"og:description\" content=\"He instal\u00b7lat un gestor de bookmark anomenat raindrop.io.Raindrop.io \u00e9s una eina de gesti\u00f3 de marcadors que et permet guardar, organitzar i accedir f\u00e0cilment a enlla\u00e7os, articles, v\u00eddeos i altres continguts web des de qualsevol dispositiu. COM FER-HO Hi ha diferents maneres per poder descarregar aquesta extensi\u00f3, per\u00f2 la m\u00e9s senzilla \u00e9s. Per poder tenir aquesta [&hellip;]\" \/>\n<meta property=\"og:url\" content=\"https:\/\/ajaimes.inscastellbisbal.net\/?page_id=612\" \/>\n<meta property=\"og:site_name\" content=\"Adrian Jaimes\" \/>\n<meta property=\"article:modified_time\" content=\"2025-09-30T08:44:19+00:00\" \/>\n<meta property=\"og:image\" content=\"https:\/\/ajaimes.inscastellbisbal.net\/wp-content\/uploads\/2025\/09\/imagen-162.png\" \/>\n\t<meta property=\"og:image:width\" content=\"495\" \/>\n\t<meta property=\"og:image:height\" content=\"57\" \/>\n\t<meta property=\"og:image:type\" content=\"image\/png\" \/>\n<meta name=\"twitter:card\" content=\"summary_large_image\" \/>\n<meta name=\"twitter:label1\" content=\"Temps estimat de lectura\" \/>\n\t<meta name=\"twitter:data1\" content=\"1 minut\" \/>\n<script type=\"application\/ld+json\" class=\"yoast-schema-graph\">{\"@context\":\"https:\\\/\\\/schema.org\",\"@graph\":[{\"@type\":\"WebPage\",\"@id\":\"https:\\\/\\\/ajaimes.inscastellbisbal.net\\\/?page_id=612\",\"url\":\"https:\\\/\\\/ajaimes.inscastellbisbal.net\\\/?page_id=612\",\"name\":\"Utilitzaci\u00f3 d\u2019un gestor de bookmarks integrat al navegador - Adrian Jaimes\",\"isPartOf\":{\"@id\":\"https:\\\/\\\/ajaimes.inscastellbisbal.net\\\/#website\"},\"primaryImageOfPage\":{\"@id\":\"https:\\\/\\\/ajaimes.inscastellbisbal.net\\\/?page_id=612#primaryimage\"},\"image\":{\"@id\":\"https:\\\/\\\/ajaimes.inscastellbisbal.net\\\/?page_id=612#primaryimage\"},\"thumbnailUrl\":\"https:\\\/\\\/ajaimes.inscastellbisbal.net\\\/wp-content\\\/uploads\\\/2025\\\/09\\\/imagen-162.png\",\"datePublished\":\"2025-09-23T12:14:28+00:00\",\"dateModified\":\"2025-09-30T08:44:19+00:00\",\"breadcrumb\":{\"@id\":\"https:\\\/\\\/ajaimes.inscastellbisbal.net\\\/?page_id=612#breadcrumb\"},\"inLanguage\":\"ca\",\"potentialAction\":[{\"@type\":\"ReadAction\",\"target\":[\"https:\\\/\\\/ajaimes.inscastellbisbal.net\\\/?page_id=612\"]}]},{\"@type\":\"ImageObject\",\"inLanguage\":\"ca\",\"@id\":\"https:\\\/\\\/ajaimes.inscastellbisbal.net\\\/?page_id=612#primaryimage\",\"url\":\"https:\\\/\\\/ajaimes.inscastellbisbal.net\\\/wp-content\\\/uploads\\\/2025\\\/09\\\/imagen-162.png\",\"contentUrl\":\"https:\\\/\\\/ajaimes.inscastellbisbal.net\\\/wp-content\\\/uploads\\\/2025\\\/09\\\/imagen-162.png\",\"width\":495,\"height\":57},{\"@type\":\"BreadcrumbList\",\"@id\":\"https:\\\/\\\/ajaimes.inscastellbisbal.net\\\/?page_id=612#breadcrumb\",\"itemListElement\":[{\"@type\":\"ListItem\",\"position\":1,\"name\":\"Inici\",\"item\":\"https:\\\/\\\/ajaimes.inscastellbisbal.net\\\/\"},{\"@type\":\"ListItem\",\"position\":2,\"name\":\"Repte 1.1\",\"item\":\"https:\\\/\\\/ajaimes.inscastellbisbal.net\\\/?page_id=436\"},{\"@type\":\"ListItem\",\"position\":3,\"name\":\"6\ufe0f\u20e3 &#8211; \ud83c\udf10 &#8211; Plataformes Web\",\"item\":\"https:\\\/\\\/ajaimes.inscastellbisbal.net\\\/?page_id=457\"},{\"@type\":\"ListItem\",\"position\":4,\"name\":\"Utilitzaci\u00f3 d\u2019un gestor de bookmarks integrat al navegador\"}]},{\"@type\":\"WebSite\",\"@id\":\"https:\\\/\\\/ajaimes.inscastellbisbal.net\\\/#website\",\"url\":\"https:\\\/\\\/ajaimes.inscastellbisbal.net\\\/\",\"name\":\"Adrian Jaimes\",\"description\":\"S\u00f3c estudiant d&#039;inform\u00e0tica i aqu\u00ed podr\u00e0s veure el meu cam\u00ed acad\u00e8mic, els projectes que he realitzat i els coneixements que he adquirit durant la meva formaci\u00f3. Aquesta p\u00e0gina \u00e9s un reflex de la meva passi\u00f3 per la tecnologia i el meu comprom\u00eds per seguir aprenent i millorant cada dia.  Explora els meus treballs i seguiment acad\u00e8mic!\",\"publisher\":{\"@id\":\"https:\\\/\\\/ajaimes.inscastellbisbal.net\\\/#organization\"},\"potentialAction\":[{\"@type\":\"SearchAction\",\"target\":{\"@type\":\"EntryPoint\",\"urlTemplate\":\"https:\\\/\\\/ajaimes.inscastellbisbal.net\\\/?s={search_term_string}\"},\"query-input\":{\"@type\":\"PropertyValueSpecification\",\"valueRequired\":true,\"valueName\":\"search_term_string\"}}],\"inLanguage\":\"ca\"},{\"@type\":\"Organization\",\"@id\":\"https:\\\/\\\/ajaimes.inscastellbisbal.net\\\/#organization\",\"name\":\"Adrian Jaimes\",\"url\":\"https:\\\/\\\/ajaimes.inscastellbisbal.net\\\/\",\"logo\":{\"@type\":\"ImageObject\",\"inLanguage\":\"ca\",\"@id\":\"https:\\\/\\\/ajaimes.inscastellbisbal.net\\\/#\\\/schema\\\/logo\\\/image\\\/\",\"url\":\"https:\\\/\\\/ajaimes.inscastellbisbal.net\\\/wp-content\\\/uploads\\\/2025\\\/12\\\/cropped-cropped-cropped-width_550_009.webp\",\"contentUrl\":\"https:\\\/\\\/ajaimes.inscastellbisbal.net\\\/wp-content\\\/uploads\\\/2025\\\/12\\\/cropped-cropped-cropped-width_550_009.webp\",\"width\":512,\"height\":512,\"caption\":\"Adrian Jaimes\"},\"image\":{\"@id\":\"https:\\\/\\\/ajaimes.inscastellbisbal.net\\\/#\\\/schema\\\/logo\\\/image\\\/\"}}]}<\/script>\n<!-- \/ Yoast SEO plugin. -->","yoast_head_json":{"title":"Utilitzaci\u00f3 d\u2019un gestor de bookmarks integrat al navegador - Adrian Jaimes","robots":{"index":"index","follow":"follow","max-snippet":"max-snippet:-1","max-image-preview":"max-image-preview:large","max-video-preview":"max-video-preview:-1"},"canonical":"https:\/\/ajaimes.inscastellbisbal.net\/?page_id=612","og_locale":"ca_ES","og_type":"article","og_title":"Utilitzaci\u00f3 d\u2019un gestor de bookmarks integrat al navegador - Adrian Jaimes","og_description":"He instal\u00b7lat un gestor de bookmark anomenat raindrop.io.Raindrop.io \u00e9s una eina de gesti\u00f3 de marcadors que et permet guardar, organitzar i accedir f\u00e0cilment a enlla\u00e7os, articles, v\u00eddeos i altres continguts web des de qualsevol dispositiu. COM FER-HO Hi ha diferents maneres per poder descarregar aquesta extensi\u00f3, per\u00f2 la m\u00e9s senzilla \u00e9s. Per poder tenir aquesta [&hellip;]","og_url":"https:\/\/ajaimes.inscastellbisbal.net\/?page_id=612","og_site_name":"Adrian Jaimes","article_modified_time":"2025-09-30T08:44:19+00:00","og_image":[{"width":495,"height":57,"url":"https:\/\/ajaimes.inscastellbisbal.net\/wp-content\/uploads\/2025\/09\/imagen-162.png","type":"image\/png"}],"twitter_card":"summary_large_image","twitter_misc":{"Temps estimat de lectura":"1 minut"},"schema":{"@context":"https:\/\/schema.org","@graph":[{"@type":"WebPage","@id":"https:\/\/ajaimes.inscastellbisbal.net\/?page_id=612","url":"https:\/\/ajaimes.inscastellbisbal.net\/?page_id=612","name":"Utilitzaci\u00f3 d\u2019un gestor de bookmarks integrat al navegador - Adrian Jaimes","isPartOf":{"@id":"https:\/\/ajaimes.inscastellbisbal.net\/#website"},"primaryImageOfPage":{"@id":"https:\/\/ajaimes.inscastellbisbal.net\/?page_id=612#primaryimage"},"image":{"@id":"https:\/\/ajaimes.inscastellbisbal.net\/?page_id=612#primaryimage"},"thumbnailUrl":"https:\/\/ajaimes.inscastellbisbal.net\/wp-content\/uploads\/2025\/09\/imagen-162.png","datePublished":"2025-09-23T12:14:28+00:00","dateModified":"2025-09-30T08:44:19+00:00","breadcrumb":{"@id":"https:\/\/ajaimes.inscastellbisbal.net\/?page_id=612#breadcrumb"},"inLanguage":"ca","potentialAction":[{"@type":"ReadAction","target":["https:\/\/ajaimes.inscastellbisbal.net\/?page_id=612"]}]},{"@type":"ImageObject","inLanguage":"ca","@id":"https:\/\/ajaimes.inscastellbisbal.net\/?page_id=612#primaryimage","url":"https:\/\/ajaimes.inscastellbisbal.net\/wp-content\/uploads\/2025\/09\/imagen-162.png","contentUrl":"https:\/\/ajaimes.inscastellbisbal.net\/wp-content\/uploads\/2025\/09\/imagen-162.png","width":495,"height":57},{"@type":"BreadcrumbList","@id":"https:\/\/ajaimes.inscastellbisbal.net\/?page_id=612#breadcrumb","itemListElement":[{"@type":"ListItem","position":1,"name":"Inici","item":"https:\/\/ajaimes.inscastellbisbal.net\/"},{"@type":"ListItem","position":2,"name":"Repte 1.1","item":"https:\/\/ajaimes.inscastellbisbal.net\/?page_id=436"},{"@type":"ListItem","position":3,"name":"6\ufe0f\u20e3 &#8211; \ud83c\udf10 &#8211; Plataformes Web","item":"https:\/\/ajaimes.inscastellbisbal.net\/?page_id=457"},{"@type":"ListItem","position":4,"name":"Utilitzaci\u00f3 d\u2019un gestor de bookmarks integrat al navegador"}]},{"@type":"WebSite","@id":"https:\/\/ajaimes.inscastellbisbal.net\/#website","url":"https:\/\/ajaimes.inscastellbisbal.net\/","name":"Adrian Jaimes","description":"S\u00f3c estudiant d&#039;inform\u00e0tica i aqu\u00ed podr\u00e0s veure el meu cam\u00ed acad\u00e8mic, els projectes que he realitzat i els coneixements que he adquirit durant la meva formaci\u00f3. Aquesta p\u00e0gina \u00e9s un reflex de la meva passi\u00f3 per la tecnologia i el meu comprom\u00eds per seguir aprenent i millorant cada dia.  Explora els meus treballs i seguiment acad\u00e8mic!","publisher":{"@id":"https:\/\/ajaimes.inscastellbisbal.net\/#organization"},"potentialAction":[{"@type":"SearchAction","target":{"@type":"EntryPoint","urlTemplate":"https:\/\/ajaimes.inscastellbisbal.net\/?s={search_term_string}"},"query-input":{"@type":"PropertyValueSpecification","valueRequired":true,"valueName":"search_term_string"}}],"inLanguage":"ca"},{"@type":"Organization","@id":"https:\/\/ajaimes.inscastellbisbal.net\/#organization","name":"Adrian Jaimes","url":"https:\/\/ajaimes.inscastellbisbal.net\/","logo":{"@type":"ImageObject","inLanguage":"ca","@id":"https:\/\/ajaimes.inscastellbisbal.net\/#\/schema\/logo\/image\/","url":"https:\/\/ajaimes.inscastellbisbal.net\/wp-content\/uploads\/2025\/12\/cropped-cropped-cropped-width_550_009.webp","contentUrl":"https:\/\/ajaimes.inscastellbisbal.net\/wp-content\/uploads\/2025\/12\/cropped-cropped-cropped-width_550_009.webp","width":512,"height":512,"caption":"Adrian Jaimes"},"image":{"@id":"https:\/\/ajaimes.inscastellbisbal.net\/#\/schema\/logo\/image\/"}}]}},"jetpack_sharing_enabled":true,"_links":{"self":[{"href":"https:\/\/ajaimes.inscastellbisbal.net\/index.php?rest_route=\/wp\/v2\/pages\/612","targetHints":{"allow":["GET"]}}],"collection":[{"href":"https:\/\/ajaimes.inscastellbisbal.net\/index.php?rest_route=\/wp\/v2\/pages"}],"about":[{"href":"https:\/\/ajaimes.inscastellbisbal.net\/index.php?rest_route=\/wp\/v2\/types\/page"}],"author":[{"embeddable":true,"href":"https:\/\/ajaimes.inscastellbisbal.net\/index.php?rest_route=\/wp\/v2\/users\/1"}],"replies":[{"embeddable":true,"href":"https:\/\/ajaimes.inscastellbisbal.net\/index.php?rest_route=%2Fwp%2Fv2%2Fcomments&post=612"}],"version-history":[{"count":5,"href":"https:\/\/ajaimes.inscastellbisbal.net\/index.php?rest_route=\/wp\/v2\/pages\/612\/revisions"}],"predecessor-version":[{"id":871,"href":"https:\/\/ajaimes.inscastellbisbal.net\/index.php?rest_route=\/wp\/v2\/pages\/612\/revisions\/871"}],"up":[{"embeddable":true,"href":"https:\/\/ajaimes.inscastellbisbal.net\/index.php?rest_route=\/wp\/v2\/pages\/457"}],"wp:attachment":[{"href":"https:\/\/ajaimes.inscastellbisbal.net\/index.php?rest_route=%2Fwp%2Fv2%2Fmedia&parent=612"}],"curies":[{"name":"wp","href":"https:\/\/api.w.org\/{rel}","templated":true}]}}