{"id":555,"date":"2025-09-23T11:45:21","date_gmt":"2025-09-23T11:45:21","guid":{"rendered":"https:\/\/ajaimes.inscastellbisbal.net\/?page_id=555"},"modified":"2025-09-24T08:52:29","modified_gmt":"2025-09-24T08:52:29","slug":"configuracio-duna-resposta-automatica-que-informi-del-correu-corporatiu","status":"publish","type":"page","link":"https:\/\/ajaimes.inscastellbisbal.net\/?page_id=555","title":{"rendered":"Configuraci\u00f3 d&#8217;una resposta autom\u00e0tica que informi del correu corporatiu"},"content":{"rendered":"\n<p>He activat la <strong>resposta autom\u00e0tica<\/strong> al meu correu electr\u00f2nic. Aquesta funci\u00f3 \u00e9s molt pr\u00e0ctica perqu\u00e8 permet enviar un missatge predefinit de manera autom\u00e0tica a totes les persones que ens escriuen, especialment \u00fatil quan no podem respondre personalment (per exemple, durant vacances o abs\u00e8ncies).<\/p>\n\n\n\n<figure class=\"wp-block-image size-full\"><img loading=\"lazy\" decoding=\"async\" width=\"953\" height=\"262\" title=\"imagen\" src=\"https:\/\/ajaimes.inscastellbisbal.net\/wp-content\/uploads\/2025\/09\/imagen-50.png\" alt=\"\" class=\"wp-image-686\" srcset=\"https:\/\/ajaimes.inscastellbisbal.net\/wp-content\/uploads\/2025\/09\/imagen-50.png 953w, https:\/\/ajaimes.inscastellbisbal.net\/wp-content\/uploads\/2025\/09\/imagen-50-300x82.png 300w, https:\/\/ajaimes.inscastellbisbal.net\/wp-content\/uploads\/2025\/09\/imagen-50-768x211.png 768w, https:\/\/ajaimes.inscastellbisbal.net\/wp-content\/uploads\/2025\/09\/imagen-50-583x160.png 583w\" sizes=\"(max-width: 953px) 100vw, 953px\" \/><\/figure>\n\n\n\n<p>A la part superior dreta, vaig fer clic a la icona de la <strong>roda dentada<\/strong> i vaig seleccionar <strong>\u201cMostra tota la configuraci\u00f3\u201d<\/strong>.<\/p>\n\n\n\n<p>A la pestanya <strong>General<\/strong>, vaig despla\u00e7ar la p\u00e0gina cap avall fins a trobar l\u2019apartat <strong>\u201cResposta autom\u00e0tica\u201d<\/strong>.<\/p>\n\n\n\n<figure class=\"wp-block-image size-full\"><img loading=\"lazy\" decoding=\"async\" width=\"307\" height=\"395\" title=\"imagen\" src=\"https:\/\/ajaimes.inscastellbisbal.net\/wp-content\/uploads\/2025\/09\/imagen-48.png\" alt=\"\" class=\"wp-image-684\" srcset=\"https:\/\/ajaimes.inscastellbisbal.net\/wp-content\/uploads\/2025\/09\/imagen-48.png 307w, https:\/\/ajaimes.inscastellbisbal.net\/wp-content\/uploads\/2025\/09\/imagen-48-233x300.png 233w\" sizes=\"(max-width: 307px) 100vw, 307px\" \/><\/figure>\n\n\n\n<p>All\u00e0 vaig marcar l\u2019opci\u00f3 per <strong>activar-la<\/strong>.<\/p>\n\n\n\n<p>A continuaci\u00f3, vaig escriure el <strong>missatge que volia enviar autom\u00e0ticament<\/strong>. Aquest pot incloure informaci\u00f3 com ara les dates d\u2019abs\u00e8ncia, una altra adre\u00e7a de contacte o una nota indicant que respondrem m\u00e9s endavant.<\/p>\n\n\n\n<figure class=\"wp-block-image size-large\"><img loading=\"lazy\" decoding=\"async\" width=\"1024\" height=\"288\" title=\"imagen-49-1024x288\" src=\"https:\/\/ajaimes.inscastellbisbal.net\/wp-content\/uploads\/2025\/09\/imagen-49-1024x288.png\" alt=\"\" class=\"wp-image-685\" srcset=\"https:\/\/ajaimes.inscastellbisbal.net\/wp-content\/uploads\/2025\/09\/imagen-49-1024x288.png 1024w, https:\/\/ajaimes.inscastellbisbal.net\/wp-content\/uploads\/2025\/09\/imagen-49-300x84.png 300w, https:\/\/ajaimes.inscastellbisbal.net\/wp-content\/uploads\/2025\/09\/imagen-49-768x216.png 768w, https:\/\/ajaimes.inscastellbisbal.net\/wp-content\/uploads\/2025\/09\/imagen-49-583x164.png 583w, https:\/\/ajaimes.inscastellbisbal.net\/wp-content\/uploads\/2025\/09\/imagen-49.png 1219w\" sizes=\"(max-width: 1024px) 100vw, 1024px\" \/><\/figure>\n","protected":false},"excerpt":{"rendered":"<p>He activat la resposta autom\u00e0tica al meu correu electr\u00f2nic. Aquesta funci\u00f3 \u00e9s molt pr\u00e0ctica perqu\u00e8 permet enviar un missatge predefinit de manera autom\u00e0tica a totes les persones que ens escriuen, especialment \u00fatil quan no podem respondre personalment (per exemple, durant vacances o abs\u00e8ncies). A la part superior dreta, vaig fer clic a la icona de [&hellip;]<\/p>\n","protected":false},"author":1,"featured_media":0,"parent":440,"menu_order":0,"comment_status":"closed","ping_status":"closed","template":"","meta":{"saved_in_kubio":false,"_dseop_meta":"","_dseop_selected_keywords":"","footnotes":""},"class_list":["post-555","page","type-page","status-publish","hentry"],"kubio_ai_page_context":{"short_desc":"","purpose":"general"},"yoast_head":"<!-- This site is optimized with the Yoast SEO plugin v27.5 - https:\/\/yoast.com\/product\/yoast-seo-wordpress\/ -->\n<title>Configuraci\u00f3 d&#039;una resposta autom\u00e0tica que informi del correu corporatiu - Adrian Jaimes<\/title>\n<meta name=\"robots\" content=\"index, follow, max-snippet:-1, max-image-preview:large, max-video-preview:-1\" \/>\n<link rel=\"canonical\" href=\"https:\/\/ajaimes.inscastellbisbal.net\/?page_id=555\" \/>\n<meta property=\"og:locale\" content=\"ca_ES\" \/>\n<meta property=\"og:type\" content=\"article\" \/>\n<meta property=\"og:title\" content=\"Configuraci\u00f3 d&#039;una resposta autom\u00e0tica que informi del correu corporatiu - Adrian Jaimes\" \/>\n<meta property=\"og:description\" content=\"He activat la resposta autom\u00e0tica al meu correu electr\u00f2nic. Aquesta funci\u00f3 \u00e9s molt pr\u00e0ctica perqu\u00e8 permet enviar un missatge predefinit de manera autom\u00e0tica a totes les persones que ens escriuen, especialment \u00fatil quan no podem respondre personalment (per exemple, durant vacances o abs\u00e8ncies). A la part superior dreta, vaig fer clic a la icona de [&hellip;]\" \/>\n<meta property=\"og:url\" content=\"https:\/\/ajaimes.inscastellbisbal.net\/?page_id=555\" \/>\n<meta property=\"og:site_name\" content=\"Adrian Jaimes\" \/>\n<meta property=\"article:modified_time\" content=\"2025-09-24T08:52:29+00:00\" \/>\n<meta property=\"og:image\" content=\"https:\/\/ajaimes.inscastellbisbal.net\/wp-content\/uploads\/2025\/09\/imagen-50.png\" \/>\n\t<meta property=\"og:image:width\" content=\"953\" \/>\n\t<meta property=\"og:image:height\" content=\"262\" \/>\n\t<meta property=\"og:image:type\" content=\"image\/png\" \/>\n<meta name=\"twitter:card\" content=\"summary_large_image\" \/>\n<meta name=\"twitter:label1\" content=\"Temps estimat de lectura\" \/>\n\t<meta name=\"twitter:data1\" content=\"1 minut\" \/>\n<script type=\"application\/ld+json\" class=\"yoast-schema-graph\">{\"@context\":\"https:\\\/\\\/schema.org\",\"@graph\":[{\"@type\":\"WebPage\",\"@id\":\"https:\\\/\\\/ajaimes.inscastellbisbal.net\\\/?page_id=555\",\"url\":\"https:\\\/\\\/ajaimes.inscastellbisbal.net\\\/?page_id=555\",\"name\":\"Configuraci\u00f3 d'una resposta autom\u00e0tica que informi del correu corporatiu - Adrian Jaimes\",\"isPartOf\":{\"@id\":\"https:\\\/\\\/ajaimes.inscastellbisbal.net\\\/#website\"},\"primaryImageOfPage\":{\"@id\":\"https:\\\/\\\/ajaimes.inscastellbisbal.net\\\/?page_id=555#primaryimage\"},\"image\":{\"@id\":\"https:\\\/\\\/ajaimes.inscastellbisbal.net\\\/?page_id=555#primaryimage\"},\"thumbnailUrl\":\"https:\\\/\\\/ajaimes.inscastellbisbal.net\\\/wp-content\\\/uploads\\\/2025\\\/09\\\/imagen-50.png\",\"datePublished\":\"2025-09-23T11:45:21+00:00\",\"dateModified\":\"2025-09-24T08:52:29+00:00\",\"breadcrumb\":{\"@id\":\"https:\\\/\\\/ajaimes.inscastellbisbal.net\\\/?page_id=555#breadcrumb\"},\"inLanguage\":\"ca\",\"potentialAction\":[{\"@type\":\"ReadAction\",\"target\":[\"https:\\\/\\\/ajaimes.inscastellbisbal.net\\\/?page_id=555\"]}]},{\"@type\":\"ImageObject\",\"inLanguage\":\"ca\",\"@id\":\"https:\\\/\\\/ajaimes.inscastellbisbal.net\\\/?page_id=555#primaryimage\",\"url\":\"https:\\\/\\\/ajaimes.inscastellbisbal.net\\\/wp-content\\\/uploads\\\/2025\\\/09\\\/imagen-50.png\",\"contentUrl\":\"https:\\\/\\\/ajaimes.inscastellbisbal.net\\\/wp-content\\\/uploads\\\/2025\\\/09\\\/imagen-50.png\",\"width\":953,\"height\":262},{\"@type\":\"BreadcrumbList\",\"@id\":\"https:\\\/\\\/ajaimes.inscastellbisbal.net\\\/?page_id=555#breadcrumb\",\"itemListElement\":[{\"@type\":\"ListItem\",\"position\":1,\"name\":\"Inici\",\"item\":\"https:\\\/\\\/ajaimes.inscastellbisbal.net\\\/\"},{\"@type\":\"ListItem\",\"position\":2,\"name\":\"Repte 1.1\",\"item\":\"https:\\\/\\\/ajaimes.inscastellbisbal.net\\\/?page_id=436\"},{\"@type\":\"ListItem\",\"position\":3,\"name\":\"2\ufe0f\u20e3 &#8211; \u2709\ufe0f &#8211; Correu professional\",\"item\":\"https:\\\/\\\/ajaimes.inscastellbisbal.net\\\/?page_id=440\"},{\"@type\":\"ListItem\",\"position\":4,\"name\":\"Configuraci\u00f3 d&#8217;una resposta autom\u00e0tica que informi del correu corporatiu\"}]},{\"@type\":\"WebSite\",\"@id\":\"https:\\\/\\\/ajaimes.inscastellbisbal.net\\\/#website\",\"url\":\"https:\\\/\\\/ajaimes.inscastellbisbal.net\\\/\",\"name\":\"Adrian Jaimes\",\"description\":\"S\u00f3c estudiant d&#039;inform\u00e0tica i aqu\u00ed podr\u00e0s veure el meu cam\u00ed acad\u00e8mic, els projectes que he realitzat i els coneixements que he adquirit durant la meva formaci\u00f3. Aquesta p\u00e0gina \u00e9s un reflex de la meva passi\u00f3 per la tecnologia i el meu comprom\u00eds per seguir aprenent i millorant cada dia.  Explora els meus treballs i seguiment acad\u00e8mic!\",\"publisher\":{\"@id\":\"https:\\\/\\\/ajaimes.inscastellbisbal.net\\\/#organization\"},\"potentialAction\":[{\"@type\":\"SearchAction\",\"target\":{\"@type\":\"EntryPoint\",\"urlTemplate\":\"https:\\\/\\\/ajaimes.inscastellbisbal.net\\\/?s={search_term_string}\"},\"query-input\":{\"@type\":\"PropertyValueSpecification\",\"valueRequired\":true,\"valueName\":\"search_term_string\"}}],\"inLanguage\":\"ca\"},{\"@type\":\"Organization\",\"@id\":\"https:\\\/\\\/ajaimes.inscastellbisbal.net\\\/#organization\",\"name\":\"Adrian Jaimes\",\"url\":\"https:\\\/\\\/ajaimes.inscastellbisbal.net\\\/\",\"logo\":{\"@type\":\"ImageObject\",\"inLanguage\":\"ca\",\"@id\":\"https:\\\/\\\/ajaimes.inscastellbisbal.net\\\/#\\\/schema\\\/logo\\\/image\\\/\",\"url\":\"https:\\\/\\\/ajaimes.inscastellbisbal.net\\\/wp-content\\\/uploads\\\/2025\\\/12\\\/cropped-cropped-cropped-width_550_009.webp\",\"contentUrl\":\"https:\\\/\\\/ajaimes.inscastellbisbal.net\\\/wp-content\\\/uploads\\\/2025\\\/12\\\/cropped-cropped-cropped-width_550_009.webp\",\"width\":512,\"height\":512,\"caption\":\"Adrian Jaimes\"},\"image\":{\"@id\":\"https:\\\/\\\/ajaimes.inscastellbisbal.net\\\/#\\\/schema\\\/logo\\\/image\\\/\"}}]}<\/script>\n<!-- \/ Yoast SEO plugin. -->","yoast_head_json":{"title":"Configuraci\u00f3 d'una resposta autom\u00e0tica que informi del correu corporatiu - Adrian Jaimes","robots":{"index":"index","follow":"follow","max-snippet":"max-snippet:-1","max-image-preview":"max-image-preview:large","max-video-preview":"max-video-preview:-1"},"canonical":"https:\/\/ajaimes.inscastellbisbal.net\/?page_id=555","og_locale":"ca_ES","og_type":"article","og_title":"Configuraci\u00f3 d'una resposta autom\u00e0tica que informi del correu corporatiu - Adrian Jaimes","og_description":"He activat la resposta autom\u00e0tica al meu correu electr\u00f2nic. Aquesta funci\u00f3 \u00e9s molt pr\u00e0ctica perqu\u00e8 permet enviar un missatge predefinit de manera autom\u00e0tica a totes les persones que ens escriuen, especialment \u00fatil quan no podem respondre personalment (per exemple, durant vacances o abs\u00e8ncies). A la part superior dreta, vaig fer clic a la icona de [&hellip;]","og_url":"https:\/\/ajaimes.inscastellbisbal.net\/?page_id=555","og_site_name":"Adrian Jaimes","article_modified_time":"2025-09-24T08:52:29+00:00","og_image":[{"width":953,"height":262,"url":"https:\/\/ajaimes.inscastellbisbal.net\/wp-content\/uploads\/2025\/09\/imagen-50.png","type":"image\/png"}],"twitter_card":"summary_large_image","twitter_misc":{"Temps estimat de lectura":"1 minut"},"schema":{"@context":"https:\/\/schema.org","@graph":[{"@type":"WebPage","@id":"https:\/\/ajaimes.inscastellbisbal.net\/?page_id=555","url":"https:\/\/ajaimes.inscastellbisbal.net\/?page_id=555","name":"Configuraci\u00f3 d'una resposta autom\u00e0tica que informi del correu corporatiu - Adrian Jaimes","isPartOf":{"@id":"https:\/\/ajaimes.inscastellbisbal.net\/#website"},"primaryImageOfPage":{"@id":"https:\/\/ajaimes.inscastellbisbal.net\/?page_id=555#primaryimage"},"image":{"@id":"https:\/\/ajaimes.inscastellbisbal.net\/?page_id=555#primaryimage"},"thumbnailUrl":"https:\/\/ajaimes.inscastellbisbal.net\/wp-content\/uploads\/2025\/09\/imagen-50.png","datePublished":"2025-09-23T11:45:21+00:00","dateModified":"2025-09-24T08:52:29+00:00","breadcrumb":{"@id":"https:\/\/ajaimes.inscastellbisbal.net\/?page_id=555#breadcrumb"},"inLanguage":"ca","potentialAction":[{"@type":"ReadAction","target":["https:\/\/ajaimes.inscastellbisbal.net\/?page_id=555"]}]},{"@type":"ImageObject","inLanguage":"ca","@id":"https:\/\/ajaimes.inscastellbisbal.net\/?page_id=555#primaryimage","url":"https:\/\/ajaimes.inscastellbisbal.net\/wp-content\/uploads\/2025\/09\/imagen-50.png","contentUrl":"https:\/\/ajaimes.inscastellbisbal.net\/wp-content\/uploads\/2025\/09\/imagen-50.png","width":953,"height":262},{"@type":"BreadcrumbList","@id":"https:\/\/ajaimes.inscastellbisbal.net\/?page_id=555#breadcrumb","itemListElement":[{"@type":"ListItem","position":1,"name":"Inici","item":"https:\/\/ajaimes.inscastellbisbal.net\/"},{"@type":"ListItem","position":2,"name":"Repte 1.1","item":"https:\/\/ajaimes.inscastellbisbal.net\/?page_id=436"},{"@type":"ListItem","position":3,"name":"2\ufe0f\u20e3 &#8211; \u2709\ufe0f &#8211; Correu professional","item":"https:\/\/ajaimes.inscastellbisbal.net\/?page_id=440"},{"@type":"ListItem","position":4,"name":"Configuraci\u00f3 d&#8217;una resposta autom\u00e0tica que informi del correu corporatiu"}]},{"@type":"WebSite","@id":"https:\/\/ajaimes.inscastellbisbal.net\/#website","url":"https:\/\/ajaimes.inscastellbisbal.net\/","name":"Adrian Jaimes","description":"S\u00f3c estudiant d&#039;inform\u00e0tica i aqu\u00ed podr\u00e0s veure el meu cam\u00ed acad\u00e8mic, els projectes que he realitzat i els coneixements que he adquirit durant la meva formaci\u00f3. Aquesta p\u00e0gina \u00e9s un reflex de la meva passi\u00f3 per la tecnologia i el meu comprom\u00eds per seguir aprenent i millorant cada dia.  Explora els meus treballs i seguiment acad\u00e8mic!","publisher":{"@id":"https:\/\/ajaimes.inscastellbisbal.net\/#organization"},"potentialAction":[{"@type":"SearchAction","target":{"@type":"EntryPoint","urlTemplate":"https:\/\/ajaimes.inscastellbisbal.net\/?s={search_term_string}"},"query-input":{"@type":"PropertyValueSpecification","valueRequired":true,"valueName":"search_term_string"}}],"inLanguage":"ca"},{"@type":"Organization","@id":"https:\/\/ajaimes.inscastellbisbal.net\/#organization","name":"Adrian Jaimes","url":"https:\/\/ajaimes.inscastellbisbal.net\/","logo":{"@type":"ImageObject","inLanguage":"ca","@id":"https:\/\/ajaimes.inscastellbisbal.net\/#\/schema\/logo\/image\/","url":"https:\/\/ajaimes.inscastellbisbal.net\/wp-content\/uploads\/2025\/12\/cropped-cropped-cropped-width_550_009.webp","contentUrl":"https:\/\/ajaimes.inscastellbisbal.net\/wp-content\/uploads\/2025\/12\/cropped-cropped-cropped-width_550_009.webp","width":512,"height":512,"caption":"Adrian Jaimes"},"image":{"@id":"https:\/\/ajaimes.inscastellbisbal.net\/#\/schema\/logo\/image\/"}}]}},"jetpack_sharing_enabled":true,"_links":{"self":[{"href":"https:\/\/ajaimes.inscastellbisbal.net\/index.php?rest_route=\/wp\/v2\/pages\/555","targetHints":{"allow":["GET"]}}],"collection":[{"href":"https:\/\/ajaimes.inscastellbisbal.net\/index.php?rest_route=\/wp\/v2\/pages"}],"about":[{"href":"https:\/\/ajaimes.inscastellbisbal.net\/index.php?rest_route=\/wp\/v2\/types\/page"}],"author":[{"embeddable":true,"href":"https:\/\/ajaimes.inscastellbisbal.net\/index.php?rest_route=\/wp\/v2\/users\/1"}],"replies":[{"embeddable":true,"href":"https:\/\/ajaimes.inscastellbisbal.net\/index.php?rest_route=%2Fwp%2Fv2%2Fcomments&post=555"}],"version-history":[{"count":3,"href":"https:\/\/ajaimes.inscastellbisbal.net\/index.php?rest_route=\/wp\/v2\/pages\/555\/revisions"}],"predecessor-version":[{"id":687,"href":"https:\/\/ajaimes.inscastellbisbal.net\/index.php?rest_route=\/wp\/v2\/pages\/555\/revisions\/687"}],"up":[{"embeddable":true,"href":"https:\/\/ajaimes.inscastellbisbal.net\/index.php?rest_route=\/wp\/v2\/pages\/440"}],"wp:attachment":[{"href":"https:\/\/ajaimes.inscastellbisbal.net\/index.php?rest_route=%2Fwp%2Fv2%2Fmedia&parent=555"}],"curies":[{"name":"wp","href":"https:\/\/api.w.org\/{rel}","templated":true}]}}