{"id":553,"date":"2025-09-23T11:43:26","date_gmt":"2025-09-23T11:43:26","guid":{"rendered":"https:\/\/ajaimes.inscastellbisbal.net\/?page_id=553"},"modified":"2025-10-01T10:02:56","modified_gmt":"2025-10-01T10:02:56","slug":"enviament-de-correus-en-nom-daquest-compte-des-del-correu-corporatiu","status":"publish","type":"page","link":"https:\/\/ajaimes.inscastellbisbal.net\/?page_id=553","title":{"rendered":"Enviament de correus en nom d&#8217;aquest compte des del correu corporatiu"},"content":{"rendered":"\n<p><strong>COM FER-HO<\/strong><\/p>\n\n\n\n<p>Per poder fer aquest apartat haurem d&#8217;anar a la conguiraci\u00f3 general del nostre gmail.Una hi veus anar a la pestanya de comptes i li donem a l&#8217;aparell d&#8217;afegir un corre. Una vegada fet ens sortir\u00e0 una pestanya emergent el qual ens demana que inici\u00efs sessi\u00f3 amb els comptes que volem que reenvi\u00efn els correus per\u00f2 l&#8217;erro que ocaciona \u00e9s que la contrasenya et diu que \u00e9s un error, aix\u00f2 \u00e9s degut al fet que la xarxa del nostre centre educatiu no deixa posar cap contrasenya v\u00e0lida.<\/p>\n\n\n\n<figure class=\"wp-block-image size-full\"><img loading=\"lazy\" decoding=\"async\" width=\"279\" height=\"489\" title=\"imagen\" src=\"https:\/\/ajaimes.inscastellbisbal.net\/wp-content\/uploads\/2025\/10\/imagen-3.png\" alt=\"\" class=\"wp-image-1062\" srcset=\"https:\/\/ajaimes.inscastellbisbal.net\/wp-content\/uploads\/2025\/10\/imagen-3.png 279w, https:\/\/ajaimes.inscastellbisbal.net\/wp-content\/uploads\/2025\/10\/imagen-3-171x300.png 171w\" sizes=\"(max-width: 279px) 100vw, 279px\" \/><\/figure>\n\n\n\n<figure class=\"wp-block-image size-full\"><img loading=\"lazy\" decoding=\"async\" width=\"75\" height=\"40\" title=\"imagen\" src=\"https:\/\/ajaimes.inscastellbisbal.net\/wp-content\/uploads\/2025\/10\/imagen-4.png\" alt=\"\" class=\"wp-image-1063\"\/><\/figure>\n\n\n\n<figure class=\"wp-block-image size-large\"><img loading=\"lazy\" decoding=\"async\" width=\"1024\" height=\"92\" title=\"imagen-2-1024x92\" src=\"https:\/\/ajaimes.inscastellbisbal.net\/wp-content\/uploads\/2025\/10\/imagen-2-1024x92.png\" alt=\"\" class=\"wp-image-1061\" srcset=\"https:\/\/ajaimes.inscastellbisbal.net\/wp-content\/uploads\/2025\/10\/imagen-2-1024x92.png 1024w, https:\/\/ajaimes.inscastellbisbal.net\/wp-content\/uploads\/2025\/10\/imagen-2-300x27.png 300w, https:\/\/ajaimes.inscastellbisbal.net\/wp-content\/uploads\/2025\/10\/imagen-2-768x69.png 768w, https:\/\/ajaimes.inscastellbisbal.net\/wp-content\/uploads\/2025\/10\/imagen-2-496x44.png 496w, https:\/\/ajaimes.inscastellbisbal.net\/wp-content\/uploads\/2025\/10\/imagen-2.png 1141w\" sizes=\"(max-width: 1024px) 100vw, 1024px\" \/><\/figure>\n\n\n\n<figure class=\"wp-block-image size-full\"><img loading=\"lazy\" decoding=\"async\" width=\"614\" height=\"505\" title=\"imagen\" src=\"https:\/\/ajaimes.inscastellbisbal.net\/wp-content\/uploads\/2025\/10\/imagen-5.png\" alt=\"\" class=\"wp-image-1065\" srcset=\"https:\/\/ajaimes.inscastellbisbal.net\/wp-content\/uploads\/2025\/10\/imagen-5.png 614w, https:\/\/ajaimes.inscastellbisbal.net\/wp-content\/uploads\/2025\/10\/imagen-5-300x247.png 300w, https:\/\/ajaimes.inscastellbisbal.net\/wp-content\/uploads\/2025\/10\/imagen-5-365x300.png 365w\" sizes=\"(max-width: 614px) 100vw, 614px\" \/><\/figure>\n\n\n\n<figure class=\"wp-block-image size-full\"><img loading=\"lazy\" decoding=\"async\" width=\"620\" height=\"510\" title=\"imagen\" src=\"https:\/\/ajaimes.inscastellbisbal.net\/wp-content\/uploads\/2025\/09\/imagen-117.png\" alt=\"\" class=\"wp-image-763\" srcset=\"https:\/\/ajaimes.inscastellbisbal.net\/wp-content\/uploads\/2025\/09\/imagen-117.png 620w, https:\/\/ajaimes.inscastellbisbal.net\/wp-content\/uploads\/2025\/09\/imagen-117-300x247.png 300w, https:\/\/ajaimes.inscastellbisbal.net\/wp-content\/uploads\/2025\/09\/imagen-117-365x300.png 365w\" sizes=\"(max-width: 620px) 100vw, 620px\" \/><\/figure>\n","protected":false},"excerpt":{"rendered":"<p>COM FER-HO Per poder fer aquest apartat haurem d&#8217;anar a la conguiraci\u00f3 general del nostre gmail.Una hi veus anar a la pestanya de comptes i li donem a l&#8217;aparell d&#8217;afegir un corre. Una vegada fet ens sortir\u00e0 una pestanya emergent el qual ens demana que inici\u00efs sessi\u00f3 amb els comptes que volem que reenvi\u00efn els [&hellip;]<\/p>\n","protected":false},"author":1,"featured_media":0,"parent":440,"menu_order":0,"comment_status":"closed","ping_status":"closed","template":"","meta":{"saved_in_kubio":false,"_dseop_meta":"","_dseop_selected_keywords":"","footnotes":""},"class_list":["post-553","page","type-page","status-publish","hentry"],"kubio_ai_page_context":{"short_desc":"","purpose":"general"},"yoast_head":"<!-- This site is optimized with the Yoast SEO plugin v27.5 - https:\/\/yoast.com\/product\/yoast-seo-wordpress\/ -->\n<title>Enviament de correus en nom d&#039;aquest compte des del correu corporatiu - Adrian Jaimes<\/title>\n<meta name=\"robots\" content=\"index, follow, max-snippet:-1, max-image-preview:large, max-video-preview:-1\" \/>\n<link rel=\"canonical\" href=\"https:\/\/ajaimes.inscastellbisbal.net\/?page_id=553\" \/>\n<meta property=\"og:locale\" content=\"ca_ES\" \/>\n<meta property=\"og:type\" content=\"article\" \/>\n<meta property=\"og:title\" content=\"Enviament de correus en nom d&#039;aquest compte des del correu corporatiu - Adrian Jaimes\" \/>\n<meta property=\"og:description\" content=\"COM FER-HO Per poder fer aquest apartat haurem d&#8217;anar a la conguiraci\u00f3 general del nostre gmail.Una hi veus anar a la pestanya de comptes i li donem a l&#8217;aparell d&#8217;afegir un corre. Una vegada fet ens sortir\u00e0 una pestanya emergent el qual ens demana que inici\u00efs sessi\u00f3 amb els comptes que volem que reenvi\u00efn els [&hellip;]\" \/>\n<meta property=\"og:url\" content=\"https:\/\/ajaimes.inscastellbisbal.net\/?page_id=553\" \/>\n<meta property=\"og:site_name\" content=\"Adrian Jaimes\" \/>\n<meta property=\"article:modified_time\" content=\"2025-10-01T10:02:56+00:00\" \/>\n<meta property=\"og:image\" content=\"https:\/\/ajaimes.inscastellbisbal.net\/wp-content\/uploads\/2025\/10\/imagen-3.png\" \/>\n\t<meta property=\"og:image:width\" content=\"279\" \/>\n\t<meta property=\"og:image:height\" content=\"489\" \/>\n\t<meta property=\"og:image:type\" content=\"image\/png\" \/>\n<meta name=\"twitter:card\" content=\"summary_large_image\" \/>\n<meta name=\"twitter:label1\" content=\"Temps estimat de lectura\" \/>\n\t<meta name=\"twitter:data1\" content=\"2 minuts\" \/>\n<script type=\"application\/ld+json\" class=\"yoast-schema-graph\">{\"@context\":\"https:\\\/\\\/schema.org\",\"@graph\":[{\"@type\":\"WebPage\",\"@id\":\"https:\\\/\\\/ajaimes.inscastellbisbal.net\\\/?page_id=553\",\"url\":\"https:\\\/\\\/ajaimes.inscastellbisbal.net\\\/?page_id=553\",\"name\":\"Enviament de correus en nom d'aquest compte des del correu corporatiu - Adrian Jaimes\",\"isPartOf\":{\"@id\":\"https:\\\/\\\/ajaimes.inscastellbisbal.net\\\/#website\"},\"primaryImageOfPage\":{\"@id\":\"https:\\\/\\\/ajaimes.inscastellbisbal.net\\\/?page_id=553#primaryimage\"},\"image\":{\"@id\":\"https:\\\/\\\/ajaimes.inscastellbisbal.net\\\/?page_id=553#primaryimage\"},\"thumbnailUrl\":\"https:\\\/\\\/ajaimes.inscastellbisbal.net\\\/wp-content\\\/uploads\\\/2025\\\/10\\\/imagen-3.png\",\"datePublished\":\"2025-09-23T11:43:26+00:00\",\"dateModified\":\"2025-10-01T10:02:56+00:00\",\"breadcrumb\":{\"@id\":\"https:\\\/\\\/ajaimes.inscastellbisbal.net\\\/?page_id=553#breadcrumb\"},\"inLanguage\":\"ca\",\"potentialAction\":[{\"@type\":\"ReadAction\",\"target\":[\"https:\\\/\\\/ajaimes.inscastellbisbal.net\\\/?page_id=553\"]}]},{\"@type\":\"ImageObject\",\"inLanguage\":\"ca\",\"@id\":\"https:\\\/\\\/ajaimes.inscastellbisbal.net\\\/?page_id=553#primaryimage\",\"url\":\"https:\\\/\\\/ajaimes.inscastellbisbal.net\\\/wp-content\\\/uploads\\\/2025\\\/10\\\/imagen-3.png\",\"contentUrl\":\"https:\\\/\\\/ajaimes.inscastellbisbal.net\\\/wp-content\\\/uploads\\\/2025\\\/10\\\/imagen-3.png\",\"width\":279,\"height\":489},{\"@type\":\"BreadcrumbList\",\"@id\":\"https:\\\/\\\/ajaimes.inscastellbisbal.net\\\/?page_id=553#breadcrumb\",\"itemListElement\":[{\"@type\":\"ListItem\",\"position\":1,\"name\":\"Inici\",\"item\":\"https:\\\/\\\/ajaimes.inscastellbisbal.net\\\/\"},{\"@type\":\"ListItem\",\"position\":2,\"name\":\"Repte 1.1\",\"item\":\"https:\\\/\\\/ajaimes.inscastellbisbal.net\\\/?page_id=436\"},{\"@type\":\"ListItem\",\"position\":3,\"name\":\"2\ufe0f\u20e3 &#8211; \u2709\ufe0f &#8211; Correu professional\",\"item\":\"https:\\\/\\\/ajaimes.inscastellbisbal.net\\\/?page_id=440\"},{\"@type\":\"ListItem\",\"position\":4,\"name\":\"Enviament de correus en nom d&#8217;aquest compte des del correu corporatiu\"}]},{\"@type\":\"WebSite\",\"@id\":\"https:\\\/\\\/ajaimes.inscastellbisbal.net\\\/#website\",\"url\":\"https:\\\/\\\/ajaimes.inscastellbisbal.net\\\/\",\"name\":\"Adrian Jaimes\",\"description\":\"S\u00f3c estudiant d&#039;inform\u00e0tica i aqu\u00ed podr\u00e0s veure el meu cam\u00ed acad\u00e8mic, els projectes que he realitzat i els coneixements que he adquirit durant la meva formaci\u00f3. Aquesta p\u00e0gina \u00e9s un reflex de la meva passi\u00f3 per la tecnologia i el meu comprom\u00eds per seguir aprenent i millorant cada dia.  Explora els meus treballs i seguiment acad\u00e8mic!\",\"publisher\":{\"@id\":\"https:\\\/\\\/ajaimes.inscastellbisbal.net\\\/#organization\"},\"potentialAction\":[{\"@type\":\"SearchAction\",\"target\":{\"@type\":\"EntryPoint\",\"urlTemplate\":\"https:\\\/\\\/ajaimes.inscastellbisbal.net\\\/?s={search_term_string}\"},\"query-input\":{\"@type\":\"PropertyValueSpecification\",\"valueRequired\":true,\"valueName\":\"search_term_string\"}}],\"inLanguage\":\"ca\"},{\"@type\":\"Organization\",\"@id\":\"https:\\\/\\\/ajaimes.inscastellbisbal.net\\\/#organization\",\"name\":\"Adrian Jaimes\",\"url\":\"https:\\\/\\\/ajaimes.inscastellbisbal.net\\\/\",\"logo\":{\"@type\":\"ImageObject\",\"inLanguage\":\"ca\",\"@id\":\"https:\\\/\\\/ajaimes.inscastellbisbal.net\\\/#\\\/schema\\\/logo\\\/image\\\/\",\"url\":\"https:\\\/\\\/ajaimes.inscastellbisbal.net\\\/wp-content\\\/uploads\\\/2025\\\/12\\\/cropped-cropped-cropped-width_550_009.webp\",\"contentUrl\":\"https:\\\/\\\/ajaimes.inscastellbisbal.net\\\/wp-content\\\/uploads\\\/2025\\\/12\\\/cropped-cropped-cropped-width_550_009.webp\",\"width\":512,\"height\":512,\"caption\":\"Adrian Jaimes\"},\"image\":{\"@id\":\"https:\\\/\\\/ajaimes.inscastellbisbal.net\\\/#\\\/schema\\\/logo\\\/image\\\/\"}}]}<\/script>\n<!-- \/ Yoast SEO plugin. -->","yoast_head_json":{"title":"Enviament de correus en nom d'aquest compte des del correu corporatiu - Adrian Jaimes","robots":{"index":"index","follow":"follow","max-snippet":"max-snippet:-1","max-image-preview":"max-image-preview:large","max-video-preview":"max-video-preview:-1"},"canonical":"https:\/\/ajaimes.inscastellbisbal.net\/?page_id=553","og_locale":"ca_ES","og_type":"article","og_title":"Enviament de correus en nom d'aquest compte des del correu corporatiu - Adrian Jaimes","og_description":"COM FER-HO Per poder fer aquest apartat haurem d&#8217;anar a la conguiraci\u00f3 general del nostre gmail.Una hi veus anar a la pestanya de comptes i li donem a l&#8217;aparell d&#8217;afegir un corre. Una vegada fet ens sortir\u00e0 una pestanya emergent el qual ens demana que inici\u00efs sessi\u00f3 amb els comptes que volem que reenvi\u00efn els [&hellip;]","og_url":"https:\/\/ajaimes.inscastellbisbal.net\/?page_id=553","og_site_name":"Adrian Jaimes","article_modified_time":"2025-10-01T10:02:56+00:00","og_image":[{"width":279,"height":489,"url":"https:\/\/ajaimes.inscastellbisbal.net\/wp-content\/uploads\/2025\/10\/imagen-3.png","type":"image\/png"}],"twitter_card":"summary_large_image","twitter_misc":{"Temps estimat de lectura":"2 minuts"},"schema":{"@context":"https:\/\/schema.org","@graph":[{"@type":"WebPage","@id":"https:\/\/ajaimes.inscastellbisbal.net\/?page_id=553","url":"https:\/\/ajaimes.inscastellbisbal.net\/?page_id=553","name":"Enviament de correus en nom d'aquest compte des del correu corporatiu - Adrian Jaimes","isPartOf":{"@id":"https:\/\/ajaimes.inscastellbisbal.net\/#website"},"primaryImageOfPage":{"@id":"https:\/\/ajaimes.inscastellbisbal.net\/?page_id=553#primaryimage"},"image":{"@id":"https:\/\/ajaimes.inscastellbisbal.net\/?page_id=553#primaryimage"},"thumbnailUrl":"https:\/\/ajaimes.inscastellbisbal.net\/wp-content\/uploads\/2025\/10\/imagen-3.png","datePublished":"2025-09-23T11:43:26+00:00","dateModified":"2025-10-01T10:02:56+00:00","breadcrumb":{"@id":"https:\/\/ajaimes.inscastellbisbal.net\/?page_id=553#breadcrumb"},"inLanguage":"ca","potentialAction":[{"@type":"ReadAction","target":["https:\/\/ajaimes.inscastellbisbal.net\/?page_id=553"]}]},{"@type":"ImageObject","inLanguage":"ca","@id":"https:\/\/ajaimes.inscastellbisbal.net\/?page_id=553#primaryimage","url":"https:\/\/ajaimes.inscastellbisbal.net\/wp-content\/uploads\/2025\/10\/imagen-3.png","contentUrl":"https:\/\/ajaimes.inscastellbisbal.net\/wp-content\/uploads\/2025\/10\/imagen-3.png","width":279,"height":489},{"@type":"BreadcrumbList","@id":"https:\/\/ajaimes.inscastellbisbal.net\/?page_id=553#breadcrumb","itemListElement":[{"@type":"ListItem","position":1,"name":"Inici","item":"https:\/\/ajaimes.inscastellbisbal.net\/"},{"@type":"ListItem","position":2,"name":"Repte 1.1","item":"https:\/\/ajaimes.inscastellbisbal.net\/?page_id=436"},{"@type":"ListItem","position":3,"name":"2\ufe0f\u20e3 &#8211; \u2709\ufe0f &#8211; Correu professional","item":"https:\/\/ajaimes.inscastellbisbal.net\/?page_id=440"},{"@type":"ListItem","position":4,"name":"Enviament de correus en nom d&#8217;aquest compte des del correu corporatiu"}]},{"@type":"WebSite","@id":"https:\/\/ajaimes.inscastellbisbal.net\/#website","url":"https:\/\/ajaimes.inscastellbisbal.net\/","name":"Adrian Jaimes","description":"S\u00f3c estudiant d&#039;inform\u00e0tica i aqu\u00ed podr\u00e0s veure el meu cam\u00ed acad\u00e8mic, els projectes que he realitzat i els coneixements que he adquirit durant la meva formaci\u00f3. Aquesta p\u00e0gina \u00e9s un reflex de la meva passi\u00f3 per la tecnologia i el meu comprom\u00eds per seguir aprenent i millorant cada dia.  Explora els meus treballs i seguiment acad\u00e8mic!","publisher":{"@id":"https:\/\/ajaimes.inscastellbisbal.net\/#organization"},"potentialAction":[{"@type":"SearchAction","target":{"@type":"EntryPoint","urlTemplate":"https:\/\/ajaimes.inscastellbisbal.net\/?s={search_term_string}"},"query-input":{"@type":"PropertyValueSpecification","valueRequired":true,"valueName":"search_term_string"}}],"inLanguage":"ca"},{"@type":"Organization","@id":"https:\/\/ajaimes.inscastellbisbal.net\/#organization","name":"Adrian Jaimes","url":"https:\/\/ajaimes.inscastellbisbal.net\/","logo":{"@type":"ImageObject","inLanguage":"ca","@id":"https:\/\/ajaimes.inscastellbisbal.net\/#\/schema\/logo\/image\/","url":"https:\/\/ajaimes.inscastellbisbal.net\/wp-content\/uploads\/2025\/12\/cropped-cropped-cropped-width_550_009.webp","contentUrl":"https:\/\/ajaimes.inscastellbisbal.net\/wp-content\/uploads\/2025\/12\/cropped-cropped-cropped-width_550_009.webp","width":512,"height":512,"caption":"Adrian Jaimes"},"image":{"@id":"https:\/\/ajaimes.inscastellbisbal.net\/#\/schema\/logo\/image\/"}}]}},"jetpack_sharing_enabled":true,"_links":{"self":[{"href":"https:\/\/ajaimes.inscastellbisbal.net\/index.php?rest_route=\/wp\/v2\/pages\/553","targetHints":{"allow":["GET"]}}],"collection":[{"href":"https:\/\/ajaimes.inscastellbisbal.net\/index.php?rest_route=\/wp\/v2\/pages"}],"about":[{"href":"https:\/\/ajaimes.inscastellbisbal.net\/index.php?rest_route=\/wp\/v2\/types\/page"}],"author":[{"embeddable":true,"href":"https:\/\/ajaimes.inscastellbisbal.net\/index.php?rest_route=\/wp\/v2\/users\/1"}],"replies":[{"embeddable":true,"href":"https:\/\/ajaimes.inscastellbisbal.net\/index.php?rest_route=%2Fwp%2Fv2%2Fcomments&post=553"}],"version-history":[{"count":6,"href":"https:\/\/ajaimes.inscastellbisbal.net\/index.php?rest_route=\/wp\/v2\/pages\/553\/revisions"}],"predecessor-version":[{"id":1067,"href":"https:\/\/ajaimes.inscastellbisbal.net\/index.php?rest_route=\/wp\/v2\/pages\/553\/revisions\/1067"}],"up":[{"embeddable":true,"href":"https:\/\/ajaimes.inscastellbisbal.net\/index.php?rest_route=\/wp\/v2\/pages\/440"}],"wp:attachment":[{"href":"https:\/\/ajaimes.inscastellbisbal.net\/index.php?rest_route=%2Fwp%2Fv2%2Fmedia&parent=553"}],"curies":[{"name":"wp","href":"https:\/\/api.w.org\/{rel}","templated":true}]}}