{"id":545,"date":"2025-09-23T11:39:12","date_gmt":"2025-09-23T11:39:12","guid":{"rendered":"https:\/\/ajaimes.inscastellbisbal.net\/?page_id=545"},"modified":"2025-09-24T06:50:11","modified_gmt":"2025-09-24T06:50:11","slug":"creacio-dun-correu-per-temes-academics-i-professionals-identificatiu","status":"publish","type":"page","link":"https:\/\/ajaimes.inscastellbisbal.net\/?page_id=545","title":{"rendered":"Creaci\u00f3 d&#8217;un correu per temes acad\u00e8mics i professionals identificatiu"},"content":{"rendered":"\n<p>He creat un correu personal des de la p\u00e0gina principal de Google.<\/p>\n\n\n\n<figure class=\"wp-block-image size-full\"><img loading=\"lazy\" decoding=\"async\" width=\"296\" height=\"165\" title=\"imagen\" src=\"https:\/\/ajaimes.inscastellbisbal.net\/wp-content\/uploads\/2025\/09\/imagen-26.png\" alt=\"\" class=\"wp-image-654\"\/><\/figure>\n\n\n\n<p><strong>adrianjaimes.perdomo@gmail.com<\/strong><\/p>\n\n\n\n<p><strong>COM FER-HO<\/strong><\/p>\n\n\n\n<p>Ves a la p\u00e0gina de inisi de sessio de &#8220;Gmail&#8221;  i le tenin que donar a \u201cCrea un compte\u201d.<\/p>\n\n\n\n<figure class=\"wp-block-image size-large\"><img loading=\"lazy\" decoding=\"async\" width=\"1024\" height=\"406\" title=\"imagen-27-1024x406\" src=\"https:\/\/ajaimes.inscastellbisbal.net\/wp-content\/uploads\/2025\/09\/imagen-27-1024x406.png\" alt=\"\" class=\"wp-image-655\" srcset=\"https:\/\/ajaimes.inscastellbisbal.net\/wp-content\/uploads\/2025\/09\/imagen-27-1024x406.png 1024w, https:\/\/ajaimes.inscastellbisbal.net\/wp-content\/uploads\/2025\/09\/imagen-27-300x119.png 300w, https:\/\/ajaimes.inscastellbisbal.net\/wp-content\/uploads\/2025\/09\/imagen-27-768x305.png 768w, https:\/\/ajaimes.inscastellbisbal.net\/wp-content\/uploads\/2025\/09\/imagen-27-583x231.png 583w, https:\/\/ajaimes.inscastellbisbal.net\/wp-content\/uploads\/2025\/09\/imagen-27.png 1046w\" sizes=\"(max-width: 1024px) 100vw, 1024px\" \/><\/figure>\n\n\n\n<p>Indica si el compte \u00e9s per a \u00fas personal, per al teu fill o b\u00e9 per a una activitat professional.<\/p>\n\n\n\n<figure class=\"wp-block-image size-full\"><img loading=\"lazy\" decoding=\"async\" width=\"269\" height=\"219\" title=\"imagen\" src=\"https:\/\/ajaimes.inscastellbisbal.net\/wp-content\/uploads\/2025\/09\/imagen-28.png\" alt=\"\" class=\"wp-image-656\"\/><\/figure>\n\n\n\n<p>Omple les dades necess\u00e0ries: nom i cognoms, data de naixement, g\u00e8nere, adre\u00e7a de correu desitjada, contrasenya i confirmaci\u00f3 de la contrasenya.<\/p>\n\n\n\n<figure class=\"wp-block-image size-large\"><img loading=\"lazy\" decoding=\"async\" width=\"1024\" height=\"380\" title=\"imagen-29-1024x380\" src=\"https:\/\/ajaimes.inscastellbisbal.net\/wp-content\/uploads\/2025\/09\/imagen-29-1024x380.png\" alt=\"\" class=\"wp-image-657\" srcset=\"https:\/\/ajaimes.inscastellbisbal.net\/wp-content\/uploads\/2025\/09\/imagen-29-1024x380.png 1024w, https:\/\/ajaimes.inscastellbisbal.net\/wp-content\/uploads\/2025\/09\/imagen-29-300x111.png 300w, https:\/\/ajaimes.inscastellbisbal.net\/wp-content\/uploads\/2025\/09\/imagen-29-768x285.png 768w, https:\/\/ajaimes.inscastellbisbal.net\/wp-content\/uploads\/2025\/09\/imagen-29-583x216.png 583w, https:\/\/ajaimes.inscastellbisbal.net\/wp-content\/uploads\/2025\/09\/imagen-29.png 1046w\" sizes=\"(max-width: 1024px) 100vw, 1024px\" \/><\/figure>\n\n\n\n<figure class=\"wp-block-image size-large\"><img loading=\"lazy\" decoding=\"async\" width=\"1024\" height=\"400\" title=\"imagen-30-1024x400\" src=\"https:\/\/ajaimes.inscastellbisbal.net\/wp-content\/uploads\/2025\/09\/imagen-30-1024x400.png\" alt=\"\" class=\"wp-image-658\" srcset=\"https:\/\/ajaimes.inscastellbisbal.net\/wp-content\/uploads\/2025\/09\/imagen-30-1024x400.png 1024w, https:\/\/ajaimes.inscastellbisbal.net\/wp-content\/uploads\/2025\/09\/imagen-30-300x117.png 300w, https:\/\/ajaimes.inscastellbisbal.net\/wp-content\/uploads\/2025\/09\/imagen-30-768x300.png 768w, https:\/\/ajaimes.inscastellbisbal.net\/wp-content\/uploads\/2025\/09\/imagen-30-583x228.png 583w, https:\/\/ajaimes.inscastellbisbal.net\/wp-content\/uploads\/2025\/09\/imagen-30.png 1047w\" sizes=\"(max-width: 1024px) 100vw, 1024px\" \/><\/figure>\n\n\n\n<figure class=\"wp-block-image size-large\"><img loading=\"lazy\" decoding=\"async\" width=\"1024\" height=\"383\" title=\"imagen-31-1024x383\" src=\"https:\/\/ajaimes.inscastellbisbal.net\/wp-content\/uploads\/2025\/09\/imagen-31-1024x383.png\" alt=\"\" class=\"wp-image-659\" srcset=\"https:\/\/ajaimes.inscastellbisbal.net\/wp-content\/uploads\/2025\/09\/imagen-31-1024x383.png 1024w, https:\/\/ajaimes.inscastellbisbal.net\/wp-content\/uploads\/2025\/09\/imagen-31-300x112.png 300w, https:\/\/ajaimes.inscastellbisbal.net\/wp-content\/uploads\/2025\/09\/imagen-31-768x287.png 768w, https:\/\/ajaimes.inscastellbisbal.net\/wp-content\/uploads\/2025\/09\/imagen-31-583x218.png 583w, https:\/\/ajaimes.inscastellbisbal.net\/wp-content\/uploads\/2025\/09\/imagen-31-800x300.png 800w, https:\/\/ajaimes.inscastellbisbal.net\/wp-content\/uploads\/2025\/09\/imagen-31.png 1120w\" sizes=\"(max-width: 1024px) 100vw, 1024px\" \/><\/figure>\n\n\n\n<figure class=\"wp-block-image size-large\"><img loading=\"lazy\" decoding=\"async\" width=\"1024\" height=\"428\" title=\"imagen-32-1024x428\" src=\"https:\/\/ajaimes.inscastellbisbal.net\/wp-content\/uploads\/2025\/09\/imagen-32-1024x428.png\" alt=\"\" class=\"wp-image-660\" srcset=\"https:\/\/ajaimes.inscastellbisbal.net\/wp-content\/uploads\/2025\/09\/imagen-32-1024x428.png 1024w, https:\/\/ajaimes.inscastellbisbal.net\/wp-content\/uploads\/2025\/09\/imagen-32-300x125.png 300w, https:\/\/ajaimes.inscastellbisbal.net\/wp-content\/uploads\/2025\/09\/imagen-32-768x321.png 768w, https:\/\/ajaimes.inscastellbisbal.net\/wp-content\/uploads\/2025\/09\/imagen-32-583x244.png 583w, https:\/\/ajaimes.inscastellbisbal.net\/wp-content\/uploads\/2025\/09\/imagen-32.png 1070w\" sizes=\"(max-width: 1024px) 100vw, 1024px\" \/><\/figure>\n\n\n\n<p>Completa els camps opcionals, com el n\u00famero de tel\u00e8fon (per a la verificaci\u00f3)<\/p>\n\n\n\n<figure class=\"wp-block-image size-large\"><img loading=\"lazy\" decoding=\"async\" width=\"1024\" height=\"406\" title=\"imagen-33-1024x406\" src=\"https:\/\/ajaimes.inscastellbisbal.net\/wp-content\/uploads\/2025\/09\/imagen-33-1024x406.png\" alt=\"\" class=\"wp-image-661\" srcset=\"https:\/\/ajaimes.inscastellbisbal.net\/wp-content\/uploads\/2025\/09\/imagen-33-1024x406.png 1024w, https:\/\/ajaimes.inscastellbisbal.net\/wp-content\/uploads\/2025\/09\/imagen-33-300x119.png 300w, https:\/\/ajaimes.inscastellbisbal.net\/wp-content\/uploads\/2025\/09\/imagen-33-768x305.png 768w, https:\/\/ajaimes.inscastellbisbal.net\/wp-content\/uploads\/2025\/09\/imagen-33-583x231.png 583w, https:\/\/ajaimes.inscastellbisbal.net\/wp-content\/uploads\/2025\/09\/imagen-33.png 1054w\" sizes=\"(max-width: 1024px) 100vw, 1024px\" \/><\/figure>\n\n\n\n<p>Configura les opcions del compte segons les teves prefer\u00e8ncies.<\/p>\n\n\n\n<p>Llegeix i accepta les <strong>condicions del servei<\/strong> i la <strong>pol\u00edtica de privadesa<\/strong> de Google.<\/p>\n\n\n\n<p>Si has afegit un n\u00famero de tel\u00e8fon, rebr\u00e0s un SMS amb un codi de verificaci\u00f3 que haur\u00e0s d\u2019introduir.<\/p>\n\n\n\n<p>Quan hagis finalitzat el proc\u00e9s, ja podr\u00e0s iniciar sessi\u00f3 amb la teva nova adre\u00e7a de Gmail.<\/p>\n","protected":false},"excerpt":{"rendered":"<p>He creat un correu personal des de la p\u00e0gina principal de Google. adrianjaimes.perdomo@gmail.com COM FER-HO Ves a la p\u00e0gina de inisi de sessio de &#8220;Gmail&#8221; i le tenin que donar a \u201cCrea un compte\u201d. Indica si el compte \u00e9s per a \u00fas personal, per al teu fill o b\u00e9 per a una activitat professional. Omple [&hellip;]<\/p>\n","protected":false},"author":1,"featured_media":0,"parent":440,"menu_order":1,"comment_status":"closed","ping_status":"closed","template":"","meta":{"saved_in_kubio":false,"_dseop_meta":"","_dseop_selected_keywords":"","footnotes":""},"class_list":["post-545","page","type-page","status-publish","hentry"],"kubio_ai_page_context":{"short_desc":"","purpose":"general"},"yoast_head":"<!-- This site is optimized with the Yoast SEO plugin v27.5 - https:\/\/yoast.com\/product\/yoast-seo-wordpress\/ -->\n<title>Creaci\u00f3 d&#039;un correu per temes acad\u00e8mics i professionals identificatiu - Adrian Jaimes<\/title>\n<meta name=\"robots\" content=\"index, follow, max-snippet:-1, max-image-preview:large, max-video-preview:-1\" \/>\n<link rel=\"canonical\" href=\"https:\/\/ajaimes.inscastellbisbal.net\/?page_id=545\" \/>\n<meta property=\"og:locale\" content=\"ca_ES\" \/>\n<meta property=\"og:type\" content=\"article\" \/>\n<meta property=\"og:title\" content=\"Creaci\u00f3 d&#039;un correu per temes acad\u00e8mics i professionals identificatiu - Adrian Jaimes\" \/>\n<meta property=\"og:description\" content=\"He creat un correu personal des de la p\u00e0gina principal de Google. adrianjaimes.perdomo@gmail.com COM FER-HO Ves a la p\u00e0gina de inisi de sessio de &#8220;Gmail&#8221; i le tenin que donar a \u201cCrea un compte\u201d. Indica si el compte \u00e9s per a \u00fas personal, per al teu fill o b\u00e9 per a una activitat professional. Omple [&hellip;]\" \/>\n<meta property=\"og:url\" content=\"https:\/\/ajaimes.inscastellbisbal.net\/?page_id=545\" \/>\n<meta property=\"og:site_name\" content=\"Adrian Jaimes\" \/>\n<meta property=\"article:modified_time\" content=\"2025-09-24T06:50:11+00:00\" \/>\n<meta property=\"og:image\" content=\"https:\/\/ajaimes.inscastellbisbal.net\/wp-content\/uploads\/2025\/09\/imagen-26.png\" \/>\n\t<meta property=\"og:image:width\" content=\"296\" \/>\n\t<meta property=\"og:image:height\" content=\"165\" \/>\n\t<meta property=\"og:image:type\" content=\"image\/png\" \/>\n<meta name=\"twitter:card\" content=\"summary_large_image\" \/>\n<meta name=\"twitter:label1\" content=\"Temps estimat de lectura\" \/>\n\t<meta name=\"twitter:data1\" content=\"1 minut\" \/>\n<script type=\"application\/ld+json\" class=\"yoast-schema-graph\">{\"@context\":\"https:\\\/\\\/schema.org\",\"@graph\":[{\"@type\":\"WebPage\",\"@id\":\"https:\\\/\\\/ajaimes.inscastellbisbal.net\\\/?page_id=545\",\"url\":\"https:\\\/\\\/ajaimes.inscastellbisbal.net\\\/?page_id=545\",\"name\":\"Creaci\u00f3 d'un correu per temes acad\u00e8mics i professionals identificatiu - Adrian Jaimes\",\"isPartOf\":{\"@id\":\"https:\\\/\\\/ajaimes.inscastellbisbal.net\\\/#website\"},\"primaryImageOfPage\":{\"@id\":\"https:\\\/\\\/ajaimes.inscastellbisbal.net\\\/?page_id=545#primaryimage\"},\"image\":{\"@id\":\"https:\\\/\\\/ajaimes.inscastellbisbal.net\\\/?page_id=545#primaryimage\"},\"thumbnailUrl\":\"https:\\\/\\\/ajaimes.inscastellbisbal.net\\\/wp-content\\\/uploads\\\/2025\\\/09\\\/imagen-26.png\",\"datePublished\":\"2025-09-23T11:39:12+00:00\",\"dateModified\":\"2025-09-24T06:50:11+00:00\",\"breadcrumb\":{\"@id\":\"https:\\\/\\\/ajaimes.inscastellbisbal.net\\\/?page_id=545#breadcrumb\"},\"inLanguage\":\"ca\",\"potentialAction\":[{\"@type\":\"ReadAction\",\"target\":[\"https:\\\/\\\/ajaimes.inscastellbisbal.net\\\/?page_id=545\"]}]},{\"@type\":\"ImageObject\",\"inLanguage\":\"ca\",\"@id\":\"https:\\\/\\\/ajaimes.inscastellbisbal.net\\\/?page_id=545#primaryimage\",\"url\":\"https:\\\/\\\/ajaimes.inscastellbisbal.net\\\/wp-content\\\/uploads\\\/2025\\\/09\\\/imagen-26.png\",\"contentUrl\":\"https:\\\/\\\/ajaimes.inscastellbisbal.net\\\/wp-content\\\/uploads\\\/2025\\\/09\\\/imagen-26.png\",\"width\":296,\"height\":165},{\"@type\":\"BreadcrumbList\",\"@id\":\"https:\\\/\\\/ajaimes.inscastellbisbal.net\\\/?page_id=545#breadcrumb\",\"itemListElement\":[{\"@type\":\"ListItem\",\"position\":1,\"name\":\"Inici\",\"item\":\"https:\\\/\\\/ajaimes.inscastellbisbal.net\\\/\"},{\"@type\":\"ListItem\",\"position\":2,\"name\":\"Repte 1.1\",\"item\":\"https:\\\/\\\/ajaimes.inscastellbisbal.net\\\/?page_id=436\"},{\"@type\":\"ListItem\",\"position\":3,\"name\":\"2\ufe0f\u20e3 &#8211; \u2709\ufe0f &#8211; Correu professional\",\"item\":\"https:\\\/\\\/ajaimes.inscastellbisbal.net\\\/?page_id=440\"},{\"@type\":\"ListItem\",\"position\":4,\"name\":\"Creaci\u00f3 d&#8217;un correu per temes acad\u00e8mics i professionals identificatiu\"}]},{\"@type\":\"WebSite\",\"@id\":\"https:\\\/\\\/ajaimes.inscastellbisbal.net\\\/#website\",\"url\":\"https:\\\/\\\/ajaimes.inscastellbisbal.net\\\/\",\"name\":\"Adrian Jaimes\",\"description\":\"S\u00f3c estudiant d&#039;inform\u00e0tica i aqu\u00ed podr\u00e0s veure el meu cam\u00ed acad\u00e8mic, els projectes que he realitzat i els coneixements que he adquirit durant la meva formaci\u00f3. Aquesta p\u00e0gina \u00e9s un reflex de la meva passi\u00f3 per la tecnologia i el meu comprom\u00eds per seguir aprenent i millorant cada dia.  Explora els meus treballs i seguiment acad\u00e8mic!\",\"publisher\":{\"@id\":\"https:\\\/\\\/ajaimes.inscastellbisbal.net\\\/#organization\"},\"potentialAction\":[{\"@type\":\"SearchAction\",\"target\":{\"@type\":\"EntryPoint\",\"urlTemplate\":\"https:\\\/\\\/ajaimes.inscastellbisbal.net\\\/?s={search_term_string}\"},\"query-input\":{\"@type\":\"PropertyValueSpecification\",\"valueRequired\":true,\"valueName\":\"search_term_string\"}}],\"inLanguage\":\"ca\"},{\"@type\":\"Organization\",\"@id\":\"https:\\\/\\\/ajaimes.inscastellbisbal.net\\\/#organization\",\"name\":\"Adrian Jaimes\",\"url\":\"https:\\\/\\\/ajaimes.inscastellbisbal.net\\\/\",\"logo\":{\"@type\":\"ImageObject\",\"inLanguage\":\"ca\",\"@id\":\"https:\\\/\\\/ajaimes.inscastellbisbal.net\\\/#\\\/schema\\\/logo\\\/image\\\/\",\"url\":\"https:\\\/\\\/ajaimes.inscastellbisbal.net\\\/wp-content\\\/uploads\\\/2025\\\/12\\\/cropped-cropped-cropped-width_550_009.webp\",\"contentUrl\":\"https:\\\/\\\/ajaimes.inscastellbisbal.net\\\/wp-content\\\/uploads\\\/2025\\\/12\\\/cropped-cropped-cropped-width_550_009.webp\",\"width\":512,\"height\":512,\"caption\":\"Adrian Jaimes\"},\"image\":{\"@id\":\"https:\\\/\\\/ajaimes.inscastellbisbal.net\\\/#\\\/schema\\\/logo\\\/image\\\/\"}}]}<\/script>\n<!-- \/ Yoast SEO plugin. -->","yoast_head_json":{"title":"Creaci\u00f3 d'un correu per temes acad\u00e8mics i professionals identificatiu - Adrian Jaimes","robots":{"index":"index","follow":"follow","max-snippet":"max-snippet:-1","max-image-preview":"max-image-preview:large","max-video-preview":"max-video-preview:-1"},"canonical":"https:\/\/ajaimes.inscastellbisbal.net\/?page_id=545","og_locale":"ca_ES","og_type":"article","og_title":"Creaci\u00f3 d'un correu per temes acad\u00e8mics i professionals identificatiu - Adrian Jaimes","og_description":"He creat un correu personal des de la p\u00e0gina principal de Google. adrianjaimes.perdomo@gmail.com COM FER-HO Ves a la p\u00e0gina de inisi de sessio de &#8220;Gmail&#8221; i le tenin que donar a \u201cCrea un compte\u201d. Indica si el compte \u00e9s per a \u00fas personal, per al teu fill o b\u00e9 per a una activitat professional. Omple [&hellip;]","og_url":"https:\/\/ajaimes.inscastellbisbal.net\/?page_id=545","og_site_name":"Adrian Jaimes","article_modified_time":"2025-09-24T06:50:11+00:00","og_image":[{"width":296,"height":165,"url":"https:\/\/ajaimes.inscastellbisbal.net\/wp-content\/uploads\/2025\/09\/imagen-26.png","type":"image\/png"}],"twitter_card":"summary_large_image","twitter_misc":{"Temps estimat de lectura":"1 minut"},"schema":{"@context":"https:\/\/schema.org","@graph":[{"@type":"WebPage","@id":"https:\/\/ajaimes.inscastellbisbal.net\/?page_id=545","url":"https:\/\/ajaimes.inscastellbisbal.net\/?page_id=545","name":"Creaci\u00f3 d'un correu per temes acad\u00e8mics i professionals identificatiu - Adrian Jaimes","isPartOf":{"@id":"https:\/\/ajaimes.inscastellbisbal.net\/#website"},"primaryImageOfPage":{"@id":"https:\/\/ajaimes.inscastellbisbal.net\/?page_id=545#primaryimage"},"image":{"@id":"https:\/\/ajaimes.inscastellbisbal.net\/?page_id=545#primaryimage"},"thumbnailUrl":"https:\/\/ajaimes.inscastellbisbal.net\/wp-content\/uploads\/2025\/09\/imagen-26.png","datePublished":"2025-09-23T11:39:12+00:00","dateModified":"2025-09-24T06:50:11+00:00","breadcrumb":{"@id":"https:\/\/ajaimes.inscastellbisbal.net\/?page_id=545#breadcrumb"},"inLanguage":"ca","potentialAction":[{"@type":"ReadAction","target":["https:\/\/ajaimes.inscastellbisbal.net\/?page_id=545"]}]},{"@type":"ImageObject","inLanguage":"ca","@id":"https:\/\/ajaimes.inscastellbisbal.net\/?page_id=545#primaryimage","url":"https:\/\/ajaimes.inscastellbisbal.net\/wp-content\/uploads\/2025\/09\/imagen-26.png","contentUrl":"https:\/\/ajaimes.inscastellbisbal.net\/wp-content\/uploads\/2025\/09\/imagen-26.png","width":296,"height":165},{"@type":"BreadcrumbList","@id":"https:\/\/ajaimes.inscastellbisbal.net\/?page_id=545#breadcrumb","itemListElement":[{"@type":"ListItem","position":1,"name":"Inici","item":"https:\/\/ajaimes.inscastellbisbal.net\/"},{"@type":"ListItem","position":2,"name":"Repte 1.1","item":"https:\/\/ajaimes.inscastellbisbal.net\/?page_id=436"},{"@type":"ListItem","position":3,"name":"2\ufe0f\u20e3 &#8211; \u2709\ufe0f &#8211; Correu professional","item":"https:\/\/ajaimes.inscastellbisbal.net\/?page_id=440"},{"@type":"ListItem","position":4,"name":"Creaci\u00f3 d&#8217;un correu per temes acad\u00e8mics i professionals identificatiu"}]},{"@type":"WebSite","@id":"https:\/\/ajaimes.inscastellbisbal.net\/#website","url":"https:\/\/ajaimes.inscastellbisbal.net\/","name":"Adrian Jaimes","description":"S\u00f3c estudiant d&#039;inform\u00e0tica i aqu\u00ed podr\u00e0s veure el meu cam\u00ed acad\u00e8mic, els projectes que he realitzat i els coneixements que he adquirit durant la meva formaci\u00f3. Aquesta p\u00e0gina \u00e9s un reflex de la meva passi\u00f3 per la tecnologia i el meu comprom\u00eds per seguir aprenent i millorant cada dia.  Explora els meus treballs i seguiment acad\u00e8mic!","publisher":{"@id":"https:\/\/ajaimes.inscastellbisbal.net\/#organization"},"potentialAction":[{"@type":"SearchAction","target":{"@type":"EntryPoint","urlTemplate":"https:\/\/ajaimes.inscastellbisbal.net\/?s={search_term_string}"},"query-input":{"@type":"PropertyValueSpecification","valueRequired":true,"valueName":"search_term_string"}}],"inLanguage":"ca"},{"@type":"Organization","@id":"https:\/\/ajaimes.inscastellbisbal.net\/#organization","name":"Adrian Jaimes","url":"https:\/\/ajaimes.inscastellbisbal.net\/","logo":{"@type":"ImageObject","inLanguage":"ca","@id":"https:\/\/ajaimes.inscastellbisbal.net\/#\/schema\/logo\/image\/","url":"https:\/\/ajaimes.inscastellbisbal.net\/wp-content\/uploads\/2025\/12\/cropped-cropped-cropped-width_550_009.webp","contentUrl":"https:\/\/ajaimes.inscastellbisbal.net\/wp-content\/uploads\/2025\/12\/cropped-cropped-cropped-width_550_009.webp","width":512,"height":512,"caption":"Adrian Jaimes"},"image":{"@id":"https:\/\/ajaimes.inscastellbisbal.net\/#\/schema\/logo\/image\/"}}]}},"jetpack_sharing_enabled":true,"_links":{"self":[{"href":"https:\/\/ajaimes.inscastellbisbal.net\/index.php?rest_route=\/wp\/v2\/pages\/545","targetHints":{"allow":["GET"]}}],"collection":[{"href":"https:\/\/ajaimes.inscastellbisbal.net\/index.php?rest_route=\/wp\/v2\/pages"}],"about":[{"href":"https:\/\/ajaimes.inscastellbisbal.net\/index.php?rest_route=\/wp\/v2\/types\/page"}],"author":[{"embeddable":true,"href":"https:\/\/ajaimes.inscastellbisbal.net\/index.php?rest_route=\/wp\/v2\/users\/1"}],"replies":[{"embeddable":true,"href":"https:\/\/ajaimes.inscastellbisbal.net\/index.php?rest_route=%2Fwp%2Fv2%2Fcomments&post=545"}],"version-history":[{"count":3,"href":"https:\/\/ajaimes.inscastellbisbal.net\/index.php?rest_route=\/wp\/v2\/pages\/545\/revisions"}],"predecessor-version":[{"id":662,"href":"https:\/\/ajaimes.inscastellbisbal.net\/index.php?rest_route=\/wp\/v2\/pages\/545\/revisions\/662"}],"up":[{"embeddable":true,"href":"https:\/\/ajaimes.inscastellbisbal.net\/index.php?rest_route=\/wp\/v2\/pages\/440"}],"wp:attachment":[{"href":"https:\/\/ajaimes.inscastellbisbal.net\/index.php?rest_route=%2Fwp%2Fv2%2Fmedia&parent=545"}],"curies":[{"name":"wp","href":"https:\/\/api.w.org\/{rel}","templated":true}]}}