{"id":473,"date":"2025-09-23T08:27:21","date_gmt":"2025-09-23T08:27:21","guid":{"rendered":"https:\/\/ajaimes.inscastellbisbal.net\/?page_id=473"},"modified":"2026-04-15T06:26:55","modified_gmt":"2026-04-15T06:26:55","slug":"configuracio-de-la-safata-dentrada-amb-etiquetes","status":"publish","type":"page","link":"https:\/\/ajaimes.inscastellbisbal.net\/?page_id=473","title":{"rendered":"Configuraci\u00f3 de la safata d&#8217;entrada amb etiquetes"},"content":{"rendered":"\n<p class=\"has-text-align-left\"><\/p>\n\n\n\n<p><strong>HOW TO DO IT<\/strong><\/p>\n\n\n\n<p><strong>I opened my email and went to settings.<\/strong><\/p>\n\n\n\n<figure class=\"wp-block-image size-full\"><img loading=\"lazy\" decoding=\"async\" width=\"346\" height=\"57\" title=\"imagen\" src=\"https:\/\/ajaimes.inscastellbisbal.net\/wp-content\/uploads\/2025\/09\/imagen-12.png\" alt=\"\" class=\"wp-image-475\" srcset=\"https:\/\/ajaimes.inscastellbisbal.net\/wp-content\/uploads\/2025\/09\/imagen-12.png 346w, https:\/\/ajaimes.inscastellbisbal.net\/wp-content\/uploads\/2025\/09\/imagen-12-300x49.png 300w\" sizes=\"(max-width: 346px) 100vw, 346px\" \/><\/figure>\n\n\n\n<p><strong>Then click on Show all settings.<\/strong><\/p>\n\n\n\n<figure class=\"wp-block-image size-full\"><img loading=\"lazy\" decoding=\"async\" width=\"334\" height=\"426\" title=\"imagen\" src=\"https:\/\/ajaimes.inscastellbisbal.net\/wp-content\/uploads\/2025\/09\/imagen-13.png\" alt=\"\" class=\"wp-image-479\" srcset=\"https:\/\/ajaimes.inscastellbisbal.net\/wp-content\/uploads\/2025\/09\/imagen-13.png 334w, https:\/\/ajaimes.inscastellbisbal.net\/wp-content\/uploads\/2025\/09\/imagen-13-235x300.png 235w\" sizes=\"(max-width: 334px) 100vw, 334px\" \/><\/figure>\n\n\n\n<p><strong>Then we have to go to the tags section, then scroll down to the bottom to the device to create a tag.<\/strong><\/p>\n\n\n\n<figure class=\"wp-block-image size-full\"><img loading=\"lazy\" decoding=\"async\" width=\"203\" height=\"67\" title=\"imagen\" src=\"https:\/\/ajaimes.inscastellbisbal.net\/wp-content\/uploads\/2025\/09\/imagen-14.png\" alt=\"\" class=\"wp-image-480\"\/><\/figure>\n\n\n\n<p>I created new tags according to the categories I wanted, such as &#8220;me&#8221;, &#8220;smx students&#8221; or &#8220;smx teachers&#8221;.<\/p>\n\n\n\n<p>I&#8217;ve assigned these labels to existing emails or set up automatic filters so that when a new email comes in, it&#8217;s automatically categorized. One label for teachers, another for all students in the class, and one more for my classmates.<\/p>\n\n\n\n<figure class=\"wp-block-image size-full\"><img loading=\"lazy\" decoding=\"async\" width=\"260\" height=\"218\" title=\"imagen\" src=\"https:\/\/ajaimes.inscastellbisbal.net\/wp-content\/uploads\/2025\/09\/imagen-16.png\" alt=\"\" class=\"wp-image-482\"\/><\/figure>\n","protected":false},"excerpt":{"rendered":"<p>HOW TO DO IT I opened my email and went to settings. Then click on Show all settings. Then we have to go to the tags section, then scroll down to the bottom to the device to create a tag. I created new tags according to the categories I wanted, such as &#8220;me&#8221;, &#8220;smx students&#8221; [&hellip;]<\/p>\n","protected":false},"author":1,"featured_media":0,"parent":438,"menu_order":1,"comment_status":"closed","ping_status":"closed","template":"","meta":{"saved_in_kubio":false,"_dseop_meta":"{\"noFollowLinks\":{\"linkList\":[],\"ignoredGlobalDomains\":[],\"textboxValue\":\"\"},\"schemaMarkup\":{\"schemas\":[{\"templateId\":\"WebpageSchema\",\"name\":\"Webpage\",\"id\":\"WebpageSchema\",\"schemaData\":{\"@type\":\"WebPage\",\"@id\":\"\",\"name\":\"\",\"url\":\"\",\"description\":\"\",\"breadcrumb\":{\"@type\":\"BreadcrumbList\",\"@id\":\"\"},\"datePublished\":\"\",\"dateModified\":\"\",\"inLanguage\":\"\"}}],\"schemaTemplates\":[]},\"metaDescription\":{\"metaData\":[]},\"keywordAppearance\":{\"contentDetails\":[{\"name\":\"Word count\",\"count\":100,\"id\":\"wordCount\",\"status\":\"poor\",\"detailStatus\":\"shortPoor\",\"tooltip\":\"words count should be greater then 1500.\"},{\"id\":\"heading1\",\"name\":\"heading 1\",\"count\":1,\"status\":\"excellent\",\"detailStatus\":\"excellent\",\"tooltip\":\"good use of h1 tag.\"},{\"id\":\"heading2\",\"name\":\"heading 2\",\"count\":0,\"status\":\"poor\",\"detailStatus\":\"missing\",\"tooltip\":\"web page should have h2 tags for better SEO\"},{\"id\":\"heading3\",\"name\":\"heading 3\",\"count\":0,\"status\":\"poor\",\"detailStatus\":\"missing\",\"tooltip\":\"web page should have h3 tags for better SEO\"},{\"id\":\"paragraphTags\",\"name\":\"paragraph tags\",\"count\":6,\"status\":\"excellent\",\"detailStatus\":\"excellent\",\"tooltip\":\"good use of paragraph tags.\"},{\"id\":\"boldAndStrongTags\",\"name\":\"bold and strong tags list\",\"count\":4,\"status\":\"success\",\"detailStatus\":\"success\",\"tooltip\":\"web page should have bold and strong tags for better SEO\"},{\"name\":\"Avg. Stopword percentage\",\"count\":55,\"id\":\"averageStopwordPercentage\"},{\"name\":\"Avg. Words per sentence\",\"count\":17,\"id\":\"averageWordsPerSentence\"},{\"name\":\"Stopword count\",\"count\":55,\"id\":\"sentenceCount\"},{\"name\":\"Sentence count\",\"count\":6,\"id\":\"sentenceCount\"},{\"name\":\"Letter count\",\"count\":414,\"id\":\"letterCount\"},{\"name\":\"Difficult word\",\"count\":8,\"id\":\"difficultWord\"}],\"advanceOptions\":[],\"modifyStopwords\":{\"customStopwords\":[],\"disabledStopwords\":[]}},\"socialMedia\":{\"openGraphData\":[],\"twitterData\":{\"xSummaryCardData\":[],\"xAppCardData\":{\"iphoneAppName\":\"\",\"iphoneAppId\":\"\",\"iphoneAppUrl\":\"\",\"ipadAppName\":\"\",\"ipadAppId\":\"\",\"ipadAppUrl\":\"\",\"googlePlayAppName\":\"\",\"googlePlayAppId\":\"\",\"googlePlayAppUrl\":\"\",\"appCountry\":\"\"},\"xPlayerCardData\":{\"player\":\"\",\"playerWidth\":\"\",\"streamUrl\":\"\",\"streamContentType\":\"\"}}},\"readability\":{\"readabilityFactorList\":[{\"helpLink\":\"link\",\"isError\":false,\"name\":\"Flesch - Kincaid reading ease\",\"score\":69.4,\"description\":\"The Flesch-Kincaid Reading Ease score measures the readability of your text. A higher score indicates easier-to-read content. Aim for a score between 60 and 70 for most web content.\",\"grade\":\"Standard (8th-9th grade)\"},{\"helpLink\":\"link\",\"isError\":false,\"name\":\"Gunning fog score\",\"score\":9.8,\"description\":\"The Gunning Fog Score estimates the years of formal education needed to understand your text. Lower scores indicate easier readability. Aim for a score of 7 to 8 for general audiences.\",\"grade\":\"High School (Grade 9-12)\"},{\"helpLink\":\"link\",\"isError\":false,\"name\":\"Coleman liau index\",\"score\":7.05,\"description\":\"The Coleman-Liau Index calculates readability based on characters per word and sentence length. It estimates the U.S. school grade level required to comprehend the text. A lower score suggests easier content.\",\"grade\":\"Middle School (Grade 7-8)\"},{\"helpLink\":\"link\",\"isError\":false,\"name\":\"Flesch - Kincaid grade level\",\"score\":7.64,\"description\":\"The Flesch-Kincaid Grade Level formula evaluates the readability of your text by calculating the U.S. school grade level. A lower grade level indicates easier readability.\",\"grade\":\"Middle School (Grade 7-8)\"},{\"helpLink\":\"link\",\"isError\":false,\"name\":\"Smog index\",\"score\":9.73,\"description\":\"The SMOG (Simple Measure of Gobbledygook) Index estimates the years of education a person needs to understand a text. A lower score means simpler text, while a higher score suggests more complex content.\",\"grade\":\"High School (Grade 9-12)\"},{\"helpLink\":\"link\",\"isError\":false,\"name\":\"Automated readability index\",\"score\":6.49,\"description\":\"The Automated Readability Index calculates the readability of your content using characters per word and words per sentence. It estimates the U.S. school grade level needed to understand the text.\",\"grade\":\"Elementary School (Grade 6 or below)\"},{\"helpLink\":\"link\",\"isError\":false,\"name\":\"Dale chall readability score\",\"score\":5.74,\"description\":\"The Dale-Chall Readability Score evaluates the readability of your text based on familiar words and sentence structure. A lower score indicates that the content is easier to read.\",\"grade\":\"5th-6th grade\"},{\"helpLink\":\"link\",\"isError\":false,\"name\":\"Spache readability score\",\"score\":2.64,\"description\":\"The Spache Readability Score measures the readability of texts for younger readers. It identifies words that are unfamiliar to children and calculates a score accordingly. A lower score indicates easier content.\",\"grade\":\"3rd grade\"}]},\"advanceSetting\":{\"advanceRobotsMeta\":[],\"breadcrumbTitle\":\"\",\"canonicalURL\":\"\",\"criticalOptions\":[]},\"scoring\":{\"subScoring\":{\"metaDescriptionScore\":4.5,\"schemaMarkupScore\":8,\"outwardInterlinkingScore\":0,\"inwardInterlinkingScore\":0,\"socialMediaScore\":1,\"misspelledWordsScore\":0,\"advanceSettingScore\":3,\"noFollowLinksScore\":0,\"keywordAppearanceScore\":1,\"imageAnalyticsScore\":1},\"singlePostScore\":28},\"misspelledWords\":[],\"pointsToImprove\":{\"count\":{\"criticalPointsCount\":0,\"recommendedPointsCount\":0},\"pointsToImproveDetails\":{\"searchEngineAppearance\":[{\"id\":\"recommended_meta_title_average\",\"name\":{\"label\":\"Meta title is average\"},\"type\":\"Recommended\",\"priority\":\"too_high\"},{\"id\":\"recommended_keyword_missing_meta_title\",\"name\":{\"label\":\"Keyword is missing in meta title.\"},\"type\":\"Critical\",\"priority\":\"too_high\"},{\"id\":\"critical_meta_description_missing\",\"name\":{\"label\":\"Meta Description is missing\"},\"type\":\"Critical\"},{\"id\":\"recommended_keyword_missing_permalink\",\"name\":{\"label\":\"Keyword is missing in permalink.\"},\"type\":\"Critical\"}],\"searchEngineVisibility\":[],\"redirectedLink301\":[],\"socialMedia\":[{\"id\":\"critical_missing_social_media_image\",\"name\":{\"label\":\"Image is missing in social media appearance.\"},\"type\":\"Critical\",\"priority\":\"high\"},{\"id\":\"recommended_keyword_missing_open_graph_title\",\"name\":{\"label\":\"Keyword is missing in social media title.\"},\"type\":\"Recommended\"},{\"id\":\"recommended_average_social_media_title\",\"name\":{\"label\":\"Title is average in social media appearance.\"},\"type\":\"Recommended\"},{\"id\":\"critical_missing_social_media_description\",\"name\":{\"label\":\"Description is missing in social media appearance.\"},\"type\":\"Critical\",\"priority\":\"high\"},{\"id\":\"critical_missing_social_media_twitter_image\",\"name\":{\"label\":\"X(Twitter) image is missing in social media appearance.\"},\"type\":\"Critical\",\"priority\":\"high\"},{\"id\":\"recommended_keyword_missing_twitter_title\",\"name\":{\"label\":\"Keyword is missing in X(Twitter) title.\"},\"type\":\"Recommended\"},{\"id\":\"recommended_average_social_media_twitter_title\",\"name\":{\"label\":\"X(Twitter) title is average in social media appearance.\"},\"type\":\"Recommended\"},{\"id\":\"critical_missing_social_media_twitter_description\",\"name\":{\"label\":\"X(Twitter) description is missing in social media appearance.\"},\"type\":\"Critical\"}],\"noFollowLink\":[],\"misspelledWords\":[],\"inwardLinks\":[],\"outwardLinks\":[],\"keywordAppearance\":[{\"id\":\"critical_no_selected_keyword\",\"name\":{\"label\":\"Selected keyword missing in keyword appearance.\"},\"type\":\"Critical\",\"priority\":\"too_high\"},{\"id\":\"critical_word_count_is_too_low\",\"name\":{\"label\":\"Word count is too low in your content.\"},\"type\":\"Critical\",\"priority\":\"high\"},{\"id\":\"critical_heading2_is_missing\",\"name\":{\"label\":\"Missing H2 tags, which are important for content structure.\"},\"type\":\"Critical\",\"priority\":\"high\"},{\"id\":\"critical_heading3_is_missing\",\"name\":{\"label\":\"Missing H3 tags, consider adding H3 for better SEO.\"},\"type\":\"Critical\"}],\"advanceSettings\":[],\"schemaMarkup\":[],\"imageAnalytics\":[{\"id\":\"critical_missing_images_title_attribute\",\"name\":{\"label\":\"Missing images title attribute.\"},\"type\":\"Critical\"},{\"id\":\"critical_missing_images_alt_attribute\",\"name\":{\"label\":\"Missing images alt attribute.\"},\"type\":\"Critical\"},{\"id\":\"critical_keyword_missing_in_image_filename\",\"name\":{\"label\":\"Keyword missing in images filename.\"},\"type\":\"Critical\"}],\"productGtins\":[]}},\"imageAnalytics\":{\"imageAnalysis\":[{\"id\":\"TotalImages\",\"name\":\"Total images\",\"value\":\"4\"},{\"id\":\"ImagesHasTitle\",\"name\":\"Images has title\",\"value\":\"0\",\"outOff\":\"4\",\"status\":\"poor\",\"tooltip\":\"Missing image title attribute\"},{\"id\":\"ImageHasAltAttribute\",\"name\":\"Images has alt\",\"value\":\"0\",\"outOff\":\"4\",\"status\":\"poor\",\"tooltip\":\"Missing alt attribute\"},{\"id\":\"ImagesHasProperFileName\",\"name\":\"Images has proper filename format\",\"value\":\"4\",\"outOff\":\"4\",\"status\":\"excellent\",\"tooltip\":\"Good! all images has proper filename format\"},{\"id\":\"KeywordInTitleAttribute\",\"name\":\"Keyword in image title\",\"value\":\"0\",\"outOff\":\"0\",\"status\":\"disabled\",\"tooltip\":\"Add image title attribute to enable this feature.\"},{\"id\":\"KeywordInAltAttribute\",\"name\":\"Keyword in image Alt\",\"value\":\"0\",\"outOff\":\"0\",\"status\":\"disabled\",\"tooltip\":\"Add image alt attribute to enable this feature.\"},{\"id\":\"KeywordInFilename\",\"name\":\"Keyword in image filename\",\"value\":\"0\",\"outOff\":\"4\",\"status\":\"poor\",\"tooltip\":\"Missing keyword in image filename\"}]}}","_dseop_selected_keywords":"","footnotes":""},"class_list":["post-473","page","type-page","status-publish","hentry"],"kubio_ai_page_context":{"short_desc":"","purpose":"general"},"yoast_head":"<!-- This site is optimized with the Yoast SEO plugin v27.5 - https:\/\/yoast.com\/product\/yoast-seo-wordpress\/ -->\n<title>Configuraci\u00f3 de la safata d&#039;entrada amb etiquetes - Adrian Jaimes<\/title>\n<meta name=\"robots\" content=\"index, follow, max-snippet:-1, max-image-preview:large, max-video-preview:-1\" \/>\n<link rel=\"canonical\" href=\"https:\/\/ajaimes.inscastellbisbal.net\/?page_id=473\" \/>\n<meta property=\"og:locale\" content=\"ca_ES\" \/>\n<meta property=\"og:type\" content=\"article\" \/>\n<meta property=\"og:title\" content=\"Configuraci\u00f3 de la safata d&#039;entrada amb etiquetes - Adrian Jaimes\" \/>\n<meta property=\"og:description\" content=\"HOW TO DO IT I opened my email and went to settings. Then click on Show all settings. Then we have to go to the tags section, then scroll down to the bottom to the device to create a tag. I created new tags according to the categories I wanted, such as &#8220;me&#8221;, &#8220;smx students&#8221; [&hellip;]\" \/>\n<meta property=\"og:url\" content=\"https:\/\/ajaimes.inscastellbisbal.net\/?page_id=473\" \/>\n<meta property=\"og:site_name\" content=\"Adrian Jaimes\" \/>\n<meta property=\"article:modified_time\" content=\"2026-04-15T06:26:55+00:00\" \/>\n<meta property=\"og:image\" content=\"https:\/\/ajaimes.inscastellbisbal.net\/wp-content\/uploads\/2025\/09\/imagen-12.png\" \/>\n\t<meta property=\"og:image:width\" content=\"346\" \/>\n\t<meta property=\"og:image:height\" content=\"57\" \/>\n\t<meta property=\"og:image:type\" content=\"image\/png\" \/>\n<meta name=\"twitter:card\" content=\"summary_large_image\" \/>\n<meta name=\"twitter:label1\" content=\"Temps estimat de lectura\" \/>\n\t<meta name=\"twitter:data1\" content=\"2 minuts\" \/>\n<script type=\"application\/ld+json\" class=\"yoast-schema-graph\">{\"@context\":\"https:\\\/\\\/schema.org\",\"@graph\":[{\"@type\":\"WebPage\",\"@id\":\"https:\\\/\\\/ajaimes.inscastellbisbal.net\\\/?page_id=473\",\"url\":\"https:\\\/\\\/ajaimes.inscastellbisbal.net\\\/?page_id=473\",\"name\":\"Configuraci\u00f3 de la safata d'entrada amb etiquetes - Adrian Jaimes\",\"isPartOf\":{\"@id\":\"https:\\\/\\\/ajaimes.inscastellbisbal.net\\\/#website\"},\"primaryImageOfPage\":{\"@id\":\"https:\\\/\\\/ajaimes.inscastellbisbal.net\\\/?page_id=473#primaryimage\"},\"image\":{\"@id\":\"https:\\\/\\\/ajaimes.inscastellbisbal.net\\\/?page_id=473#primaryimage\"},\"thumbnailUrl\":\"https:\\\/\\\/ajaimes.inscastellbisbal.net\\\/wp-content\\\/uploads\\\/2025\\\/09\\\/imagen-12.png\",\"datePublished\":\"2025-09-23T08:27:21+00:00\",\"dateModified\":\"2026-04-15T06:26:55+00:00\",\"breadcrumb\":{\"@id\":\"https:\\\/\\\/ajaimes.inscastellbisbal.net\\\/?page_id=473#breadcrumb\"},\"inLanguage\":\"ca\",\"potentialAction\":[{\"@type\":\"ReadAction\",\"target\":[\"https:\\\/\\\/ajaimes.inscastellbisbal.net\\\/?page_id=473\"]}]},{\"@type\":\"ImageObject\",\"inLanguage\":\"ca\",\"@id\":\"https:\\\/\\\/ajaimes.inscastellbisbal.net\\\/?page_id=473#primaryimage\",\"url\":\"https:\\\/\\\/ajaimes.inscastellbisbal.net\\\/wp-content\\\/uploads\\\/2025\\\/09\\\/imagen-12.png\",\"contentUrl\":\"https:\\\/\\\/ajaimes.inscastellbisbal.net\\\/wp-content\\\/uploads\\\/2025\\\/09\\\/imagen-12.png\",\"width\":346,\"height\":57},{\"@type\":\"BreadcrumbList\",\"@id\":\"https:\\\/\\\/ajaimes.inscastellbisbal.net\\\/?page_id=473#breadcrumb\",\"itemListElement\":[{\"@type\":\"ListItem\",\"position\":1,\"name\":\"Inici\",\"item\":\"https:\\\/\\\/ajaimes.inscastellbisbal.net\\\/\"},{\"@type\":\"ListItem\",\"position\":2,\"name\":\"1r SMX\",\"item\":\"https:\\\/\\\/ajaimes.inscastellbisbal.net\\\/?page_id=1084\"},{\"@type\":\"ListItem\",\"position\":3,\"name\":\"Repte 1.1\",\"item\":\"https:\\\/\\\/ajaimes.inscastellbisbal.net\\\/?page_id=436\"},{\"@type\":\"ListItem\",\"position\":4,\"name\":\"1\ufe0f\u20e3 &#8211; \u2709\ufe0f &#8211; Correu corporatiu del centre\",\"item\":\"https:\\\/\\\/ajaimes.inscastellbisbal.net\\\/?page_id=438\"},{\"@type\":\"ListItem\",\"position\":5,\"name\":\"Configuraci\u00f3 de la safata d&#8217;entrada amb etiquetes\"}]},{\"@type\":\"WebSite\",\"@id\":\"https:\\\/\\\/ajaimes.inscastellbisbal.net\\\/#website\",\"url\":\"https:\\\/\\\/ajaimes.inscastellbisbal.net\\\/\",\"name\":\"Adrian Jaimes\",\"description\":\"S\u00f3c estudiant d&#039;inform\u00e0tica i aqu\u00ed podr\u00e0s veure el meu cam\u00ed acad\u00e8mic, els projectes que he realitzat i els coneixements que he adquirit durant la meva formaci\u00f3. Aquesta p\u00e0gina \u00e9s un reflex de la meva passi\u00f3 per la tecnologia i el meu comprom\u00eds per seguir aprenent i millorant cada dia.  Explora els meus treballs i seguiment acad\u00e8mic!\",\"publisher\":{\"@id\":\"https:\\\/\\\/ajaimes.inscastellbisbal.net\\\/#organization\"},\"potentialAction\":[{\"@type\":\"SearchAction\",\"target\":{\"@type\":\"EntryPoint\",\"urlTemplate\":\"https:\\\/\\\/ajaimes.inscastellbisbal.net\\\/?s={search_term_string}\"},\"query-input\":{\"@type\":\"PropertyValueSpecification\",\"valueRequired\":true,\"valueName\":\"search_term_string\"}}],\"inLanguage\":\"ca\"},{\"@type\":\"Organization\",\"@id\":\"https:\\\/\\\/ajaimes.inscastellbisbal.net\\\/#organization\",\"name\":\"Adrian Jaimes\",\"url\":\"https:\\\/\\\/ajaimes.inscastellbisbal.net\\\/\",\"logo\":{\"@type\":\"ImageObject\",\"inLanguage\":\"ca\",\"@id\":\"https:\\\/\\\/ajaimes.inscastellbisbal.net\\\/#\\\/schema\\\/logo\\\/image\\\/\",\"url\":\"https:\\\/\\\/ajaimes.inscastellbisbal.net\\\/wp-content\\\/uploads\\\/2025\\\/12\\\/cropped-cropped-cropped-width_550_009.webp\",\"contentUrl\":\"https:\\\/\\\/ajaimes.inscastellbisbal.net\\\/wp-content\\\/uploads\\\/2025\\\/12\\\/cropped-cropped-cropped-width_550_009.webp\",\"width\":512,\"height\":512,\"caption\":\"Adrian Jaimes\"},\"image\":{\"@id\":\"https:\\\/\\\/ajaimes.inscastellbisbal.net\\\/#\\\/schema\\\/logo\\\/image\\\/\"}}]}<\/script>\n<!-- \/ Yoast SEO plugin. -->","yoast_head_json":{"title":"Configuraci\u00f3 de la safata d'entrada amb etiquetes - Adrian Jaimes","robots":{"index":"index","follow":"follow","max-snippet":"max-snippet:-1","max-image-preview":"max-image-preview:large","max-video-preview":"max-video-preview:-1"},"canonical":"https:\/\/ajaimes.inscastellbisbal.net\/?page_id=473","og_locale":"ca_ES","og_type":"article","og_title":"Configuraci\u00f3 de la safata d'entrada amb etiquetes - Adrian Jaimes","og_description":"HOW TO DO IT I opened my email and went to settings. Then click on Show all settings. Then we have to go to the tags section, then scroll down to the bottom to the device to create a tag. I created new tags according to the categories I wanted, such as &#8220;me&#8221;, &#8220;smx students&#8221; [&hellip;]","og_url":"https:\/\/ajaimes.inscastellbisbal.net\/?page_id=473","og_site_name":"Adrian Jaimes","article_modified_time":"2026-04-15T06:26:55+00:00","og_image":[{"width":346,"height":57,"url":"https:\/\/ajaimes.inscastellbisbal.net\/wp-content\/uploads\/2025\/09\/imagen-12.png","type":"image\/png"}],"twitter_card":"summary_large_image","twitter_misc":{"Temps estimat de lectura":"2 minuts"},"schema":{"@context":"https:\/\/schema.org","@graph":[{"@type":"WebPage","@id":"https:\/\/ajaimes.inscastellbisbal.net\/?page_id=473","url":"https:\/\/ajaimes.inscastellbisbal.net\/?page_id=473","name":"Configuraci\u00f3 de la safata d'entrada amb etiquetes - Adrian Jaimes","isPartOf":{"@id":"https:\/\/ajaimes.inscastellbisbal.net\/#website"},"primaryImageOfPage":{"@id":"https:\/\/ajaimes.inscastellbisbal.net\/?page_id=473#primaryimage"},"image":{"@id":"https:\/\/ajaimes.inscastellbisbal.net\/?page_id=473#primaryimage"},"thumbnailUrl":"https:\/\/ajaimes.inscastellbisbal.net\/wp-content\/uploads\/2025\/09\/imagen-12.png","datePublished":"2025-09-23T08:27:21+00:00","dateModified":"2026-04-15T06:26:55+00:00","breadcrumb":{"@id":"https:\/\/ajaimes.inscastellbisbal.net\/?page_id=473#breadcrumb"},"inLanguage":"ca","potentialAction":[{"@type":"ReadAction","target":["https:\/\/ajaimes.inscastellbisbal.net\/?page_id=473"]}]},{"@type":"ImageObject","inLanguage":"ca","@id":"https:\/\/ajaimes.inscastellbisbal.net\/?page_id=473#primaryimage","url":"https:\/\/ajaimes.inscastellbisbal.net\/wp-content\/uploads\/2025\/09\/imagen-12.png","contentUrl":"https:\/\/ajaimes.inscastellbisbal.net\/wp-content\/uploads\/2025\/09\/imagen-12.png","width":346,"height":57},{"@type":"BreadcrumbList","@id":"https:\/\/ajaimes.inscastellbisbal.net\/?page_id=473#breadcrumb","itemListElement":[{"@type":"ListItem","position":1,"name":"Inici","item":"https:\/\/ajaimes.inscastellbisbal.net\/"},{"@type":"ListItem","position":2,"name":"1r SMX","item":"https:\/\/ajaimes.inscastellbisbal.net\/?page_id=1084"},{"@type":"ListItem","position":3,"name":"Repte 1.1","item":"https:\/\/ajaimes.inscastellbisbal.net\/?page_id=436"},{"@type":"ListItem","position":4,"name":"1\ufe0f\u20e3 &#8211; \u2709\ufe0f &#8211; Correu corporatiu del centre","item":"https:\/\/ajaimes.inscastellbisbal.net\/?page_id=438"},{"@type":"ListItem","position":5,"name":"Configuraci\u00f3 de la safata d&#8217;entrada amb etiquetes"}]},{"@type":"WebSite","@id":"https:\/\/ajaimes.inscastellbisbal.net\/#website","url":"https:\/\/ajaimes.inscastellbisbal.net\/","name":"Adrian Jaimes","description":"S\u00f3c estudiant d&#039;inform\u00e0tica i aqu\u00ed podr\u00e0s veure el meu cam\u00ed acad\u00e8mic, els projectes que he realitzat i els coneixements que he adquirit durant la meva formaci\u00f3. Aquesta p\u00e0gina \u00e9s un reflex de la meva passi\u00f3 per la tecnologia i el meu comprom\u00eds per seguir aprenent i millorant cada dia.  Explora els meus treballs i seguiment acad\u00e8mic!","publisher":{"@id":"https:\/\/ajaimes.inscastellbisbal.net\/#organization"},"potentialAction":[{"@type":"SearchAction","target":{"@type":"EntryPoint","urlTemplate":"https:\/\/ajaimes.inscastellbisbal.net\/?s={search_term_string}"},"query-input":{"@type":"PropertyValueSpecification","valueRequired":true,"valueName":"search_term_string"}}],"inLanguage":"ca"},{"@type":"Organization","@id":"https:\/\/ajaimes.inscastellbisbal.net\/#organization","name":"Adrian Jaimes","url":"https:\/\/ajaimes.inscastellbisbal.net\/","logo":{"@type":"ImageObject","inLanguage":"ca","@id":"https:\/\/ajaimes.inscastellbisbal.net\/#\/schema\/logo\/image\/","url":"https:\/\/ajaimes.inscastellbisbal.net\/wp-content\/uploads\/2025\/12\/cropped-cropped-cropped-width_550_009.webp","contentUrl":"https:\/\/ajaimes.inscastellbisbal.net\/wp-content\/uploads\/2025\/12\/cropped-cropped-cropped-width_550_009.webp","width":512,"height":512,"caption":"Adrian Jaimes"},"image":{"@id":"https:\/\/ajaimes.inscastellbisbal.net\/#\/schema\/logo\/image\/"}}]}},"jetpack_sharing_enabled":true,"_links":{"self":[{"href":"https:\/\/ajaimes.inscastellbisbal.net\/index.php?rest_route=\/wp\/v2\/pages\/473","targetHints":{"allow":["GET"]}}],"collection":[{"href":"https:\/\/ajaimes.inscastellbisbal.net\/index.php?rest_route=\/wp\/v2\/pages"}],"about":[{"href":"https:\/\/ajaimes.inscastellbisbal.net\/index.php?rest_route=\/wp\/v2\/types\/page"}],"author":[{"embeddable":true,"href":"https:\/\/ajaimes.inscastellbisbal.net\/index.php?rest_route=\/wp\/v2\/users\/1"}],"replies":[{"embeddable":true,"href":"https:\/\/ajaimes.inscastellbisbal.net\/index.php?rest_route=%2Fwp%2Fv2%2Fcomments&post=473"}],"version-history":[{"count":8,"href":"https:\/\/ajaimes.inscastellbisbal.net\/index.php?rest_route=\/wp\/v2\/pages\/473\/revisions"}],"predecessor-version":[{"id":3021,"href":"https:\/\/ajaimes.inscastellbisbal.net\/index.php?rest_route=\/wp\/v2\/pages\/473\/revisions\/3021"}],"up":[{"embeddable":true,"href":"https:\/\/ajaimes.inscastellbisbal.net\/index.php?rest_route=\/wp\/v2\/pages\/438"}],"wp:attachment":[{"href":"https:\/\/ajaimes.inscastellbisbal.net\/index.php?rest_route=%2Fwp%2Fv2%2Fmedia&parent=473"}],"curies":[{"name":"wp","href":"https:\/\/api.w.org\/{rel}","templated":true}]}}