{"id":2246,"date":"2026-02-09T12:53:21","date_gmt":"2026-02-09T12:53:21","guid":{"rendered":"https:\/\/ajaimes.inscastellbisbal.net\/?page_id=2246"},"modified":"2026-04-21T07:48:47","modified_gmt":"2026-04-21T07:48:47","slug":"generacio-de-vcard-amb-qr-pels-assistents-a-lesdeveniment","status":"publish","type":"page","link":"https:\/\/ajaimes.inscastellbisbal.net\/?page_id=2246","title":{"rendered":"Generaci\u00f3 de vCard amb QR pels assistents a l&#8217;esdeveniment"},"content":{"rendered":"\n<h3 class=\"wp-block-heading\">Qu\u00e9 hemos hecho? <\/h3>\n\n\n\n<p>Para el evento <strong>TalentFP<\/strong>, hemos Dins del marc de l&#8217;esdeveniment <strong>Talentosa<\/strong>, hem creat una identitat digital mitjan\u00e7ant un codi QR. L&#8217;objectiu \u00e9s que els 51 participants (alumnes d&#8217;SMX i els companys del cicle de Gesti\u00f3 Administrativa de l&#8217;<strong>Institut Castellbisbal<\/strong>) puguin intercanviar les dades de contacte de forma instant\u00e0nia.<\/p>\n\n\n\n<h3 class=\"wp-block-heading\">Implementaci\u00f3 T\u00e8cnica (Pas a pas)<\/h3>\n\n\n\n<p>Per aconseguir un resultat excel\u00b7lent he seguit aquests passos:<\/p>\n\n\n\n<ul class=\"wp-block-list\">\n<li><strong>Configuraci\u00f3 de la vCard:<\/strong> He introdu\u00eft el meu <strong>Nom i Cognoms<\/strong>, el c\u00e0rrec de t\u00e8cnic d&#8217;SMX i el nom del centre: <strong>Institut Castellbisbal<\/strong>.<\/li>\n\n\n\n<li><strong>Verificaci\u00f3:<\/strong> He comprovat amb el m\u00f2bil que, en escanejar-lo, el dispositiu reconeix autom\u00e0ticament el format de contacte i permet desar-lo a l&#8217;agenda sense escriure res.<\/li>\n<\/ul>\n\n\n\n<figure class=\"wp-block-image size-full\"><img loading=\"lazy\" decoding=\"async\" width=\"666\" height=\"791\" title=\"imagen\" src=\"https:\/\/ajaimes.inscastellbisbal.net\/wp-content\/uploads\/2026\/04\/imagen-11.png\" alt=\"\" class=\"wp-image-3081\" srcset=\"https:\/\/ajaimes.inscastellbisbal.net\/wp-content\/uploads\/2026\/04\/imagen-11.png 666w, https:\/\/ajaimes.inscastellbisbal.net\/wp-content\/uploads\/2026\/04\/imagen-11-253x300.png 253w\" sizes=\"(max-width: 666px) 100vw, 666px\" \/><\/figure>\n\n\n\n<div data-wp-interactive=\"core\/file\" class=\"wp-block-file\"><object data-wp-bind--hidden=\"!state.hasPdfPreview\" hidden class=\"wp-block-file__embed\" data=\"https:\/\/ajaimes.inscastellbisbal.net\/wp-content\/uploads\/2026\/04\/Adrian-Eduardo-Jaimes-Perdomo-85x55-Indentificador-Template-3-1.pdf\" type=\"application\/pdf\" style=\"width:100%;height:310px\" aria-label=\"Incrustaci\u00f3 del fitxer Adrian Eduardo Jaimes Perdomo - 85x55 Indentificador [Template]-3-1.\"><\/object><a id=\"wp-block-file--media-0676c6e1-2a6a-4434-ae14-c983d91dadc5\" href=\"https:\/\/ajaimes.inscastellbisbal.net\/wp-content\/uploads\/2026\/04\/Adrian-Eduardo-Jaimes-Perdomo-85x55-Indentificador-Template-3-1.pdf\">Adrian Eduardo Jaimes Perdomo &#8211; 85&#215;55 Indentificador [Template]-3-1<\/a><a href=\"https:\/\/ajaimes.inscastellbisbal.net\/wp-content\/uploads\/2026\/04\/Adrian-Eduardo-Jaimes-Perdomo-85x55-Indentificador-Template-3-1.pdf\" class=\"wp-block-file__button wp-element-button\" download aria-describedby=\"wp-block-file--media-0676c6e1-2a6a-4434-ae14-c983d91dadc5\">Baixa<\/a><\/div>\n\n\n\n<h3 class=\"wp-block-heading\">Justificaci\u00f3 (Per qu\u00e8 \u00e9s important?)<\/h3>\n\n\n\n<ul class=\"wp-block-list\">\n<li><strong>Identitat de Centre:<\/strong> En compartir el mateix institut (<strong>Castellbisbal<\/strong>) amb el cicle d&#8217;Administraci\u00f3, aquest QR serveix com a nexe d&#8217;uni\u00f3 entre els dos grups professionals.<\/li>\n\n\n\n<li><strong>Sostenibilitat:<\/strong> Continuant amb la filosofia de reciclatge que hem aplicat amb el cablejat, el QR evita l&#8217;\u00fas de targetes f\u00edsiques que acaben a la paperera.<\/li>\n\n\n\n<li><strong>Estandarditzaci\u00f3:<\/strong> Utilitzar el logo de la <strong>Talentosa<\/strong> dona una imatge d&#8217;unitat i qualitat a tot el projecte<\/li>\n<\/ul>\n\n\n\n<p><\/p>\n","protected":false},"excerpt":{"rendered":"<p>Qu\u00e9 hemos hecho? Para el evento TalentFP, hemos Dins del marc de l&#8217;esdeveniment Talentosa, hem creat una identitat digital mitjan\u00e7ant un codi QR. L&#8217;objectiu \u00e9s que els 51 participants (alumnes d&#8217;SMX i els companys del cicle de Gesti\u00f3 Administrativa de l&#8217;Institut Castellbisbal) puguin intercanviar les dades de contacte de forma instant\u00e0nia. Implementaci\u00f3 T\u00e8cnica (Pas a [&hellip;]<\/p>\n","protected":false},"author":1,"featured_media":0,"parent":2238,"menu_order":0,"comment_status":"closed","ping_status":"closed","template":"","meta":{"saved_in_kubio":false,"_dseop_meta":"{\"noFollowLinks\":{\"linkList\":[],\"ignoredGlobalDomains\":[],\"textboxValue\":\"\"},\"schemaMarkup\":{\"schemas\":[{\"templateId\":\"WebpageSchema\",\"name\":\"Webpage\",\"id\":\"WebpageSchema\",\"schemaData\":{\"@type\":\"WebPage\",\"@id\":\"\",\"name\":\"\",\"url\":\"\",\"description\":\"\",\"breadcrumb\":{\"@type\":\"BreadcrumbList\",\"@id\":\"\"},\"datePublished\":\"\",\"dateModified\":\"\",\"inLanguage\":\"\"}}],\"schemaTemplates\":[]},\"metaDescription\":{\"metaData\":[]},\"keywordAppearance\":{\"contentDetails\":[{\"name\":\"Word count\",\"count\":194,\"id\":\"wordCount\",\"status\":\"average\",\"detailStatus\":\"shortAverage\",\"tooltip\":\"words count should be greater then 1500.\"},{\"id\":\"heading1\",\"name\":\"heading 1\",\"count\":1,\"status\":\"excellent\",\"detailStatus\":\"excellent\",\"tooltip\":\"good use of h1 tag.\"},{\"id\":\"heading2\",\"name\":\"heading 2\",\"count\":0,\"status\":\"poor\",\"detailStatus\":\"missing\",\"tooltip\":\"web page should have h2 tags for better SEO\"},{\"id\":\"heading3\",\"name\":\"heading 3\",\"count\":3,\"status\":\"excellent\",\"detailStatus\":\"excellent\",\"tooltip\":\"good use of h3 tags.\"},{\"id\":\"paragraphTags\",\"name\":\"paragraph tags\",\"count\":2,\"status\":\"excellent\",\"detailStatus\":\"excellent\",\"tooltip\":\"good use of paragraph tags.\"},{\"id\":\"boldAndStrongTags\",\"name\":\"bold and strong tags list\",\"count\":12,\"status\":\"excellent\",\"detailStatus\":\"excellent\",\"tooltip\":\"good use of bold and strong tags.\"},{\"name\":\"Avg. Stopword percentage\",\"count\":7,\"id\":\"averageStopwordPercentage\"},{\"name\":\"Avg. Words per sentence\",\"count\":28,\"id\":\"averageWordsPerSentence\"},{\"name\":\"Stopword count\",\"count\":13,\"id\":\"sentenceCount\"},{\"name\":\"Sentence count\",\"count\":7,\"id\":\"sentenceCount\"},{\"name\":\"Letter count\",\"count\":1035,\"id\":\"letterCount\"},{\"name\":\"Difficult word\",\"count\":59,\"id\":\"difficultWord\"}],\"advanceOptions\":[],\"modifyStopwords\":{\"customStopwords\":[],\"disabledStopwords\":[]}},\"socialMedia\":{\"openGraphData\":[],\"twitterData\":{\"xSummaryCardData\":[],\"xAppCardData\":{\"iphoneAppName\":\"\",\"iphoneAppId\":\"\",\"iphoneAppUrl\":\"\",\"ipadAppName\":\"\",\"ipadAppId\":\"\",\"ipadAppUrl\":\"\",\"googlePlayAppName\":\"\",\"googlePlayAppId\":\"\",\"googlePlayAppUrl\":\"\",\"appCountry\":\"\"},\"xPlayerCardData\":{\"player\":\"\",\"playerWidth\":\"\",\"streamUrl\":\"\",\"streamContentType\":\"\"}}},\"readability\":{\"readabilityFactorList\":[{\"helpLink\":\"link\",\"isError\":true,\"name\":\"Flesch - Kincaid reading ease\",\"score\":2.24,\"description\":\"The Flesch-Kincaid Reading Ease score measures the readability of your text. A higher score indicates easier-to-read content. Aim for a score between 60 and 70 for most web content.\",\"grade\":\"Very Difficult (College Graduate)\"},{\"helpLink\":\"link\",\"isError\":true,\"name\":\"Gunning fog score\",\"score\":20.79,\"description\":\"The Gunning Fog Score estimates the years of formal education needed to understand your text. Lower scores indicate easier readability. Aim for a score of 7 to 8 for general audiences.\",\"grade\":\"College Graduate (Grade 17+)\"},{\"helpLink\":\"link\",\"isError\":false,\"name\":\"Coleman liau index\",\"score\":14.2,\"description\":\"The Coleman-Liau Index calculates readability based on characters per word and sentence length. It estimates the U.S. school grade level required to comprehend the text. A lower score suggests easier content.\",\"grade\":\"College (Grade 13-16)\"},{\"helpLink\":\"link\",\"isError\":false,\"name\":\"Flesch - Kincaid grade level\",\"score\":18.3,\"description\":\"The Flesch-Kincaid Grade Level formula evaluates the readability of your text by calculating the U.S. school grade level. A lower grade level indicates easier readability.\",\"grade\":\"College Graduate (Grade 17+)\"},{\"helpLink\":\"link\",\"isError\":false,\"name\":\"Smog index\",\"score\":17.76,\"description\":\"The SMOG (Simple Measure of Gobbledygook) Index estimates the years of education a person needs to understand a text. A lower score means simpler text, while a higher score suggests more complex content.\",\"grade\":\"College Graduate (Grade 17+)\"},{\"helpLink\":\"link\",\"isError\":false,\"name\":\"Automated readability index\",\"score\":14.48,\"description\":\"The Automated Readability Index calculates the readability of your content using characters per word and words per sentence. It estimates the U.S. school grade level needed to understand the text.\",\"grade\":\"College (Grade 13-16)\"},{\"helpLink\":\"link\",\"isError\":false,\"name\":\"Dale chall readability score\",\"score\":9.51,\"description\":\"The Dale-Chall Readability Score evaluates the readability of your text based on familiar words and sentence structure. A lower score indicates that the content is easier to read.\",\"grade\":\"College\"},{\"helpLink\":\"link\",\"isError\":false,\"name\":\"Spache readability score\",\"score\":3.27,\"description\":\"The Spache Readability Score measures the readability of texts for younger readers. It identifies words that are unfamiliar to children and calculates a score accordingly. A lower score indicates easier content.\",\"grade\":\"3rd grade\"}]},\"advanceSetting\":{\"advanceRobotsMeta\":[],\"breadcrumbTitle\":\"\",\"canonicalURL\":\"\",\"criticalOptions\":[]},\"scoring\":{\"subScoring\":{\"metaDescriptionScore\":4.5,\"schemaMarkupScore\":8,\"outwardInterlinkingScore\":0,\"inwardInterlinkingScore\":0,\"socialMediaScore\":1,\"misspelledWordsScore\":0,\"advanceSettingScore\":3,\"noFollowLinksScore\":0,\"keywordAppearanceScore\":2,\"imageAnalyticsScore\":1},\"singlePostScore\":30},\"misspelledWords\":[],\"pointsToImprove\":{\"count\":{\"criticalPointsCount\":0,\"recommendedPointsCount\":0},\"pointsToImproveDetails\":{\"searchEngineAppearance\":[{\"id\":\"recommended_meta_title_average\",\"name\":{\"label\":\"Meta title is average\"},\"type\":\"Recommended\",\"priority\":\"too_high\"},{\"id\":\"recommended_keyword_missing_meta_title\",\"name\":{\"label\":\"Keyword is missing in meta title.\"},\"type\":\"Critical\",\"priority\":\"too_high\"},{\"id\":\"critical_meta_description_missing\",\"name\":{\"label\":\"Meta Description is missing\"},\"type\":\"Critical\"},{\"id\":\"recommended_keyword_missing_permalink\",\"name\":{\"label\":\"Keyword is missing in permalink.\"},\"type\":\"Critical\"}],\"searchEngineVisibility\":[],\"redirectedLink301\":[],\"socialMedia\":[{\"id\":\"critical_missing_social_media_image\",\"name\":{\"label\":\"Image is missing in social media appearance.\"},\"type\":\"Critical\",\"priority\":\"high\"},{\"id\":\"recommended_keyword_missing_open_graph_title\",\"name\":{\"label\":\"Keyword is missing in social media title.\"},\"type\":\"Recommended\"},{\"id\":\"recommended_average_social_media_title\",\"name\":{\"label\":\"Title is average in social media appearance.\"},\"type\":\"Recommended\"},{\"id\":\"critical_missing_social_media_description\",\"name\":{\"label\":\"Description is missing in social media appearance.\"},\"type\":\"Critical\",\"priority\":\"high\"},{\"id\":\"critical_missing_social_media_twitter_image\",\"name\":{\"label\":\"X(Twitter) image is missing in social media appearance.\"},\"type\":\"Critical\",\"priority\":\"high\"},{\"id\":\"recommended_keyword_missing_twitter_title\",\"name\":{\"label\":\"Keyword is missing in X(Twitter) title.\"},\"type\":\"Recommended\"},{\"id\":\"recommended_average_social_media_twitter_title\",\"name\":{\"label\":\"X(Twitter) title is average in social media appearance.\"},\"type\":\"Recommended\"},{\"id\":\"critical_missing_social_media_twitter_description\",\"name\":{\"label\":\"X(Twitter) description is missing in social media appearance.\"},\"type\":\"Critical\"}],\"noFollowLink\":[],\"misspelledWords\":[],\"inwardLinks\":[],\"outwardLinks\":[],\"keywordAppearance\":[{\"id\":\"critical_no_selected_keyword\",\"name\":{\"label\":\"Selected keyword missing in keyword appearance.\"},\"type\":\"Critical\",\"priority\":\"too_high\"},{\"id\":\"critical_word_count_is_low\",\"name\":{\"label\":\"Word count is low in your content add more words.\"},\"type\":\"Recommended\"},{\"id\":\"critical_heading2_is_missing\",\"name\":{\"label\":\"Missing H2 tags, which are important for content structure.\"},\"type\":\"Critical\",\"priority\":\"high\"}],\"advanceSettings\":[],\"schemaMarkup\":[],\"imageAnalytics\":[{\"id\":\"critical_missing_images_title_attribute\",\"name\":{\"label\":\"Missing images title attribute.\"},\"type\":\"Critical\"},{\"id\":\"critical_missing_images_alt_attribute\",\"name\":{\"label\":\"Missing images alt attribute.\"},\"type\":\"Critical\"},{\"id\":\"critical_keyword_missing_in_image_filename\",\"name\":{\"label\":\"Keyword missing in images filename.\"},\"type\":\"Critical\"}],\"productGtins\":[]}},\"imageAnalytics\":{\"imageAnalysis\":[{\"id\":\"TotalImages\",\"name\":\"Total images\",\"value\":\"1\"},{\"id\":\"ImagesHasTitle\",\"name\":\"Images has title\",\"value\":\"0\",\"outOff\":\"1\",\"status\":\"poor\",\"tooltip\":\"Missing image title attribute\"},{\"id\":\"ImageHasAltAttribute\",\"name\":\"Images has alt\",\"value\":\"0\",\"outOff\":\"1\",\"status\":\"poor\",\"tooltip\":\"Missing alt attribute\"},{\"id\":\"ImagesHasProperFileName\",\"name\":\"Images has proper filename format\",\"value\":\"1\",\"outOff\":\"1\",\"status\":\"excellent\",\"tooltip\":\"Good! all images has proper filename format\"},{\"id\":\"KeywordInTitleAttribute\",\"name\":\"Keyword in image title\",\"value\":\"0\",\"outOff\":\"0\",\"status\":\"disabled\",\"tooltip\":\"Add image title attribute to enable this feature.\"},{\"id\":\"KeywordInAltAttribute\",\"name\":\"Keyword in image Alt\",\"value\":\"0\",\"outOff\":\"0\",\"status\":\"disabled\",\"tooltip\":\"Add image alt attribute to enable this feature.\"},{\"id\":\"KeywordInFilename\",\"name\":\"Keyword in image filename\",\"value\":\"0\",\"outOff\":\"1\",\"status\":\"poor\",\"tooltip\":\"Missing keyword in image filename\"}]}}","_dseop_selected_keywords":"","footnotes":""},"class_list":["post-2246","page","type-page","status-publish","hentry"],"kubio_ai_page_context":{"short_desc":"","purpose":"general"},"yoast_head":"<!-- This site is optimized with the Yoast SEO plugin v27.5 - https:\/\/yoast.com\/product\/yoast-seo-wordpress\/ -->\n<title>Generaci\u00f3 de vCard amb QR pels assistents a l&#039;esdeveniment - Adrian Jaimes<\/title>\n<meta name=\"robots\" content=\"index, follow, max-snippet:-1, max-image-preview:large, max-video-preview:-1\" \/>\n<link rel=\"canonical\" href=\"https:\/\/ajaimes.inscastellbisbal.net\/?page_id=2246\" \/>\n<meta property=\"og:locale\" content=\"ca_ES\" \/>\n<meta property=\"og:type\" content=\"article\" \/>\n<meta property=\"og:title\" content=\"Generaci\u00f3 de vCard amb QR pels assistents a l&#039;esdeveniment - Adrian Jaimes\" \/>\n<meta property=\"og:description\" content=\"Qu\u00e9 hemos hecho? Para el evento TalentFP, hemos Dins del marc de l&#8217;esdeveniment Talentosa, hem creat una identitat digital mitjan\u00e7ant un codi QR. L&#8217;objectiu \u00e9s que els 51 participants (alumnes d&#8217;SMX i els companys del cicle de Gesti\u00f3 Administrativa de l&#8217;Institut Castellbisbal) puguin intercanviar les dades de contacte de forma instant\u00e0nia. Implementaci\u00f3 T\u00e8cnica (Pas a [&hellip;]\" \/>\n<meta property=\"og:url\" content=\"https:\/\/ajaimes.inscastellbisbal.net\/?page_id=2246\" \/>\n<meta property=\"og:site_name\" content=\"Adrian Jaimes\" \/>\n<meta property=\"article:modified_time\" content=\"2026-04-21T07:48:47+00:00\" \/>\n<meta property=\"og:image\" content=\"https:\/\/ajaimes.inscastellbisbal.net\/wp-content\/uploads\/2026\/04\/imagen-11.png\" \/>\n\t<meta property=\"og:image:width\" content=\"666\" \/>\n\t<meta property=\"og:image:height\" content=\"791\" \/>\n\t<meta property=\"og:image:type\" content=\"image\/png\" \/>\n<meta name=\"twitter:card\" content=\"summary_large_image\" \/>\n<meta name=\"twitter:label1\" content=\"Temps estimat de lectura\" \/>\n\t<meta name=\"twitter:data1\" content=\"2 minuts\" \/>\n<script type=\"application\/ld+json\" class=\"yoast-schema-graph\">{\"@context\":\"https:\\\/\\\/schema.org\",\"@graph\":[{\"@type\":\"WebPage\",\"@id\":\"https:\\\/\\\/ajaimes.inscastellbisbal.net\\\/?page_id=2246\",\"url\":\"https:\\\/\\\/ajaimes.inscastellbisbal.net\\\/?page_id=2246\",\"name\":\"Generaci\u00f3 de vCard amb QR pels assistents a l'esdeveniment - Adrian Jaimes\",\"isPartOf\":{\"@id\":\"https:\\\/\\\/ajaimes.inscastellbisbal.net\\\/#website\"},\"primaryImageOfPage\":{\"@id\":\"https:\\\/\\\/ajaimes.inscastellbisbal.net\\\/?page_id=2246#primaryimage\"},\"image\":{\"@id\":\"https:\\\/\\\/ajaimes.inscastellbisbal.net\\\/?page_id=2246#primaryimage\"},\"thumbnailUrl\":\"https:\\\/\\\/ajaimes.inscastellbisbal.net\\\/wp-content\\\/uploads\\\/2026\\\/04\\\/imagen-11.png\",\"datePublished\":\"2026-02-09T12:53:21+00:00\",\"dateModified\":\"2026-04-21T07:48:47+00:00\",\"breadcrumb\":{\"@id\":\"https:\\\/\\\/ajaimes.inscastellbisbal.net\\\/?page_id=2246#breadcrumb\"},\"inLanguage\":\"ca\",\"potentialAction\":[{\"@type\":\"ReadAction\",\"target\":[\"https:\\\/\\\/ajaimes.inscastellbisbal.net\\\/?page_id=2246\"]}]},{\"@type\":\"ImageObject\",\"inLanguage\":\"ca\",\"@id\":\"https:\\\/\\\/ajaimes.inscastellbisbal.net\\\/?page_id=2246#primaryimage\",\"url\":\"https:\\\/\\\/ajaimes.inscastellbisbal.net\\\/wp-content\\\/uploads\\\/2026\\\/04\\\/imagen-11.png\",\"contentUrl\":\"https:\\\/\\\/ajaimes.inscastellbisbal.net\\\/wp-content\\\/uploads\\\/2026\\\/04\\\/imagen-11.png\",\"width\":666,\"height\":791},{\"@type\":\"BreadcrumbList\",\"@id\":\"https:\\\/\\\/ajaimes.inscastellbisbal.net\\\/?page_id=2246#breadcrumb\",\"itemListElement\":[{\"@type\":\"ListItem\",\"position\":1,\"name\":\"Inici\",\"item\":\"https:\\\/\\\/ajaimes.inscastellbisbal.net\\\/\"},{\"@type\":\"ListItem\",\"position\":2,\"name\":\"1r SMX\",\"item\":\"https:\\\/\\\/ajaimes.inscastellbisbal.net\\\/?page_id=1084\"},{\"@type\":\"ListItem\",\"position\":3,\"name\":\"Repte 1.4\",\"item\":\"https:\\\/\\\/ajaimes.inscastellbisbal.net\\\/?page_id=1496\"},{\"@type\":\"ListItem\",\"position\":4,\"name\":\"5\ufe0f\u20e3 &#8211; \ud83c\udfa1\u200b &#8211; La Fira\",\"item\":\"https:\\\/\\\/ajaimes.inscastellbisbal.net\\\/?page_id=2238\"},{\"@type\":\"ListItem\",\"position\":5,\"name\":\"Generaci\u00f3 de vCard amb QR pels assistents a l&#8217;esdeveniment\"}]},{\"@type\":\"WebSite\",\"@id\":\"https:\\\/\\\/ajaimes.inscastellbisbal.net\\\/#website\",\"url\":\"https:\\\/\\\/ajaimes.inscastellbisbal.net\\\/\",\"name\":\"Adrian Jaimes\",\"description\":\"S\u00f3c estudiant d&#039;inform\u00e0tica i aqu\u00ed podr\u00e0s veure el meu cam\u00ed acad\u00e8mic, els projectes que he realitzat i els coneixements que he adquirit durant la meva formaci\u00f3. Aquesta p\u00e0gina \u00e9s un reflex de la meva passi\u00f3 per la tecnologia i el meu comprom\u00eds per seguir aprenent i millorant cada dia.  Explora els meus treballs i seguiment acad\u00e8mic!\",\"publisher\":{\"@id\":\"https:\\\/\\\/ajaimes.inscastellbisbal.net\\\/#organization\"},\"potentialAction\":[{\"@type\":\"SearchAction\",\"target\":{\"@type\":\"EntryPoint\",\"urlTemplate\":\"https:\\\/\\\/ajaimes.inscastellbisbal.net\\\/?s={search_term_string}\"},\"query-input\":{\"@type\":\"PropertyValueSpecification\",\"valueRequired\":true,\"valueName\":\"search_term_string\"}}],\"inLanguage\":\"ca\"},{\"@type\":\"Organization\",\"@id\":\"https:\\\/\\\/ajaimes.inscastellbisbal.net\\\/#organization\",\"name\":\"Adrian Jaimes\",\"url\":\"https:\\\/\\\/ajaimes.inscastellbisbal.net\\\/\",\"logo\":{\"@type\":\"ImageObject\",\"inLanguage\":\"ca\",\"@id\":\"https:\\\/\\\/ajaimes.inscastellbisbal.net\\\/#\\\/schema\\\/logo\\\/image\\\/\",\"url\":\"https:\\\/\\\/ajaimes.inscastellbisbal.net\\\/wp-content\\\/uploads\\\/2025\\\/12\\\/cropped-cropped-cropped-width_550_009.webp\",\"contentUrl\":\"https:\\\/\\\/ajaimes.inscastellbisbal.net\\\/wp-content\\\/uploads\\\/2025\\\/12\\\/cropped-cropped-cropped-width_550_009.webp\",\"width\":512,\"height\":512,\"caption\":\"Adrian Jaimes\"},\"image\":{\"@id\":\"https:\\\/\\\/ajaimes.inscastellbisbal.net\\\/#\\\/schema\\\/logo\\\/image\\\/\"}}]}<\/script>\n<!-- \/ Yoast SEO plugin. -->","yoast_head_json":{"title":"Generaci\u00f3 de vCard amb QR pels assistents a l'esdeveniment - Adrian Jaimes","robots":{"index":"index","follow":"follow","max-snippet":"max-snippet:-1","max-image-preview":"max-image-preview:large","max-video-preview":"max-video-preview:-1"},"canonical":"https:\/\/ajaimes.inscastellbisbal.net\/?page_id=2246","og_locale":"ca_ES","og_type":"article","og_title":"Generaci\u00f3 de vCard amb QR pels assistents a l'esdeveniment - Adrian Jaimes","og_description":"Qu\u00e9 hemos hecho? Para el evento TalentFP, hemos Dins del marc de l&#8217;esdeveniment Talentosa, hem creat una identitat digital mitjan\u00e7ant un codi QR. L&#8217;objectiu \u00e9s que els 51 participants (alumnes d&#8217;SMX i els companys del cicle de Gesti\u00f3 Administrativa de l&#8217;Institut Castellbisbal) puguin intercanviar les dades de contacte de forma instant\u00e0nia. Implementaci\u00f3 T\u00e8cnica (Pas a [&hellip;]","og_url":"https:\/\/ajaimes.inscastellbisbal.net\/?page_id=2246","og_site_name":"Adrian Jaimes","article_modified_time":"2026-04-21T07:48:47+00:00","og_image":[{"width":666,"height":791,"url":"https:\/\/ajaimes.inscastellbisbal.net\/wp-content\/uploads\/2026\/04\/imagen-11.png","type":"image\/png"}],"twitter_card":"summary_large_image","twitter_misc":{"Temps estimat de lectura":"2 minuts"},"schema":{"@context":"https:\/\/schema.org","@graph":[{"@type":"WebPage","@id":"https:\/\/ajaimes.inscastellbisbal.net\/?page_id=2246","url":"https:\/\/ajaimes.inscastellbisbal.net\/?page_id=2246","name":"Generaci\u00f3 de vCard amb QR pels assistents a l'esdeveniment - Adrian Jaimes","isPartOf":{"@id":"https:\/\/ajaimes.inscastellbisbal.net\/#website"},"primaryImageOfPage":{"@id":"https:\/\/ajaimes.inscastellbisbal.net\/?page_id=2246#primaryimage"},"image":{"@id":"https:\/\/ajaimes.inscastellbisbal.net\/?page_id=2246#primaryimage"},"thumbnailUrl":"https:\/\/ajaimes.inscastellbisbal.net\/wp-content\/uploads\/2026\/04\/imagen-11.png","datePublished":"2026-02-09T12:53:21+00:00","dateModified":"2026-04-21T07:48:47+00:00","breadcrumb":{"@id":"https:\/\/ajaimes.inscastellbisbal.net\/?page_id=2246#breadcrumb"},"inLanguage":"ca","potentialAction":[{"@type":"ReadAction","target":["https:\/\/ajaimes.inscastellbisbal.net\/?page_id=2246"]}]},{"@type":"ImageObject","inLanguage":"ca","@id":"https:\/\/ajaimes.inscastellbisbal.net\/?page_id=2246#primaryimage","url":"https:\/\/ajaimes.inscastellbisbal.net\/wp-content\/uploads\/2026\/04\/imagen-11.png","contentUrl":"https:\/\/ajaimes.inscastellbisbal.net\/wp-content\/uploads\/2026\/04\/imagen-11.png","width":666,"height":791},{"@type":"BreadcrumbList","@id":"https:\/\/ajaimes.inscastellbisbal.net\/?page_id=2246#breadcrumb","itemListElement":[{"@type":"ListItem","position":1,"name":"Inici","item":"https:\/\/ajaimes.inscastellbisbal.net\/"},{"@type":"ListItem","position":2,"name":"1r SMX","item":"https:\/\/ajaimes.inscastellbisbal.net\/?page_id=1084"},{"@type":"ListItem","position":3,"name":"Repte 1.4","item":"https:\/\/ajaimes.inscastellbisbal.net\/?page_id=1496"},{"@type":"ListItem","position":4,"name":"5\ufe0f\u20e3 &#8211; \ud83c\udfa1\u200b &#8211; La Fira","item":"https:\/\/ajaimes.inscastellbisbal.net\/?page_id=2238"},{"@type":"ListItem","position":5,"name":"Generaci\u00f3 de vCard amb QR pels assistents a l&#8217;esdeveniment"}]},{"@type":"WebSite","@id":"https:\/\/ajaimes.inscastellbisbal.net\/#website","url":"https:\/\/ajaimes.inscastellbisbal.net\/","name":"Adrian Jaimes","description":"S\u00f3c estudiant d&#039;inform\u00e0tica i aqu\u00ed podr\u00e0s veure el meu cam\u00ed acad\u00e8mic, els projectes que he realitzat i els coneixements que he adquirit durant la meva formaci\u00f3. Aquesta p\u00e0gina \u00e9s un reflex de la meva passi\u00f3 per la tecnologia i el meu comprom\u00eds per seguir aprenent i millorant cada dia.  Explora els meus treballs i seguiment acad\u00e8mic!","publisher":{"@id":"https:\/\/ajaimes.inscastellbisbal.net\/#organization"},"potentialAction":[{"@type":"SearchAction","target":{"@type":"EntryPoint","urlTemplate":"https:\/\/ajaimes.inscastellbisbal.net\/?s={search_term_string}"},"query-input":{"@type":"PropertyValueSpecification","valueRequired":true,"valueName":"search_term_string"}}],"inLanguage":"ca"},{"@type":"Organization","@id":"https:\/\/ajaimes.inscastellbisbal.net\/#organization","name":"Adrian Jaimes","url":"https:\/\/ajaimes.inscastellbisbal.net\/","logo":{"@type":"ImageObject","inLanguage":"ca","@id":"https:\/\/ajaimes.inscastellbisbal.net\/#\/schema\/logo\/image\/","url":"https:\/\/ajaimes.inscastellbisbal.net\/wp-content\/uploads\/2025\/12\/cropped-cropped-cropped-width_550_009.webp","contentUrl":"https:\/\/ajaimes.inscastellbisbal.net\/wp-content\/uploads\/2025\/12\/cropped-cropped-cropped-width_550_009.webp","width":512,"height":512,"caption":"Adrian Jaimes"},"image":{"@id":"https:\/\/ajaimes.inscastellbisbal.net\/#\/schema\/logo\/image\/"}}]}},"jetpack_sharing_enabled":true,"_links":{"self":[{"href":"https:\/\/ajaimes.inscastellbisbal.net\/index.php?rest_route=\/wp\/v2\/pages\/2246","targetHints":{"allow":["GET"]}}],"collection":[{"href":"https:\/\/ajaimes.inscastellbisbal.net\/index.php?rest_route=\/wp\/v2\/pages"}],"about":[{"href":"https:\/\/ajaimes.inscastellbisbal.net\/index.php?rest_route=\/wp\/v2\/types\/page"}],"author":[{"embeddable":true,"href":"https:\/\/ajaimes.inscastellbisbal.net\/index.php?rest_route=\/wp\/v2\/users\/1"}],"replies":[{"embeddable":true,"href":"https:\/\/ajaimes.inscastellbisbal.net\/index.php?rest_route=%2Fwp%2Fv2%2Fcomments&post=2246"}],"version-history":[{"count":3,"href":"https:\/\/ajaimes.inscastellbisbal.net\/index.php?rest_route=\/wp\/v2\/pages\/2246\/revisions"}],"predecessor-version":[{"id":3082,"href":"https:\/\/ajaimes.inscastellbisbal.net\/index.php?rest_route=\/wp\/v2\/pages\/2246\/revisions\/3082"}],"up":[{"embeddable":true,"href":"https:\/\/ajaimes.inscastellbisbal.net\/index.php?rest_route=\/wp\/v2\/pages\/2238"}],"wp:attachment":[{"href":"https:\/\/ajaimes.inscastellbisbal.net\/index.php?rest_route=%2Fwp%2Fv2%2Fmedia&parent=2246"}],"curies":[{"name":"wp","href":"https:\/\/api.w.org\/{rel}","templated":true}]}}