{"id":2144,"date":"2026-02-09T12:18:30","date_gmt":"2026-02-09T12:18:30","guid":{"rendered":"https:\/\/ajaimes.inscastellbisbal.net\/?page_id=2144"},"modified":"2026-04-21T07:34:59","modified_gmt":"2026-04-21T07:34:59","slug":"unitat-2-autoanalisi","status":"publish","type":"page","link":"https:\/\/ajaimes.inscastellbisbal.net\/?page_id=2144","title":{"rendered":"Unitat 2: Autoan\u00e0lisi"},"content":{"rendered":"\n<p>Aquesta pr\u00e0ctica s&#8217;emmarca dins de la <strong>Fase 4: \u00c0mbits de coneixement<\/strong> de la Unitat 2, i t\u00e9 com a objectiu principal realitzar un exercici d&#8217;<strong>autoan\u00e0lisi i autoconeixement personal<\/strong> aplicat al perfil professional. Utilitzant l&#8217;eina del <strong>Canvas<\/strong> i la metodologia <strong>MIMO<\/strong> (Mantenir, Incorporar, Millorar i Ometre), es pret\u00e9n identificar les compet\u00e8ncies actuals, aix\u00ed com aquelles \u00e0rees de millora i aprenentatge necess\u00e0ries per a l&#8217;evoluci\u00f3 en el sector de la inform\u00e0tica i el muntatge de sistemes.<\/p>\n\n\n\n<figure class=\"wp-block-image size-large\"><img loading=\"lazy\" decoding=\"async\" width=\"1024\" height=\"590\" title=\"imagen-58-1024x590\" src=\"https:\/\/ajaimes.inscastellbisbal.net\/wp-content\/uploads\/2026\/03\/imagen-58-1024x590.png\" alt=\"\" class=\"wp-image-2960\" srcset=\"https:\/\/ajaimes.inscastellbisbal.net\/wp-content\/uploads\/2026\/03\/imagen-58-1024x590.png 1024w, https:\/\/ajaimes.inscastellbisbal.net\/wp-content\/uploads\/2026\/03\/imagen-58-300x173.png 300w, https:\/\/ajaimes.inscastellbisbal.net\/wp-content\/uploads\/2026\/03\/imagen-58-768x443.png 768w, https:\/\/ajaimes.inscastellbisbal.net\/wp-content\/uploads\/2026\/03\/imagen-58.png 1263w\" sizes=\"(max-width: 1024px) 100vw, 1024px\" \/><\/figure>\n\n\n","protected":false},"excerpt":{"rendered":"<p>Aquesta pr\u00e0ctica s&#8217;emmarca dins de la Fase 4: \u00c0mbits de coneixement de la Unitat 2, i t\u00e9 com a objectiu principal realitzar un exercici d&#8217;autoan\u00e0lisi i autoconeixement personal aplicat al perfil professional. Utilitzant l&#8217;eina del Canvas i la metodologia MIMO (Mantenir, Incorporar, Millorar i Ometre), es pret\u00e9n identificar les compet\u00e8ncies actuals, aix\u00ed com aquelles \u00e0rees [&hellip;]<\/p>\n","protected":false},"author":1,"featured_media":0,"parent":2140,"menu_order":0,"comment_status":"closed","ping_status":"closed","template":"","meta":{"saved_in_kubio":false,"_dseop_meta":"{\"noFollowLinks\":{\"linkList\":[],\"ignoredGlobalDomains\":[],\"textboxValue\":\"\"},\"schemaMarkup\":{\"schemas\":[{\"templateId\":\"WebpageSchema\",\"name\":\"Webpage\",\"id\":\"WebpageSchema\",\"schemaData\":{\"@type\":\"WebPage\",\"@id\":\"\",\"name\":\"\",\"url\":\"\",\"description\":\"\",\"breadcrumb\":{\"@type\":\"BreadcrumbList\",\"@id\":\"\"},\"datePublished\":\"\",\"dateModified\":\"\",\"inLanguage\":\"\"}}],\"schemaTemplates\":[]},\"metaDescription\":{\"metaData\":[]},\"keywordAppearance\":{\"contentDetails\":[{\"name\":\"Word count\",\"count\":78,\"id\":\"wordCount\",\"status\":\"poor\",\"detailStatus\":\"shortPoor\",\"tooltip\":\"words count should be greater then 1500.\"},{\"id\":\"heading1\",\"name\":\"heading 1\",\"count\":1,\"status\":\"excellent\",\"detailStatus\":\"excellent\",\"tooltip\":\"good use of h1 tag.\"},{\"id\":\"heading2\",\"name\":\"heading 2\",\"count\":0,\"status\":\"poor\",\"detailStatus\":\"missing\",\"tooltip\":\"web page should have h2 tags for better SEO\"},{\"id\":\"heading3\",\"name\":\"heading 3\",\"count\":0,\"status\":\"poor\",\"detailStatus\":\"missing\",\"tooltip\":\"web page should have h3 tags for better SEO\"},{\"id\":\"paragraphTags\",\"name\":\"paragraph tags\",\"count\":1,\"status\":\"excellent\",\"detailStatus\":\"excellent\",\"tooltip\":\"good use of paragraph tags.\"},{\"id\":\"boldAndStrongTags\",\"name\":\"bold and strong tags list\",\"count\":4,\"status\":\"success\",\"detailStatus\":\"success\",\"tooltip\":\"web page should have bold and strong tags for better SEO\"},{\"name\":\"Avg. Stopword percentage\",\"count\":10,\"id\":\"averageStopwordPercentage\"},{\"name\":\"Avg. Words per sentence\",\"count\":39,\"id\":\"averageWordsPerSentence\"},{\"name\":\"Stopword count\",\"count\":8,\"id\":\"sentenceCount\"},{\"name\":\"Sentence count\",\"count\":2,\"id\":\"sentenceCount\"},{\"name\":\"Letter count\",\"count\":415,\"id\":\"letterCount\"},{\"name\":\"Difficult word\",\"count\":29,\"id\":\"difficultWord\"}],\"advanceOptions\":[],\"modifyStopwords\":{\"customStopwords\":[],\"disabledStopwords\":[]}},\"socialMedia\":{\"openGraphData\":[],\"twitterData\":{\"xSummaryCardData\":[],\"xAppCardData\":{\"iphoneAppName\":\"\",\"iphoneAppId\":\"\",\"iphoneAppUrl\":\"\",\"ipadAppName\":\"\",\"ipadAppId\":\"\",\"ipadAppUrl\":\"\",\"googlePlayAppName\":\"\",\"googlePlayAppId\":\"\",\"googlePlayAppUrl\":\"\",\"appCountry\":\"\"},\"xPlayerCardData\":{\"player\":\"\",\"playerWidth\":\"\",\"streamUrl\":\"\",\"streamContentType\":\"\"}}},\"readability\":{\"readabilityFactorList\":[{\"helpLink\":\"link\",\"isError\":true,\"name\":\"Flesch - Kincaid reading ease\",\"score\":-10.45,\"description\":\"The Flesch-Kincaid Reading Ease score measures the readability of your text. A higher score indicates easier-to-read content. Aim for a score between 60 and 70 for most web content.\",\"grade\":\"Very Difficult (College Graduate)\"},{\"helpLink\":\"link\",\"isError\":true,\"name\":\"Gunning fog score\",\"score\":25.27,\"description\":\"The Gunning Fog Score estimates the years of formal education needed to understand your text. Lower scores indicate easier readability. Aim for a score of 7 to 8 for general audiences.\",\"grade\":\"College Graduate (Grade 17+)\"},{\"helpLink\":\"link\",\"isError\":false,\"name\":\"Coleman liau index\",\"score\":14.35,\"description\":\"The Coleman-Liau Index calculates readability based on characters per word and sentence length. It estimates the U.S. school grade level required to comprehend the text. A lower score suggests easier content.\",\"grade\":\"College (Grade 13-16)\"},{\"helpLink\":\"link\",\"isError\":true,\"name\":\"Flesch - Kincaid grade level\",\"score\":21.18,\"description\":\"The Flesch-Kincaid Grade Level formula evaluates the readability of your text by calculating the U.S. school grade level. A lower grade level indicates easier readability.\",\"grade\":\"College Graduate (Grade 17+)\"},{\"helpLink\":\"link\",\"isError\":false,\"name\":\"Smog index\",\"score\":20.89,\"description\":\"The SMOG (Simple Measure of Gobbledygook) Index estimates the years of education a person needs to understand a text. A lower score means simpler text, while a higher score suggests more complex content.\",\"grade\":\"College Graduate (Grade 17+)\"},{\"helpLink\":\"link\",\"isError\":false,\"name\":\"Automated readability index\",\"score\":16.63,\"description\":\"The Automated Readability Index calculates the readability of your content using characters per word and words per sentence. It estimates the U.S. school grade level needed to understand the text.\",\"grade\":\"College Graduate (Grade 17+)\"},{\"helpLink\":\"link\",\"isError\":true,\"name\":\"Dale chall readability score\",\"score\":10.8,\"description\":\"The Dale-Chall Readability Score evaluates the readability of your text based on familiar words and sentence structure. A lower score indicates that the content is easier to read.\",\"grade\":\"College Graduate\"},{\"helpLink\":\"link\",\"isError\":false,\"name\":\"Spache readability score\",\"score\":3.8,\"description\":\"The Spache Readability Score measures the readability of texts for younger readers. It identifies words that are unfamiliar to children and calculates a score accordingly. A lower score indicates easier content.\",\"grade\":\"4th grade\"}]},\"advanceSetting\":{\"advanceRobotsMeta\":[],\"breadcrumbTitle\":\"\",\"canonicalURL\":\"\",\"criticalOptions\":[]},\"scoring\":{\"subScoring\":{\"metaDescriptionScore\":7,\"schemaMarkupScore\":8,\"outwardInterlinkingScore\":0,\"inwardInterlinkingScore\":0,\"socialMediaScore\":3,\"misspelledWordsScore\":0,\"advanceSettingScore\":3,\"noFollowLinksScore\":0,\"keywordAppearanceScore\":1,\"imageAnalyticsScore\":1},\"singlePostScore\":35},\"misspelledWords\":[],\"pointsToImprove\":{\"count\":{\"criticalPointsCount\":0,\"recommendedPointsCount\":0},\"pointsToImproveDetails\":{\"searchEngineAppearance\":[{\"id\":\"recommended_keyword_missing_meta_title\",\"name\":{\"label\":\"Keyword is missing in meta title.\"},\"type\":\"Critical\",\"priority\":\"too_high\"},{\"id\":\"critical_meta_description_missing\",\"name\":{\"label\":\"Meta Description is missing\"},\"type\":\"Critical\"},{\"id\":\"recommended_keyword_missing_permalink\",\"name\":{\"label\":\"Keyword is missing in permalink.\"},\"type\":\"Critical\"}],\"searchEngineVisibility\":[],\"redirectedLink301\":[],\"socialMedia\":[{\"id\":\"critical_missing_social_media_image\",\"name\":{\"label\":\"Image is missing in social media appearance.\"},\"type\":\"Critical\",\"priority\":\"high\"},{\"id\":\"recommended_keyword_missing_open_graph_title\",\"name\":{\"label\":\"Keyword is missing in social media title.\"},\"type\":\"Recommended\"},{\"id\":\"critical_missing_social_media_description\",\"name\":{\"label\":\"Description is missing in social media appearance.\"},\"type\":\"Critical\",\"priority\":\"high\"},{\"id\":\"critical_missing_social_media_twitter_image\",\"name\":{\"label\":\"X(Twitter) image is missing in social media appearance.\"},\"type\":\"Critical\",\"priority\":\"high\"},{\"id\":\"recommended_keyword_missing_twitter_title\",\"name\":{\"label\":\"Keyword is missing in X(Twitter) title.\"},\"type\":\"Recommended\"},{\"id\":\"critical_missing_social_media_twitter_description\",\"name\":{\"label\":\"X(Twitter) description is missing in social media appearance.\"},\"type\":\"Critical\"}],\"noFollowLink\":[],\"misspelledWords\":[],\"inwardLinks\":[],\"outwardLinks\":[],\"keywordAppearance\":[{\"id\":\"critical_no_selected_keyword\",\"name\":{\"label\":\"Selected keyword missing in keyword appearance.\"},\"type\":\"Critical\",\"priority\":\"too_high\"},{\"id\":\"critical_word_count_is_too_low\",\"name\":{\"label\":\"Word count is too low in your content.\"},\"type\":\"Critical\",\"priority\":\"high\"},{\"id\":\"critical_heading2_is_missing\",\"name\":{\"label\":\"Missing H2 tags, which are important for content structure.\"},\"type\":\"Critical\",\"priority\":\"high\"},{\"id\":\"critical_heading3_is_missing\",\"name\":{\"label\":\"Missing H3 tags, consider adding H3 for better SEO.\"},\"type\":\"Critical\"}],\"advanceSettings\":[],\"schemaMarkup\":[],\"imageAnalytics\":[{\"id\":\"critical_missing_images_title_attribute\",\"name\":{\"label\":\"Missing images title attribute.\"},\"type\":\"Critical\"},{\"id\":\"critical_missing_images_alt_attribute\",\"name\":{\"label\":\"Missing images alt attribute.\"},\"type\":\"Critical\"},{\"id\":\"critical_keyword_missing_in_image_filename\",\"name\":{\"label\":\"Keyword missing in images filename.\"},\"type\":\"Critical\"}],\"productGtins\":[]}},\"imageAnalytics\":{\"imageAnalysis\":[{\"id\":\"TotalImages\",\"name\":\"Total images\",\"value\":\"1\"},{\"id\":\"ImagesHasTitle\",\"name\":\"Images has title\",\"value\":\"0\",\"outOff\":\"1\",\"status\":\"poor\",\"tooltip\":\"Missing image title attribute\"},{\"id\":\"ImageHasAltAttribute\",\"name\":\"Images has alt\",\"value\":\"0\",\"outOff\":\"1\",\"status\":\"poor\",\"tooltip\":\"Missing alt attribute\"},{\"id\":\"ImagesHasProperFileName\",\"name\":\"Images has proper filename format\",\"value\":\"1\",\"outOff\":\"1\",\"status\":\"excellent\",\"tooltip\":\"Good! all images has proper filename format\"},{\"id\":\"KeywordInTitleAttribute\",\"name\":\"Keyword in image title\",\"value\":\"0\",\"outOff\":\"0\",\"status\":\"disabled\",\"tooltip\":\"Add image title attribute to enable this feature.\"},{\"id\":\"KeywordInAltAttribute\",\"name\":\"Keyword in image Alt\",\"value\":\"0\",\"outOff\":\"0\",\"status\":\"disabled\",\"tooltip\":\"Add image alt attribute to enable this feature.\"},{\"id\":\"KeywordInFilename\",\"name\":\"Keyword in image filename\",\"value\":\"0\",\"outOff\":\"1\",\"status\":\"poor\",\"tooltip\":\"Missing keyword in image filename\"}]}}","_dseop_selected_keywords":"","footnotes":""},"class_list":["post-2144","page","type-page","status-publish","hentry"],"kubio_ai_page_context":{"short_desc":"","purpose":"general"},"yoast_head":"<!-- This site is optimized with the Yoast SEO plugin v27.5 - https:\/\/yoast.com\/product\/yoast-seo-wordpress\/ -->\n<title>Unitat 2: Autoan\u00e0lisi - Adrian Jaimes<\/title>\n<meta name=\"robots\" content=\"index, follow, max-snippet:-1, max-image-preview:large, max-video-preview:-1\" \/>\n<link rel=\"canonical\" href=\"https:\/\/ajaimes.inscastellbisbal.net\/?page_id=2144\" \/>\n<meta property=\"og:locale\" content=\"ca_ES\" \/>\n<meta property=\"og:type\" content=\"article\" \/>\n<meta property=\"og:title\" content=\"Unitat 2: Autoan\u00e0lisi - Adrian Jaimes\" \/>\n<meta property=\"og:description\" content=\"Aquesta pr\u00e0ctica s&#8217;emmarca dins de la Fase 4: \u00c0mbits de coneixement de la Unitat 2, i t\u00e9 com a objectiu principal realitzar un exercici d&#8217;autoan\u00e0lisi i autoconeixement personal aplicat al perfil professional. Utilitzant l&#8217;eina del Canvas i la metodologia MIMO (Mantenir, Incorporar, Millorar i Ometre), es pret\u00e9n identificar les compet\u00e8ncies actuals, aix\u00ed com aquelles \u00e0rees [&hellip;]\" \/>\n<meta property=\"og:url\" content=\"https:\/\/ajaimes.inscastellbisbal.net\/?page_id=2144\" \/>\n<meta property=\"og:site_name\" content=\"Adrian Jaimes\" \/>\n<meta property=\"article:modified_time\" content=\"2026-04-21T07:34:59+00:00\" \/>\n<meta property=\"og:image\" content=\"https:\/\/ajaimes.inscastellbisbal.net\/wp-content\/uploads\/2026\/03\/imagen-58.png\" \/>\n\t<meta property=\"og:image:width\" content=\"1263\" \/>\n\t<meta property=\"og:image:height\" content=\"728\" \/>\n\t<meta property=\"og:image:type\" content=\"image\/png\" \/>\n<meta name=\"twitter:card\" content=\"summary_large_image\" \/>\n<meta name=\"twitter:label1\" content=\"Temps estimat de lectura\" \/>\n\t<meta name=\"twitter:data1\" content=\"1 minut\" \/>\n<script type=\"application\/ld+json\" class=\"yoast-schema-graph\">{\"@context\":\"https:\\\/\\\/schema.org\",\"@graph\":[{\"@type\":\"WebPage\",\"@id\":\"https:\\\/\\\/ajaimes.inscastellbisbal.net\\\/?page_id=2144\",\"url\":\"https:\\\/\\\/ajaimes.inscastellbisbal.net\\\/?page_id=2144\",\"name\":\"Unitat 2: Autoan\u00e0lisi - Adrian Jaimes\",\"isPartOf\":{\"@id\":\"https:\\\/\\\/ajaimes.inscastellbisbal.net\\\/#website\"},\"primaryImageOfPage\":{\"@id\":\"https:\\\/\\\/ajaimes.inscastellbisbal.net\\\/?page_id=2144#primaryimage\"},\"image\":{\"@id\":\"https:\\\/\\\/ajaimes.inscastellbisbal.net\\\/?page_id=2144#primaryimage\"},\"thumbnailUrl\":\"https:\\\/\\\/ajaimes.inscastellbisbal.net\\\/wp-content\\\/uploads\\\/2026\\\/03\\\/imagen-58-1024x590.png\",\"datePublished\":\"2026-02-09T12:18:30+00:00\",\"dateModified\":\"2026-04-21T07:34:59+00:00\",\"breadcrumb\":{\"@id\":\"https:\\\/\\\/ajaimes.inscastellbisbal.net\\\/?page_id=2144#breadcrumb\"},\"inLanguage\":\"ca\",\"potentialAction\":[{\"@type\":\"ReadAction\",\"target\":[\"https:\\\/\\\/ajaimes.inscastellbisbal.net\\\/?page_id=2144\"]}]},{\"@type\":\"ImageObject\",\"inLanguage\":\"ca\",\"@id\":\"https:\\\/\\\/ajaimes.inscastellbisbal.net\\\/?page_id=2144#primaryimage\",\"url\":\"https:\\\/\\\/ajaimes.inscastellbisbal.net\\\/wp-content\\\/uploads\\\/2026\\\/03\\\/imagen-58.png\",\"contentUrl\":\"https:\\\/\\\/ajaimes.inscastellbisbal.net\\\/wp-content\\\/uploads\\\/2026\\\/03\\\/imagen-58.png\",\"width\":1263,\"height\":728},{\"@type\":\"BreadcrumbList\",\"@id\":\"https:\\\/\\\/ajaimes.inscastellbisbal.net\\\/?page_id=2144#breadcrumb\",\"itemListElement\":[{\"@type\":\"ListItem\",\"position\":1,\"name\":\"Inici\",\"item\":\"https:\\\/\\\/ajaimes.inscastellbisbal.net\\\/\"},{\"@type\":\"ListItem\",\"position\":2,\"name\":\"1r SMX\",\"item\":\"https:\\\/\\\/ajaimes.inscastellbisbal.net\\\/?page_id=1084\"},{\"@type\":\"ListItem\",\"position\":3,\"name\":\"Repte 1.4\",\"item\":\"https:\\\/\\\/ajaimes.inscastellbisbal.net\\\/?page_id=1496\"},{\"@type\":\"ListItem\",\"position\":4,\"name\":\"1\ufe0f\u20e3 &#8211; \ud83d\ude80\u200b &#8211; iPOP\",\"item\":\"https:\\\/\\\/ajaimes.inscastellbisbal.net\\\/?page_id=2140\"},{\"@type\":\"ListItem\",\"position\":5,\"name\":\"Unitat 2: Autoan\u00e0lisi\"}]},{\"@type\":\"WebSite\",\"@id\":\"https:\\\/\\\/ajaimes.inscastellbisbal.net\\\/#website\",\"url\":\"https:\\\/\\\/ajaimes.inscastellbisbal.net\\\/\",\"name\":\"Adrian Jaimes\",\"description\":\"S\u00f3c estudiant d&#039;inform\u00e0tica i aqu\u00ed podr\u00e0s veure el meu cam\u00ed acad\u00e8mic, els projectes que he realitzat i els coneixements que he adquirit durant la meva formaci\u00f3. Aquesta p\u00e0gina \u00e9s un reflex de la meva passi\u00f3 per la tecnologia i el meu comprom\u00eds per seguir aprenent i millorant cada dia.  Explora els meus treballs i seguiment acad\u00e8mic!\",\"publisher\":{\"@id\":\"https:\\\/\\\/ajaimes.inscastellbisbal.net\\\/#organization\"},\"potentialAction\":[{\"@type\":\"SearchAction\",\"target\":{\"@type\":\"EntryPoint\",\"urlTemplate\":\"https:\\\/\\\/ajaimes.inscastellbisbal.net\\\/?s={search_term_string}\"},\"query-input\":{\"@type\":\"PropertyValueSpecification\",\"valueRequired\":true,\"valueName\":\"search_term_string\"}}],\"inLanguage\":\"ca\"},{\"@type\":\"Organization\",\"@id\":\"https:\\\/\\\/ajaimes.inscastellbisbal.net\\\/#organization\",\"name\":\"Adrian Jaimes\",\"url\":\"https:\\\/\\\/ajaimes.inscastellbisbal.net\\\/\",\"logo\":{\"@type\":\"ImageObject\",\"inLanguage\":\"ca\",\"@id\":\"https:\\\/\\\/ajaimes.inscastellbisbal.net\\\/#\\\/schema\\\/logo\\\/image\\\/\",\"url\":\"https:\\\/\\\/ajaimes.inscastellbisbal.net\\\/wp-content\\\/uploads\\\/2025\\\/12\\\/cropped-cropped-cropped-width_550_009.webp\",\"contentUrl\":\"https:\\\/\\\/ajaimes.inscastellbisbal.net\\\/wp-content\\\/uploads\\\/2025\\\/12\\\/cropped-cropped-cropped-width_550_009.webp\",\"width\":512,\"height\":512,\"caption\":\"Adrian Jaimes\"},\"image\":{\"@id\":\"https:\\\/\\\/ajaimes.inscastellbisbal.net\\\/#\\\/schema\\\/logo\\\/image\\\/\"}}]}<\/script>\n<!-- \/ Yoast SEO plugin. -->","yoast_head_json":{"title":"Unitat 2: Autoan\u00e0lisi - Adrian Jaimes","robots":{"index":"index","follow":"follow","max-snippet":"max-snippet:-1","max-image-preview":"max-image-preview:large","max-video-preview":"max-video-preview:-1"},"canonical":"https:\/\/ajaimes.inscastellbisbal.net\/?page_id=2144","og_locale":"ca_ES","og_type":"article","og_title":"Unitat 2: Autoan\u00e0lisi - Adrian Jaimes","og_description":"Aquesta pr\u00e0ctica s&#8217;emmarca dins de la Fase 4: \u00c0mbits de coneixement de la Unitat 2, i t\u00e9 com a objectiu principal realitzar un exercici d&#8217;autoan\u00e0lisi i autoconeixement personal aplicat al perfil professional. Utilitzant l&#8217;eina del Canvas i la metodologia MIMO (Mantenir, Incorporar, Millorar i Ometre), es pret\u00e9n identificar les compet\u00e8ncies actuals, aix\u00ed com aquelles \u00e0rees [&hellip;]","og_url":"https:\/\/ajaimes.inscastellbisbal.net\/?page_id=2144","og_site_name":"Adrian Jaimes","article_modified_time":"2026-04-21T07:34:59+00:00","og_image":[{"width":1263,"height":728,"url":"https:\/\/ajaimes.inscastellbisbal.net\/wp-content\/uploads\/2026\/03\/imagen-58.png","type":"image\/png"}],"twitter_card":"summary_large_image","twitter_misc":{"Temps estimat de lectura":"1 minut"},"schema":{"@context":"https:\/\/schema.org","@graph":[{"@type":"WebPage","@id":"https:\/\/ajaimes.inscastellbisbal.net\/?page_id=2144","url":"https:\/\/ajaimes.inscastellbisbal.net\/?page_id=2144","name":"Unitat 2: Autoan\u00e0lisi - Adrian Jaimes","isPartOf":{"@id":"https:\/\/ajaimes.inscastellbisbal.net\/#website"},"primaryImageOfPage":{"@id":"https:\/\/ajaimes.inscastellbisbal.net\/?page_id=2144#primaryimage"},"image":{"@id":"https:\/\/ajaimes.inscastellbisbal.net\/?page_id=2144#primaryimage"},"thumbnailUrl":"https:\/\/ajaimes.inscastellbisbal.net\/wp-content\/uploads\/2026\/03\/imagen-58-1024x590.png","datePublished":"2026-02-09T12:18:30+00:00","dateModified":"2026-04-21T07:34:59+00:00","breadcrumb":{"@id":"https:\/\/ajaimes.inscastellbisbal.net\/?page_id=2144#breadcrumb"},"inLanguage":"ca","potentialAction":[{"@type":"ReadAction","target":["https:\/\/ajaimes.inscastellbisbal.net\/?page_id=2144"]}]},{"@type":"ImageObject","inLanguage":"ca","@id":"https:\/\/ajaimes.inscastellbisbal.net\/?page_id=2144#primaryimage","url":"https:\/\/ajaimes.inscastellbisbal.net\/wp-content\/uploads\/2026\/03\/imagen-58.png","contentUrl":"https:\/\/ajaimes.inscastellbisbal.net\/wp-content\/uploads\/2026\/03\/imagen-58.png","width":1263,"height":728},{"@type":"BreadcrumbList","@id":"https:\/\/ajaimes.inscastellbisbal.net\/?page_id=2144#breadcrumb","itemListElement":[{"@type":"ListItem","position":1,"name":"Inici","item":"https:\/\/ajaimes.inscastellbisbal.net\/"},{"@type":"ListItem","position":2,"name":"1r SMX","item":"https:\/\/ajaimes.inscastellbisbal.net\/?page_id=1084"},{"@type":"ListItem","position":3,"name":"Repte 1.4","item":"https:\/\/ajaimes.inscastellbisbal.net\/?page_id=1496"},{"@type":"ListItem","position":4,"name":"1\ufe0f\u20e3 &#8211; \ud83d\ude80\u200b &#8211; iPOP","item":"https:\/\/ajaimes.inscastellbisbal.net\/?page_id=2140"},{"@type":"ListItem","position":5,"name":"Unitat 2: Autoan\u00e0lisi"}]},{"@type":"WebSite","@id":"https:\/\/ajaimes.inscastellbisbal.net\/#website","url":"https:\/\/ajaimes.inscastellbisbal.net\/","name":"Adrian Jaimes","description":"S\u00f3c estudiant d&#039;inform\u00e0tica i aqu\u00ed podr\u00e0s veure el meu cam\u00ed acad\u00e8mic, els projectes que he realitzat i els coneixements que he adquirit durant la meva formaci\u00f3. Aquesta p\u00e0gina \u00e9s un reflex de la meva passi\u00f3 per la tecnologia i el meu comprom\u00eds per seguir aprenent i millorant cada dia.  Explora els meus treballs i seguiment acad\u00e8mic!","publisher":{"@id":"https:\/\/ajaimes.inscastellbisbal.net\/#organization"},"potentialAction":[{"@type":"SearchAction","target":{"@type":"EntryPoint","urlTemplate":"https:\/\/ajaimes.inscastellbisbal.net\/?s={search_term_string}"},"query-input":{"@type":"PropertyValueSpecification","valueRequired":true,"valueName":"search_term_string"}}],"inLanguage":"ca"},{"@type":"Organization","@id":"https:\/\/ajaimes.inscastellbisbal.net\/#organization","name":"Adrian Jaimes","url":"https:\/\/ajaimes.inscastellbisbal.net\/","logo":{"@type":"ImageObject","inLanguage":"ca","@id":"https:\/\/ajaimes.inscastellbisbal.net\/#\/schema\/logo\/image\/","url":"https:\/\/ajaimes.inscastellbisbal.net\/wp-content\/uploads\/2025\/12\/cropped-cropped-cropped-width_550_009.webp","contentUrl":"https:\/\/ajaimes.inscastellbisbal.net\/wp-content\/uploads\/2025\/12\/cropped-cropped-cropped-width_550_009.webp","width":512,"height":512,"caption":"Adrian Jaimes"},"image":{"@id":"https:\/\/ajaimes.inscastellbisbal.net\/#\/schema\/logo\/image\/"}}]}},"jetpack_sharing_enabled":true,"_links":{"self":[{"href":"https:\/\/ajaimes.inscastellbisbal.net\/index.php?rest_route=\/wp\/v2\/pages\/2144","targetHints":{"allow":["GET"]}}],"collection":[{"href":"https:\/\/ajaimes.inscastellbisbal.net\/index.php?rest_route=\/wp\/v2\/pages"}],"about":[{"href":"https:\/\/ajaimes.inscastellbisbal.net\/index.php?rest_route=\/wp\/v2\/types\/page"}],"author":[{"embeddable":true,"href":"https:\/\/ajaimes.inscastellbisbal.net\/index.php?rest_route=\/wp\/v2\/users\/1"}],"replies":[{"embeddable":true,"href":"https:\/\/ajaimes.inscastellbisbal.net\/index.php?rest_route=%2Fwp%2Fv2%2Fcomments&post=2144"}],"version-history":[{"count":4,"href":"https:\/\/ajaimes.inscastellbisbal.net\/index.php?rest_route=\/wp\/v2\/pages\/2144\/revisions"}],"predecessor-version":[{"id":2962,"href":"https:\/\/ajaimes.inscastellbisbal.net\/index.php?rest_route=\/wp\/v2\/pages\/2144\/revisions\/2962"}],"up":[{"embeddable":true,"href":"https:\/\/ajaimes.inscastellbisbal.net\/index.php?rest_route=\/wp\/v2\/pages\/2140"}],"wp:attachment":[{"href":"https:\/\/ajaimes.inscastellbisbal.net\/index.php?rest_route=%2Fwp%2Fv2%2Fmedia&parent=2144"}],"curies":[{"name":"wp","href":"https:\/\/api.w.org\/{rel}","templated":true}]}}