{"id":1667,"date":"2026-01-16T08:16:44","date_gmt":"2026-01-16T08:16:44","guid":{"rendered":"https:\/\/ajaimes.inscastellbisbal.net\/?page_id=1667"},"modified":"2026-03-04T11:02:21","modified_gmt":"2026-03-04T11:02:21","slug":"crear-una-presentacio-multimedia-per-fer-difusio-de-lesdeveniment","status":"publish","type":"page","link":"https:\/\/ajaimes.inscastellbisbal.net\/?page_id=1667","title":{"rendered":"Crear una presentaci\u00f3 multim\u00e8dia per fer difusi\u00f3 de l&#8217;esdeveniment"},"content":{"rendered":"\n<p>Per difondre aquest esdeveniment, hem decidit fer un salt qualitatiu en la creaci\u00f3 multim\u00e8dia utilitzant Gamma. A difer\u00e8ncia de les eines convencionals, Gamma ens ha perm\u00e8s desenvolupar una identitat visual pr\u00f2pia i altament creativa, complint els est\u00e0ndards de disseny professional que requereix una LAN party.<\/p>\n\n\n\n<p>El uso de Gamma facilita una <strong>integraci\u00f3n fluida y estrat\u00e9gica de recursos<\/strong>. No se limita a texto e im\u00e1genes est\u00e1ticas; permite la inserci\u00f3n optimizada de v\u00eddeos, animaciones suaves y elementos interactivos que enriquecen el mensaje sin saturar al espectador.<\/p>\n\n\n\n<p><strong>Evid\u00e8ncies del Proc\u00e9s :<\/strong> El proc\u00e9s de treball ha estat documentat pas a pas per mostrar el domini de l&#8217;eina:<\/p>\n\n\n\n<ul class=\"wp-block-list\">\n<li><strong>Acc\u00e9s:<\/strong> Inici de sessi\u00f3 integrat mitjan\u00e7ant el nostre compte de Google.<\/li>\n\n\n\n<li><strong>Personalitzaci\u00f3:<\/strong> Edici\u00f3 intu\u00eftiva de cada bloc, prioritzant l&#8217;equilibri entre l&#8217;impacte visual i la claredat informativa per assolir un resultat d&#8217;alt nivell.&#8221;<\/li>\n\n\n\n<li><strong>Creaci\u00f3:<\/strong> \u00das de la funci\u00f3 <strong>&#8216;Nuevo Gamma&#8217;<\/strong> per estructurar el contingut des de zero.<\/li>\n<\/ul>\n\n\n\n\n\n<figure class=\"wp-block-image size-full\"><img loading=\"lazy\" decoding=\"async\" width=\"788\" height=\"510\" title=\"imagen\" src=\"https:\/\/ajaimes.inscastellbisbal.net\/wp-content\/uploads\/2026\/01\/imagen-36.png\" alt=\"\" class=\"wp-image-1808\" srcset=\"https:\/\/ajaimes.inscastellbisbal.net\/wp-content\/uploads\/2026\/01\/imagen-36.png 788w, https:\/\/ajaimes.inscastellbisbal.net\/wp-content\/uploads\/2026\/01\/imagen-36-300x194.png 300w, https:\/\/ajaimes.inscastellbisbal.net\/wp-content\/uploads\/2026\/01\/imagen-36-768x497.png 768w\" sizes=\"(max-width: 788px) 100vw, 788px\" \/><\/figure>\n\n\n\n<figure class=\"wp-block-image size-large\"><img loading=\"lazy\" decoding=\"async\" width=\"1024\" height=\"564\" title=\"imagen-38-1024x564\" src=\"https:\/\/ajaimes.inscastellbisbal.net\/wp-content\/uploads\/2026\/01\/imagen-38-1024x564.png\" alt=\"\" class=\"wp-image-1811\" srcset=\"https:\/\/ajaimes.inscastellbisbal.net\/wp-content\/uploads\/2026\/01\/imagen-38-1024x564.png 1024w, https:\/\/ajaimes.inscastellbisbal.net\/wp-content\/uploads\/2026\/01\/imagen-38-300x165.png 300w, https:\/\/ajaimes.inscastellbisbal.net\/wp-content\/uploads\/2026\/01\/imagen-38-768x423.png 768w, https:\/\/ajaimes.inscastellbisbal.net\/wp-content\/uploads\/2026\/01\/imagen-38.png 1347w\" sizes=\"(max-width: 1024px) 100vw, 1024px\" \/><\/figure>\n\n\n\n<figure class=\"wp-block-image size-large\"><img loading=\"lazy\" decoding=\"async\" width=\"1024\" height=\"395\" title=\"imagen-37-1024x395\" src=\"https:\/\/ajaimes.inscastellbisbal.net\/wp-content\/uploads\/2026\/01\/imagen-37-1024x395.png\" alt=\"\" class=\"wp-image-1809\" srcset=\"https:\/\/ajaimes.inscastellbisbal.net\/wp-content\/uploads\/2026\/01\/imagen-37-1024x395.png 1024w, https:\/\/ajaimes.inscastellbisbal.net\/wp-content\/uploads\/2026\/01\/imagen-37-300x116.png 300w, https:\/\/ajaimes.inscastellbisbal.net\/wp-content\/uploads\/2026\/01\/imagen-37-768x296.png 768w, https:\/\/ajaimes.inscastellbisbal.net\/wp-content\/uploads\/2026\/01\/imagen-37.png 1363w\" sizes=\"(max-width: 1024px) 100vw, 1024px\" \/><\/figure>\n\n\n\n<p><\/p>\n","protected":false},"excerpt":{"rendered":"<p>Per difondre aquest esdeveniment, hem decidit fer un salt qualitatiu en la creaci\u00f3 multim\u00e8dia utilitzant Gamma. A difer\u00e8ncia de les eines convencionals, Gamma ens ha perm\u00e8s desenvolupar una identitat visual pr\u00f2pia i altament creativa, complint els est\u00e0ndards de disseny professional que requereix una LAN party. El uso de Gamma facilita una integraci\u00f3n fluida y estrat\u00e9gica [&hellip;]<\/p>\n","protected":false},"author":1,"featured_media":0,"parent":1583,"menu_order":1,"comment_status":"closed","ping_status":"closed","template":"","meta":{"saved_in_kubio":false,"_dseop_meta":"{\"noFollowLinks\":{\"linkList\":[],\"ignoredGlobalDomains\":[],\"textboxValue\":\"\"},\"schemaMarkup\":{\"schemas\":[{\"templateId\":\"WebpageSchema\",\"name\":\"Webpage\",\"id\":\"WebpageSchema\",\"schemaData\":{\"@type\":\"WebPage\",\"@id\":\"\",\"name\":\"\",\"url\":\"\",\"description\":\"\",\"breadcrumb\":{\"@type\":\"BreadcrumbList\",\"@id\":\"\"},\"datePublished\":\"\",\"dateModified\":\"\",\"inLanguage\":\"\"}}],\"schemaTemplates\":[]},\"metaDescription\":{\"metaData\":[]},\"keywordAppearance\":{\"contentDetails\":[{\"name\":\"Word count\",\"count\":151,\"id\":\"wordCount\",\"status\":\"average\",\"detailStatus\":\"shortAverage\",\"tooltip\":\"words count should be greater then 1500.\"},{\"id\":\"heading1\",\"name\":\"heading 1\",\"count\":1,\"status\":\"excellent\",\"detailStatus\":\"excellent\",\"tooltip\":\"good use of h1 tag.\"},{\"id\":\"heading2\",\"name\":\"heading 2\",\"count\":0,\"status\":\"poor\",\"detailStatus\":\"missing\",\"tooltip\":\"web page should have h2 tags for better SEO\"},{\"id\":\"heading3\",\"name\":\"heading 3\",\"count\":0,\"status\":\"poor\",\"detailStatus\":\"missing\",\"tooltip\":\"web page should have h3 tags for better SEO\"},{\"id\":\"paragraphTags\",\"name\":\"paragraph tags\",\"count\":3,\"status\":\"excellent\",\"detailStatus\":\"excellent\",\"tooltip\":\"good use of paragraph tags.\"},{\"id\":\"boldAndStrongTags\",\"name\":\"bold and strong tags list\",\"count\":6,\"status\":\"excellent\",\"detailStatus\":\"excellent\",\"tooltip\":\"good use of bold and strong tags.\"},{\"name\":\"Avg. Stopword percentage\",\"count\":3,\"id\":\"averageStopwordPercentage\"},{\"name\":\"Avg. Words per sentence\",\"count\":25,\"id\":\"averageWordsPerSentence\"},{\"name\":\"Stopword count\",\"count\":5,\"id\":\"sentenceCount\"},{\"name\":\"Sentence count\",\"count\":6,\"id\":\"sentenceCount\"},{\"name\":\"Letter count\",\"count\":836,\"id\":\"letterCount\"},{\"name\":\"Difficult word\",\"count\":57,\"id\":\"difficultWord\"}],\"advanceOptions\":[],\"modifyStopwords\":{\"customStopwords\":[],\"disabledStopwords\":[]}},\"socialMedia\":{\"openGraphData\":[],\"twitterData\":{\"xSummaryCardData\":[],\"xAppCardData\":{\"iphoneAppName\":\"\",\"iphoneAppId\":\"\",\"iphoneAppUrl\":\"\",\"ipadAppName\":\"\",\"ipadAppId\":\"\",\"ipadAppUrl\":\"\",\"googlePlayAppName\":\"\",\"googlePlayAppId\":\"\",\"googlePlayAppUrl\":\"\",\"appCountry\":\"\"},\"xPlayerCardData\":{\"player\":\"\",\"playerWidth\":\"\",\"streamUrl\":\"\",\"streamContentType\":\"\"}}},\"readability\":{\"readabilityFactorList\":[{\"helpLink\":\"link\",\"isError\":true,\"name\":\"Flesch - Kincaid reading ease\",\"score\":-8.42,\"description\":\"The Flesch-Kincaid Reading Ease score measures the readability of your text. A higher score indicates easier-to-read content. Aim for a score between 60 and 70 for most web content.\",\"grade\":\"Very Difficult (College Graduate)\",\"dataTestId\":\"fleshKincaidReadingEase\"},{\"helpLink\":\"link\",\"isError\":true,\"name\":\"Gunning fog score\",\"score\":22.65,\"description\":\"The Gunning Fog Score estimates the years of formal education needed to understand your text. Lower scores indicate easier readability. Aim for a score of 7 to 8 for general audiences.\",\"grade\":\"College Graduate (Grade 17+)\",\"dataTestId\":\"gunningFogScore\"},{\"helpLink\":\"link\",\"isError\":false,\"name\":\"Coleman liau index\",\"score\":15.19,\"description\":\"The Coleman-Liau Index calculates readability based on characters per word and sentence length. It estimates the U.S. school grade level required to comprehend the text. A lower score suggests easier content.\",\"grade\":\"College (Grade 13-16)\",\"dataTestId\":\"colemanLiauIndex\"},{\"helpLink\":\"link\",\"isError\":false,\"name\":\"Flesch - Kincaid grade level\",\"score\":19.12,\"description\":\"The Flesch-Kincaid Grade Level formula evaluates the readability of your text by calculating the U.S. school grade level. A lower grade level indicates easier readability.\",\"grade\":\"College Graduate (Grade 17+)\",\"dataTestId\":\"fleshKincaidGradeLevel\"},{\"helpLink\":\"link\",\"isError\":false,\"name\":\"Smog index\",\"score\":18.38,\"description\":\"The SMOG (Simple Measure of Gobbledygook) Index estimates the years of education a person needs to understand a text. A lower score means simpler text, while a higher score suggests more complex content.\",\"grade\":\"College Graduate (Grade 17+)\",\"dataTestId\":\"smogIndex\"},{\"helpLink\":\"link\",\"isError\":false,\"name\":\"Automated readability index\",\"score\":14.08,\"description\":\"The Automated Readability Index calculates the readability of your content using characters per word and words per sentence. It estimates the U.S. school grade level needed to understand the text.\",\"grade\":\"College (Grade 13-16)\",\"dataTestId\":\"automatedReadabilityIndex\"},{\"helpLink\":\"link\",\"isError\":true,\"name\":\"Dale chall readability score\",\"score\":10.53,\"description\":\"The Dale-Chall Readability Score evaluates the readability of your text based on familiar words and sentence structure. A lower score indicates that the content is easier to read.\",\"grade\":\"College Graduate\",\"dataTestId\":\"daleChallReadabilityScore\"},{\"helpLink\":\"link\",\"isError\":false,\"name\":\"Spache readability score\",\"score\":2.94,\"description\":\"The Spache Readability Score measures the readability of texts for younger readers. It identifies words that are unfamiliar to children and calculates a score accordingly. A lower score indicates easier content.\",\"grade\":\"3rd grade\",\"dataTestId\":\"spacheReadabilityScore\"}]},\"advanceSetting\":{\"advanceRobotsMeta\":[],\"breadcrumbTitle\":\"\",\"canonicalURL\":\"\",\"criticalOptions\":[]},\"scoring\":{\"subScoring\":{\"metaDescriptionScore\":2.5,\"schemaMarkupScore\":8,\"outwardInterlinkingScore\":0,\"inwardInterlinkingScore\":0,\"socialMediaScore\":0,\"misspelledWordsScore\":0,\"advanceSettingScore\":3,\"noFollowLinksScore\":0,\"keywordAppearanceScore\":1,\"imageAnalyticsScore\":1},\"singlePostScore\":24},\"misspelledWords\":[],\"pointsToImprove\":{\"count\":{\"criticalPointsCount\":16,\"recommendedPointsCount\":3},\"pointsToImproveDetails\":{\"searchEngineAppearance\":[{\"id\":\"recommended_keyword_missing_permalink\",\"name\":{\"label\":\"Keyword is missing in permalink.\"},\"type\":\"Critical\"},{\"id\":\"critical_meta_description_missing\",\"name\":{\"label\":\"Meta Description is missing\"},\"type\":\"Critical\"},{\"id\":\"recommended_keyword_missing_meta_title\",\"name\":{\"label\":\"Keyword is missing in meta title.\"},\"type\":\"Critical\",\"priority\":\"too_high\"},{\"id\":\"critical_meta_title_too_long\",\"name\":{\"label\":\"Meta title is too long\"},\"type\":\"Critical\",\"priority\":\"too_high\"}],\"searchEngineVisibility\":[],\"redirectedLink301\":[],\"socialMedia\":[{\"id\":\"critical_missing_social_media_twitter_description\",\"name\":{\"label\":\"X(Twitter) description is missing in social media appearance.\"},\"type\":\"Critical\"},{\"id\":\"critical_too_large_social_media_twitter_title\",\"name\":{\"label\":\"X(Twitter) title is Too long in social media appearance.\"},\"type\":\"Critical\"},{\"id\":\"critical_missing_social_media_twitter_image\",\"name\":{\"label\":\"X(Twitter) image is missing in social media appearance.\"},\"type\":\"Critical\",\"priority\":\"high\"},{\"id\":\"critical_missing_social_media_description\",\"name\":{\"label\":\"Description is missing in social media appearance.\"},\"type\":\"Critical\",\"priority\":\"high\"},{\"id\":\"critical_too_large_social_media_title\",\"name\":{\"label\":\"Title is Too long in social media appearance.\"},\"type\":\"Critical\"},{\"id\":\"critical_missing_social_media_image\",\"name\":{\"label\":\"Image is missing in social media appearance.\"},\"type\":\"Critical\",\"priority\":\"high\"},{\"id\":\"recommended_keyword_missing_open_graph_title\",\"name\":{\"label\":\"Keyword is missing in social media title.\"},\"type\":\"Recommended\"},{\"id\":\"recommended_keyword_missing_twitter_title\",\"name\":{\"label\":\"Keyword is missing in X(Twitter) title.\"},\"type\":\"Recommended\"}],\"noFollowLink\":[],\"misspelledWords\":[],\"inwardLinks\":[],\"outwardLinks\":[],\"keywordAppearance\":[{\"id\":\"critical_heading3_is_missing\",\"name\":{\"label\":\"Missing H3 tags, consider adding H3 for better SEO.\"},\"type\":\"Critical\"},{\"id\":\"critical_heading2_is_missing\",\"name\":{\"label\":\"Missing H2 tags, which are important for content structure.\"},\"type\":\"Critical\",\"priority\":\"high\"},{\"id\":\"critical_no_selected_keyword\",\"name\":{\"label\":\"Selected keyword missing in keyword appearance.\"},\"type\":\"Critical\",\"priority\":\"too_high\"},{\"id\":\"critical_word_count_is_low\",\"name\":{\"label\":\"Word count is low in your content add more words.\"},\"type\":\"Recommended\"}],\"advanceSettings\":[],\"schemaMarkup\":[],\"imageAnalytics\":[{\"id\":\"critical_keyword_missing_in_image_filename\",\"name\":{\"label\":\"Keyword missing in images filename.\"},\"type\":\"Critical\"},{\"id\":\"critical_missing_images_alt_attribute\",\"name\":{\"label\":\"Missing images alt attribute.\"},\"type\":\"Critical\"},{\"id\":\"critical_missing_images_title_attribute\",\"name\":{\"label\":\"Missing images title attribute.\"},\"type\":\"Critical\"}],\"productGtins\":[]}},\"imageAnalytics\":{\"imageAnalysis\":[{\"id\":\"TotalImages\",\"name\":\"Total images\",\"value\":\"3\"},{\"id\":\"ImagesHasTitle\",\"name\":\"Images has title\",\"value\":\"0\",\"outOff\":\"3\",\"status\":\"poor\",\"tooltip\":\"Missing image title attribute\"},{\"id\":\"ImageHasAltAttribute\",\"name\":\"Images has alt\",\"value\":\"0\",\"outOff\":\"3\",\"status\":\"poor\",\"tooltip\":\"Missing alt attribute\"},{\"id\":\"ImagesHasProperFileName\",\"name\":\"Images has proper filename format\",\"value\":\"3\",\"outOff\":\"3\",\"status\":\"excellent\",\"tooltip\":\"Good! all images has proper filename format\"},{\"id\":\"KeywordInTitleAttribute\",\"name\":\"Keyword in image title\",\"value\":\"0\",\"outOff\":\"0\",\"status\":\"disabled\",\"tooltip\":\"Add image title attribute to enable this feature.\"},{\"id\":\"KeywordInAltAttribute\",\"name\":\"Keyword in image Alt\",\"value\":\"0\",\"outOff\":\"0\",\"status\":\"disabled\",\"tooltip\":\"Add image alt attribute to enable this feature.\"},{\"id\":\"KeywordInFilename\",\"name\":\"Keyword in image filename\",\"value\":\"0\",\"outOff\":\"3\",\"status\":\"poor\",\"tooltip\":\"Missing keyword in image filename\"}]}}","_dseop_selected_keywords":"","footnotes":""},"class_list":["post-1667","page","type-page","status-publish","hentry"],"kubio_ai_page_context":{"short_desc":"","purpose":"general"},"yoast_head":"<!-- This site is optimized with the Yoast SEO plugin v27.5 - https:\/\/yoast.com\/product\/yoast-seo-wordpress\/ -->\n<title>Crear una presentaci\u00f3 multim\u00e8dia per fer difusi\u00f3 de l&#039;esdeveniment - Adrian Jaimes<\/title>\n<meta name=\"robots\" content=\"index, follow, max-snippet:-1, max-image-preview:large, max-video-preview:-1\" \/>\n<link rel=\"canonical\" href=\"https:\/\/ajaimes.inscastellbisbal.net\/?page_id=1667\" \/>\n<meta property=\"og:locale\" content=\"ca_ES\" \/>\n<meta property=\"og:type\" content=\"article\" \/>\n<meta property=\"og:title\" content=\"Crear una presentaci\u00f3 multim\u00e8dia per fer difusi\u00f3 de l&#039;esdeveniment - Adrian Jaimes\" \/>\n<meta property=\"og:description\" content=\"Per difondre aquest esdeveniment, hem decidit fer un salt qualitatiu en la creaci\u00f3 multim\u00e8dia utilitzant Gamma. A difer\u00e8ncia de les eines convencionals, Gamma ens ha perm\u00e8s desenvolupar una identitat visual pr\u00f2pia i altament creativa, complint els est\u00e0ndards de disseny professional que requereix una LAN party. El uso de Gamma facilita una integraci\u00f3n fluida y estrat\u00e9gica [&hellip;]\" \/>\n<meta property=\"og:url\" content=\"https:\/\/ajaimes.inscastellbisbal.net\/?page_id=1667\" \/>\n<meta property=\"og:site_name\" content=\"Adrian Jaimes\" \/>\n<meta property=\"article:modified_time\" content=\"2026-03-04T11:02:21+00:00\" \/>\n<meta property=\"og:image\" content=\"https:\/\/ajaimes.inscastellbisbal.net\/wp-content\/uploads\/2026\/01\/imagen-36.png\" \/>\n\t<meta property=\"og:image:width\" content=\"788\" \/>\n\t<meta property=\"og:image:height\" content=\"510\" \/>\n\t<meta property=\"og:image:type\" content=\"image\/png\" \/>\n<meta name=\"twitter:card\" content=\"summary_large_image\" \/>\n<meta name=\"twitter:label1\" content=\"Temps estimat de lectura\" \/>\n\t<meta name=\"twitter:data1\" content=\"2 minuts\" \/>\n<script type=\"application\/ld+json\" class=\"yoast-schema-graph\">{\"@context\":\"https:\\\/\\\/schema.org\",\"@graph\":[{\"@type\":\"WebPage\",\"@id\":\"https:\\\/\\\/ajaimes.inscastellbisbal.net\\\/?page_id=1667\",\"url\":\"https:\\\/\\\/ajaimes.inscastellbisbal.net\\\/?page_id=1667\",\"name\":\"Crear una presentaci\u00f3 multim\u00e8dia per fer difusi\u00f3 de l'esdeveniment - Adrian Jaimes\",\"isPartOf\":{\"@id\":\"https:\\\/\\\/ajaimes.inscastellbisbal.net\\\/#website\"},\"primaryImageOfPage\":{\"@id\":\"https:\\\/\\\/ajaimes.inscastellbisbal.net\\\/?page_id=1667#primaryimage\"},\"image\":{\"@id\":\"https:\\\/\\\/ajaimes.inscastellbisbal.net\\\/?page_id=1667#primaryimage\"},\"thumbnailUrl\":\"https:\\\/\\\/ajaimes.inscastellbisbal.net\\\/wp-content\\\/uploads\\\/2026\\\/01\\\/imagen-36.png\",\"datePublished\":\"2026-01-16T08:16:44+00:00\",\"dateModified\":\"2026-03-04T11:02:21+00:00\",\"breadcrumb\":{\"@id\":\"https:\\\/\\\/ajaimes.inscastellbisbal.net\\\/?page_id=1667#breadcrumb\"},\"inLanguage\":\"ca\",\"potentialAction\":[{\"@type\":\"ReadAction\",\"target\":[\"https:\\\/\\\/ajaimes.inscastellbisbal.net\\\/?page_id=1667\"]}]},{\"@type\":\"ImageObject\",\"inLanguage\":\"ca\",\"@id\":\"https:\\\/\\\/ajaimes.inscastellbisbal.net\\\/?page_id=1667#primaryimage\",\"url\":\"https:\\\/\\\/ajaimes.inscastellbisbal.net\\\/wp-content\\\/uploads\\\/2026\\\/01\\\/imagen-36.png\",\"contentUrl\":\"https:\\\/\\\/ajaimes.inscastellbisbal.net\\\/wp-content\\\/uploads\\\/2026\\\/01\\\/imagen-36.png\",\"width\":788,\"height\":510},{\"@type\":\"BreadcrumbList\",\"@id\":\"https:\\\/\\\/ajaimes.inscastellbisbal.net\\\/?page_id=1667#breadcrumb\",\"itemListElement\":[{\"@type\":\"ListItem\",\"position\":1,\"name\":\"Inici\",\"item\":\"https:\\\/\\\/ajaimes.inscastellbisbal.net\\\/\"},{\"@type\":\"ListItem\",\"position\":2,\"name\":\"1r SMX\",\"item\":\"https:\\\/\\\/ajaimes.inscastellbisbal.net\\\/?page_id=1084\"},{\"@type\":\"ListItem\",\"position\":3,\"name\":\"Repte 1.3\",\"item\":\"https:\\\/\\\/ajaimes.inscastellbisbal.net\\\/?page_id=1491\"},{\"@type\":\"ListItem\",\"position\":4,\"name\":\"6\ufe0f\u20e3 &#8211; \ud83c\udfa8 &#8211; Material gr\u00e0fic i comunicaci\u00f3\",\"item\":\"https:\\\/\\\/ajaimes.inscastellbisbal.net\\\/?page_id=1583\"},{\"@type\":\"ListItem\",\"position\":5,\"name\":\"Crear una presentaci\u00f3 multim\u00e8dia per fer difusi\u00f3 de l&#8217;esdeveniment\"}]},{\"@type\":\"WebSite\",\"@id\":\"https:\\\/\\\/ajaimes.inscastellbisbal.net\\\/#website\",\"url\":\"https:\\\/\\\/ajaimes.inscastellbisbal.net\\\/\",\"name\":\"Adrian Jaimes\",\"description\":\"S\u00f3c estudiant d&#039;inform\u00e0tica i aqu\u00ed podr\u00e0s veure el meu cam\u00ed acad\u00e8mic, els projectes que he realitzat i els coneixements que he adquirit durant la meva formaci\u00f3. Aquesta p\u00e0gina \u00e9s un reflex de la meva passi\u00f3 per la tecnologia i el meu comprom\u00eds per seguir aprenent i millorant cada dia.  Explora els meus treballs i seguiment acad\u00e8mic!\",\"publisher\":{\"@id\":\"https:\\\/\\\/ajaimes.inscastellbisbal.net\\\/#organization\"},\"potentialAction\":[{\"@type\":\"SearchAction\",\"target\":{\"@type\":\"EntryPoint\",\"urlTemplate\":\"https:\\\/\\\/ajaimes.inscastellbisbal.net\\\/?s={search_term_string}\"},\"query-input\":{\"@type\":\"PropertyValueSpecification\",\"valueRequired\":true,\"valueName\":\"search_term_string\"}}],\"inLanguage\":\"ca\"},{\"@type\":\"Organization\",\"@id\":\"https:\\\/\\\/ajaimes.inscastellbisbal.net\\\/#organization\",\"name\":\"Adrian Jaimes\",\"url\":\"https:\\\/\\\/ajaimes.inscastellbisbal.net\\\/\",\"logo\":{\"@type\":\"ImageObject\",\"inLanguage\":\"ca\",\"@id\":\"https:\\\/\\\/ajaimes.inscastellbisbal.net\\\/#\\\/schema\\\/logo\\\/image\\\/\",\"url\":\"https:\\\/\\\/ajaimes.inscastellbisbal.net\\\/wp-content\\\/uploads\\\/2025\\\/12\\\/cropped-cropped-cropped-width_550_009.webp\",\"contentUrl\":\"https:\\\/\\\/ajaimes.inscastellbisbal.net\\\/wp-content\\\/uploads\\\/2025\\\/12\\\/cropped-cropped-cropped-width_550_009.webp\",\"width\":512,\"height\":512,\"caption\":\"Adrian Jaimes\"},\"image\":{\"@id\":\"https:\\\/\\\/ajaimes.inscastellbisbal.net\\\/#\\\/schema\\\/logo\\\/image\\\/\"}}]}<\/script>\n<!-- \/ Yoast SEO plugin. -->","yoast_head_json":{"title":"Crear una presentaci\u00f3 multim\u00e8dia per fer difusi\u00f3 de l'esdeveniment - Adrian Jaimes","robots":{"index":"index","follow":"follow","max-snippet":"max-snippet:-1","max-image-preview":"max-image-preview:large","max-video-preview":"max-video-preview:-1"},"canonical":"https:\/\/ajaimes.inscastellbisbal.net\/?page_id=1667","og_locale":"ca_ES","og_type":"article","og_title":"Crear una presentaci\u00f3 multim\u00e8dia per fer difusi\u00f3 de l'esdeveniment - Adrian Jaimes","og_description":"Per difondre aquest esdeveniment, hem decidit fer un salt qualitatiu en la creaci\u00f3 multim\u00e8dia utilitzant Gamma. A difer\u00e8ncia de les eines convencionals, Gamma ens ha perm\u00e8s desenvolupar una identitat visual pr\u00f2pia i altament creativa, complint els est\u00e0ndards de disseny professional que requereix una LAN party. El uso de Gamma facilita una integraci\u00f3n fluida y estrat\u00e9gica [&hellip;]","og_url":"https:\/\/ajaimes.inscastellbisbal.net\/?page_id=1667","og_site_name":"Adrian Jaimes","article_modified_time":"2026-03-04T11:02:21+00:00","og_image":[{"width":788,"height":510,"url":"https:\/\/ajaimes.inscastellbisbal.net\/wp-content\/uploads\/2026\/01\/imagen-36.png","type":"image\/png"}],"twitter_card":"summary_large_image","twitter_misc":{"Temps estimat de lectura":"2 minuts"},"schema":{"@context":"https:\/\/schema.org","@graph":[{"@type":"WebPage","@id":"https:\/\/ajaimes.inscastellbisbal.net\/?page_id=1667","url":"https:\/\/ajaimes.inscastellbisbal.net\/?page_id=1667","name":"Crear una presentaci\u00f3 multim\u00e8dia per fer difusi\u00f3 de l'esdeveniment - Adrian Jaimes","isPartOf":{"@id":"https:\/\/ajaimes.inscastellbisbal.net\/#website"},"primaryImageOfPage":{"@id":"https:\/\/ajaimes.inscastellbisbal.net\/?page_id=1667#primaryimage"},"image":{"@id":"https:\/\/ajaimes.inscastellbisbal.net\/?page_id=1667#primaryimage"},"thumbnailUrl":"https:\/\/ajaimes.inscastellbisbal.net\/wp-content\/uploads\/2026\/01\/imagen-36.png","datePublished":"2026-01-16T08:16:44+00:00","dateModified":"2026-03-04T11:02:21+00:00","breadcrumb":{"@id":"https:\/\/ajaimes.inscastellbisbal.net\/?page_id=1667#breadcrumb"},"inLanguage":"ca","potentialAction":[{"@type":"ReadAction","target":["https:\/\/ajaimes.inscastellbisbal.net\/?page_id=1667"]}]},{"@type":"ImageObject","inLanguage":"ca","@id":"https:\/\/ajaimes.inscastellbisbal.net\/?page_id=1667#primaryimage","url":"https:\/\/ajaimes.inscastellbisbal.net\/wp-content\/uploads\/2026\/01\/imagen-36.png","contentUrl":"https:\/\/ajaimes.inscastellbisbal.net\/wp-content\/uploads\/2026\/01\/imagen-36.png","width":788,"height":510},{"@type":"BreadcrumbList","@id":"https:\/\/ajaimes.inscastellbisbal.net\/?page_id=1667#breadcrumb","itemListElement":[{"@type":"ListItem","position":1,"name":"Inici","item":"https:\/\/ajaimes.inscastellbisbal.net\/"},{"@type":"ListItem","position":2,"name":"1r SMX","item":"https:\/\/ajaimes.inscastellbisbal.net\/?page_id=1084"},{"@type":"ListItem","position":3,"name":"Repte 1.3","item":"https:\/\/ajaimes.inscastellbisbal.net\/?page_id=1491"},{"@type":"ListItem","position":4,"name":"6\ufe0f\u20e3 &#8211; \ud83c\udfa8 &#8211; Material gr\u00e0fic i comunicaci\u00f3","item":"https:\/\/ajaimes.inscastellbisbal.net\/?page_id=1583"},{"@type":"ListItem","position":5,"name":"Crear una presentaci\u00f3 multim\u00e8dia per fer difusi\u00f3 de l&#8217;esdeveniment"}]},{"@type":"WebSite","@id":"https:\/\/ajaimes.inscastellbisbal.net\/#website","url":"https:\/\/ajaimes.inscastellbisbal.net\/","name":"Adrian Jaimes","description":"S\u00f3c estudiant d&#039;inform\u00e0tica i aqu\u00ed podr\u00e0s veure el meu cam\u00ed acad\u00e8mic, els projectes que he realitzat i els coneixements que he adquirit durant la meva formaci\u00f3. Aquesta p\u00e0gina \u00e9s un reflex de la meva passi\u00f3 per la tecnologia i el meu comprom\u00eds per seguir aprenent i millorant cada dia.  Explora els meus treballs i seguiment acad\u00e8mic!","publisher":{"@id":"https:\/\/ajaimes.inscastellbisbal.net\/#organization"},"potentialAction":[{"@type":"SearchAction","target":{"@type":"EntryPoint","urlTemplate":"https:\/\/ajaimes.inscastellbisbal.net\/?s={search_term_string}"},"query-input":{"@type":"PropertyValueSpecification","valueRequired":true,"valueName":"search_term_string"}}],"inLanguage":"ca"},{"@type":"Organization","@id":"https:\/\/ajaimes.inscastellbisbal.net\/#organization","name":"Adrian Jaimes","url":"https:\/\/ajaimes.inscastellbisbal.net\/","logo":{"@type":"ImageObject","inLanguage":"ca","@id":"https:\/\/ajaimes.inscastellbisbal.net\/#\/schema\/logo\/image\/","url":"https:\/\/ajaimes.inscastellbisbal.net\/wp-content\/uploads\/2025\/12\/cropped-cropped-cropped-width_550_009.webp","contentUrl":"https:\/\/ajaimes.inscastellbisbal.net\/wp-content\/uploads\/2025\/12\/cropped-cropped-cropped-width_550_009.webp","width":512,"height":512,"caption":"Adrian Jaimes"},"image":{"@id":"https:\/\/ajaimes.inscastellbisbal.net\/#\/schema\/logo\/image\/"}}]}},"jetpack_sharing_enabled":true,"_links":{"self":[{"href":"https:\/\/ajaimes.inscastellbisbal.net\/index.php?rest_route=\/wp\/v2\/pages\/1667","targetHints":{"allow":["GET"]}}],"collection":[{"href":"https:\/\/ajaimes.inscastellbisbal.net\/index.php?rest_route=\/wp\/v2\/pages"}],"about":[{"href":"https:\/\/ajaimes.inscastellbisbal.net\/index.php?rest_route=\/wp\/v2\/types\/page"}],"author":[{"embeddable":true,"href":"https:\/\/ajaimes.inscastellbisbal.net\/index.php?rest_route=\/wp\/v2\/users\/1"}],"replies":[{"embeddable":true,"href":"https:\/\/ajaimes.inscastellbisbal.net\/index.php?rest_route=%2Fwp%2Fv2%2Fcomments&post=1667"}],"version-history":[{"count":5,"href":"https:\/\/ajaimes.inscastellbisbal.net\/index.php?rest_route=\/wp\/v2\/pages\/1667\/revisions"}],"predecessor-version":[{"id":1841,"href":"https:\/\/ajaimes.inscastellbisbal.net\/index.php?rest_route=\/wp\/v2\/pages\/1667\/revisions\/1841"}],"up":[{"embeddable":true,"href":"https:\/\/ajaimes.inscastellbisbal.net\/index.php?rest_route=\/wp\/v2\/pages\/1583"}],"wp:attachment":[{"href":"https:\/\/ajaimes.inscastellbisbal.net\/index.php?rest_route=%2Fwp%2Fv2%2Fmedia&parent=1667"}],"curies":[{"name":"wp","href":"https:\/\/api.w.org\/{rel}","templated":true}]}}