{"id":1563,"date":"2026-01-16T07:52:17","date_gmt":"2026-01-16T07:52:17","guid":{"rendered":"https:\/\/ajaimes.inscastellbisbal.net\/?page_id=1563"},"modified":"2026-02-03T13:18:40","modified_gmt":"2026-02-03T13:18:40","slug":"sites-informatiu-de-la-lan-party","status":"publish","type":"page","link":"https:\/\/ajaimes.inscastellbisbal.net\/?page_id=1563","title":{"rendered":"Sites informatiu de la LAN Party"},"content":{"rendered":"\n<p>Aquest lloc web \u00e9s el centre de la LAN Party 2026. Hem dissenyat aquesta plataforma per oferir una experi\u00e8ncia digital professional i 100% funcional, servint com a eina clau per a la gesti\u00f3 log\u00edstica de l&#8217;esdeveniment. Aqu\u00ed trobareu tota la informaci\u00f3 necess\u00e0ria per participar, des de la normativa oficial fins al sistema d&#8217;inscripcions en temps real.<\/p>\n\n\n\n<p>Desenvolupament del Lloc Web amb Google Sites.<\/p>\n\n\n\n<p>Per al disseny i la creaci\u00f3 d&#8217;aquest portal informatiu, hem triat l&#8217;eina <strong>Google Sites<\/strong>, que permet desenvolupar p\u00e0gines web professionals de forma intu\u00eftiva i gratu\u00efta. El proc\u00e9s de creaci\u00f3 s&#8217;ha seguit pas a pas per garantir un resultat \u00f2ptim:<\/p>\n\n\n\n<p><strong>Implementaci\u00f3 de Seccions Cr\u00edtiques:<\/strong> Seguint els criteris de planificaci\u00f3, hem configurat apartats essencials com la normativa del centre, els horaris dels tornejos i els requeriments t\u00e8cnics del sistema.<\/p>\n\n\n\n<p><strong>Acc\u00e9s i Inici:<\/strong> Per comen\u00e7ar, hem accedit a la plataforma oficial de Google Sites i hem utilitzat el bot\u00f3 <strong>&#8220;+&#8221; (M\u00e9s)<\/strong> per generar un nou projecte des de zero.<\/p>\n\n\n\n<p><strong>Personalitzaci\u00f3 i Disseny:<\/strong> Hem modificat l&#8217;estructura, el disseny i els men\u00fas de la p\u00e0gina per adaptar-los totalment a les necessitats log\u00edstiques de la LAN Party, assegurant una navegaci\u00f3 intu\u00eftiva i un aspecte professional.<\/p>\n\n\n\n<figure class=\"wp-block-image size-large\"><img loading=\"lazy\" decoding=\"async\" width=\"1024\" height=\"181\" title=\"imagen-32-1024x181\" src=\"https:\/\/ajaimes.inscastellbisbal.net\/wp-content\/uploads\/2026\/01\/imagen-32-1024x181.png\" alt=\"\" class=\"wp-image-1790\" srcset=\"https:\/\/ajaimes.inscastellbisbal.net\/wp-content\/uploads\/2026\/01\/imagen-32-1024x181.png 1024w, https:\/\/ajaimes.inscastellbisbal.net\/wp-content\/uploads\/2026\/01\/imagen-32-300x53.png 300w, https:\/\/ajaimes.inscastellbisbal.net\/wp-content\/uploads\/2026\/01\/imagen-32-768x136.png 768w, https:\/\/ajaimes.inscastellbisbal.net\/wp-content\/uploads\/2026\/01\/imagen-32-1536x272.png 1536w, https:\/\/ajaimes.inscastellbisbal.net\/wp-content\/uploads\/2026\/01\/imagen-32.png 1855w\" sizes=\"(max-width: 1024px) 100vw, 1024px\" \/><\/figure>\n\n\n\n<figure class=\"wp-block-image size-large\"><img loading=\"lazy\" decoding=\"async\" width=\"1024\" height=\"289\" title=\"imagen-33-1024x289\" src=\"https:\/\/ajaimes.inscastellbisbal.net\/wp-content\/uploads\/2026\/01\/imagen-33-1024x289.png\" alt=\"\" class=\"wp-image-1791\" srcset=\"https:\/\/ajaimes.inscastellbisbal.net\/wp-content\/uploads\/2026\/01\/imagen-33-1024x289.png 1024w, https:\/\/ajaimes.inscastellbisbal.net\/wp-content\/uploads\/2026\/01\/imagen-33-300x85.png 300w, https:\/\/ajaimes.inscastellbisbal.net\/wp-content\/uploads\/2026\/01\/imagen-33-768x217.png 768w, https:\/\/ajaimes.inscastellbisbal.net\/wp-content\/uploads\/2026\/01\/imagen-33-1536x433.png 1536w, https:\/\/ajaimes.inscastellbisbal.net\/wp-content\/uploads\/2026\/01\/imagen-33.png 1570w\" sizes=\"(max-width: 1024px) 100vw, 1024px\" \/><\/figure>\n\n\n\n<figure class=\"wp-block-image size-large\"><img loading=\"lazy\" decoding=\"async\" width=\"1024\" height=\"550\" title=\"imagen-34-1024x550\" src=\"https:\/\/ajaimes.inscastellbisbal.net\/wp-content\/uploads\/2026\/01\/imagen-34-1024x550.png\" alt=\"\" class=\"wp-image-1792\" srcset=\"https:\/\/ajaimes.inscastellbisbal.net\/wp-content\/uploads\/2026\/01\/imagen-34-1024x550.png 1024w, https:\/\/ajaimes.inscastellbisbal.net\/wp-content\/uploads\/2026\/01\/imagen-34-300x161.png 300w, https:\/\/ajaimes.inscastellbisbal.net\/wp-content\/uploads\/2026\/01\/imagen-34-768x413.png 768w, https:\/\/ajaimes.inscastellbisbal.net\/wp-content\/uploads\/2026\/01\/imagen-34-1536x826.png 1536w, https:\/\/ajaimes.inscastellbisbal.net\/wp-content\/uploads\/2026\/01\/imagen-34.png 1611w\" sizes=\"(max-width: 1024px) 100vw, 1024px\" \/><\/figure>\n\n\n\n<p><\/p>\n\n\n\n\n\n<p><\/p>\n","protected":false},"excerpt":{"rendered":"<p>Aquest lloc web \u00e9s el centre de la LAN Party 2026. Hem dissenyat aquesta plataforma per oferir una experi\u00e8ncia digital professional i 100% funcional, servint com a eina clau per a la gesti\u00f3 log\u00edstica de l&#8217;esdeveniment. Aqu\u00ed trobareu tota la informaci\u00f3 necess\u00e0ria per participar, des de la normativa oficial fins al sistema d&#8217;inscripcions en temps [&hellip;]<\/p>\n","protected":false},"author":1,"featured_media":0,"parent":1557,"menu_order":2,"comment_status":"closed","ping_status":"closed","template":"","meta":{"saved_in_kubio":false,"_dseop_meta":"","_dseop_selected_keywords":"","footnotes":""},"class_list":["post-1563","page","type-page","status-publish","hentry"],"kubio_ai_page_context":{"short_desc":"","purpose":"general"},"yoast_head":"<!-- This site is optimized with the Yoast SEO plugin v27.5 - https:\/\/yoast.com\/product\/yoast-seo-wordpress\/ -->\n<title>Sites informatiu de la LAN Party - Adrian Jaimes<\/title>\n<meta name=\"robots\" content=\"index, follow, max-snippet:-1, max-image-preview:large, max-video-preview:-1\" \/>\n<link rel=\"canonical\" href=\"https:\/\/ajaimes.inscastellbisbal.net\/?page_id=1563\" \/>\n<meta property=\"og:locale\" content=\"ca_ES\" \/>\n<meta property=\"og:type\" content=\"article\" \/>\n<meta property=\"og:title\" content=\"Sites informatiu de la LAN Party - Adrian Jaimes\" \/>\n<meta property=\"og:description\" content=\"Aquest lloc web \u00e9s el centre de la LAN Party 2026. Hem dissenyat aquesta plataforma per oferir una experi\u00e8ncia digital professional i 100% funcional, servint com a eina clau per a la gesti\u00f3 log\u00edstica de l&#8217;esdeveniment. Aqu\u00ed trobareu tota la informaci\u00f3 necess\u00e0ria per participar, des de la normativa oficial fins al sistema d&#8217;inscripcions en temps [&hellip;]\" \/>\n<meta property=\"og:url\" content=\"https:\/\/ajaimes.inscastellbisbal.net\/?page_id=1563\" \/>\n<meta property=\"og:site_name\" content=\"Adrian Jaimes\" \/>\n<meta property=\"article:modified_time\" content=\"2026-02-03T13:18:40+00:00\" \/>\n<meta property=\"og:image\" content=\"https:\/\/ajaimes.inscastellbisbal.net\/wp-content\/uploads\/2026\/01\/imagen-32.png\" \/>\n\t<meta property=\"og:image:width\" content=\"1855\" \/>\n\t<meta property=\"og:image:height\" content=\"328\" \/>\n\t<meta property=\"og:image:type\" content=\"image\/png\" \/>\n<meta name=\"twitter:card\" content=\"summary_large_image\" \/>\n<meta name=\"twitter:label1\" content=\"Temps estimat de lectura\" \/>\n\t<meta name=\"twitter:data1\" content=\"2 minuts\" \/>\n<script type=\"application\/ld+json\" class=\"yoast-schema-graph\">{\"@context\":\"https:\\\/\\\/schema.org\",\"@graph\":[{\"@type\":\"WebPage\",\"@id\":\"https:\\\/\\\/ajaimes.inscastellbisbal.net\\\/?page_id=1563\",\"url\":\"https:\\\/\\\/ajaimes.inscastellbisbal.net\\\/?page_id=1563\",\"name\":\"Sites informatiu de la LAN Party - Adrian Jaimes\",\"isPartOf\":{\"@id\":\"https:\\\/\\\/ajaimes.inscastellbisbal.net\\\/#website\"},\"primaryImageOfPage\":{\"@id\":\"https:\\\/\\\/ajaimes.inscastellbisbal.net\\\/?page_id=1563#primaryimage\"},\"image\":{\"@id\":\"https:\\\/\\\/ajaimes.inscastellbisbal.net\\\/?page_id=1563#primaryimage\"},\"thumbnailUrl\":\"https:\\\/\\\/ajaimes.inscastellbisbal.net\\\/wp-content\\\/uploads\\\/2026\\\/01\\\/imagen-32-1024x181.png\",\"datePublished\":\"2026-01-16T07:52:17+00:00\",\"dateModified\":\"2026-02-03T13:18:40+00:00\",\"breadcrumb\":{\"@id\":\"https:\\\/\\\/ajaimes.inscastellbisbal.net\\\/?page_id=1563#breadcrumb\"},\"inLanguage\":\"ca\",\"potentialAction\":[{\"@type\":\"ReadAction\",\"target\":[\"https:\\\/\\\/ajaimes.inscastellbisbal.net\\\/?page_id=1563\"]}]},{\"@type\":\"ImageObject\",\"inLanguage\":\"ca\",\"@id\":\"https:\\\/\\\/ajaimes.inscastellbisbal.net\\\/?page_id=1563#primaryimage\",\"url\":\"https:\\\/\\\/ajaimes.inscastellbisbal.net\\\/wp-content\\\/uploads\\\/2026\\\/01\\\/imagen-32.png\",\"contentUrl\":\"https:\\\/\\\/ajaimes.inscastellbisbal.net\\\/wp-content\\\/uploads\\\/2026\\\/01\\\/imagen-32.png\",\"width\":1855,\"height\":328},{\"@type\":\"BreadcrumbList\",\"@id\":\"https:\\\/\\\/ajaimes.inscastellbisbal.net\\\/?page_id=1563#breadcrumb\",\"itemListElement\":[{\"@type\":\"ListItem\",\"position\":1,\"name\":\"Inici\",\"item\":\"https:\\\/\\\/ajaimes.inscastellbisbal.net\\\/\"},{\"@type\":\"ListItem\",\"position\":2,\"name\":\"1r SMX\",\"item\":\"https:\\\/\\\/ajaimes.inscastellbisbal.net\\\/?page_id=1084\"},{\"@type\":\"ListItem\",\"position\":3,\"name\":\"Repte 1.3\",\"item\":\"https:\\\/\\\/ajaimes.inscastellbisbal.net\\\/?page_id=1491\"},{\"@type\":\"ListItem\",\"position\":4,\"name\":\"0\ufe0f\u20e3 &#8211; \ud83d\udcc4 &#8211; Web de la LAN Party\",\"item\":\"https:\\\/\\\/ajaimes.inscastellbisbal.net\\\/?page_id=1557\"},{\"@type\":\"ListItem\",\"position\":5,\"name\":\"Sites informatiu de la LAN Party\"}]},{\"@type\":\"WebSite\",\"@id\":\"https:\\\/\\\/ajaimes.inscastellbisbal.net\\\/#website\",\"url\":\"https:\\\/\\\/ajaimes.inscastellbisbal.net\\\/\",\"name\":\"Adrian Jaimes\",\"description\":\"S\u00f3c estudiant d&#039;inform\u00e0tica i aqu\u00ed podr\u00e0s veure el meu cam\u00ed acad\u00e8mic, els projectes que he realitzat i els coneixements que he adquirit durant la meva formaci\u00f3. Aquesta p\u00e0gina \u00e9s un reflex de la meva passi\u00f3 per la tecnologia i el meu comprom\u00eds per seguir aprenent i millorant cada dia.  Explora els meus treballs i seguiment acad\u00e8mic!\",\"publisher\":{\"@id\":\"https:\\\/\\\/ajaimes.inscastellbisbal.net\\\/#organization\"},\"potentialAction\":[{\"@type\":\"SearchAction\",\"target\":{\"@type\":\"EntryPoint\",\"urlTemplate\":\"https:\\\/\\\/ajaimes.inscastellbisbal.net\\\/?s={search_term_string}\"},\"query-input\":{\"@type\":\"PropertyValueSpecification\",\"valueRequired\":true,\"valueName\":\"search_term_string\"}}],\"inLanguage\":\"ca\"},{\"@type\":\"Organization\",\"@id\":\"https:\\\/\\\/ajaimes.inscastellbisbal.net\\\/#organization\",\"name\":\"Adrian Jaimes\",\"url\":\"https:\\\/\\\/ajaimes.inscastellbisbal.net\\\/\",\"logo\":{\"@type\":\"ImageObject\",\"inLanguage\":\"ca\",\"@id\":\"https:\\\/\\\/ajaimes.inscastellbisbal.net\\\/#\\\/schema\\\/logo\\\/image\\\/\",\"url\":\"https:\\\/\\\/ajaimes.inscastellbisbal.net\\\/wp-content\\\/uploads\\\/2025\\\/12\\\/cropped-cropped-cropped-width_550_009.webp\",\"contentUrl\":\"https:\\\/\\\/ajaimes.inscastellbisbal.net\\\/wp-content\\\/uploads\\\/2025\\\/12\\\/cropped-cropped-cropped-width_550_009.webp\",\"width\":512,\"height\":512,\"caption\":\"Adrian Jaimes\"},\"image\":{\"@id\":\"https:\\\/\\\/ajaimes.inscastellbisbal.net\\\/#\\\/schema\\\/logo\\\/image\\\/\"}}]}<\/script>\n<!-- \/ Yoast SEO plugin. -->","yoast_head_json":{"title":"Sites informatiu de la LAN Party - Adrian Jaimes","robots":{"index":"index","follow":"follow","max-snippet":"max-snippet:-1","max-image-preview":"max-image-preview:large","max-video-preview":"max-video-preview:-1"},"canonical":"https:\/\/ajaimes.inscastellbisbal.net\/?page_id=1563","og_locale":"ca_ES","og_type":"article","og_title":"Sites informatiu de la LAN Party - Adrian Jaimes","og_description":"Aquest lloc web \u00e9s el centre de la LAN Party 2026. Hem dissenyat aquesta plataforma per oferir una experi\u00e8ncia digital professional i 100% funcional, servint com a eina clau per a la gesti\u00f3 log\u00edstica de l&#8217;esdeveniment. Aqu\u00ed trobareu tota la informaci\u00f3 necess\u00e0ria per participar, des de la normativa oficial fins al sistema d&#8217;inscripcions en temps [&hellip;]","og_url":"https:\/\/ajaimes.inscastellbisbal.net\/?page_id=1563","og_site_name":"Adrian Jaimes","article_modified_time":"2026-02-03T13:18:40+00:00","og_image":[{"width":1855,"height":328,"url":"https:\/\/ajaimes.inscastellbisbal.net\/wp-content\/uploads\/2026\/01\/imagen-32.png","type":"image\/png"}],"twitter_card":"summary_large_image","twitter_misc":{"Temps estimat de lectura":"2 minuts"},"schema":{"@context":"https:\/\/schema.org","@graph":[{"@type":"WebPage","@id":"https:\/\/ajaimes.inscastellbisbal.net\/?page_id=1563","url":"https:\/\/ajaimes.inscastellbisbal.net\/?page_id=1563","name":"Sites informatiu de la LAN Party - Adrian Jaimes","isPartOf":{"@id":"https:\/\/ajaimes.inscastellbisbal.net\/#website"},"primaryImageOfPage":{"@id":"https:\/\/ajaimes.inscastellbisbal.net\/?page_id=1563#primaryimage"},"image":{"@id":"https:\/\/ajaimes.inscastellbisbal.net\/?page_id=1563#primaryimage"},"thumbnailUrl":"https:\/\/ajaimes.inscastellbisbal.net\/wp-content\/uploads\/2026\/01\/imagen-32-1024x181.png","datePublished":"2026-01-16T07:52:17+00:00","dateModified":"2026-02-03T13:18:40+00:00","breadcrumb":{"@id":"https:\/\/ajaimes.inscastellbisbal.net\/?page_id=1563#breadcrumb"},"inLanguage":"ca","potentialAction":[{"@type":"ReadAction","target":["https:\/\/ajaimes.inscastellbisbal.net\/?page_id=1563"]}]},{"@type":"ImageObject","inLanguage":"ca","@id":"https:\/\/ajaimes.inscastellbisbal.net\/?page_id=1563#primaryimage","url":"https:\/\/ajaimes.inscastellbisbal.net\/wp-content\/uploads\/2026\/01\/imagen-32.png","contentUrl":"https:\/\/ajaimes.inscastellbisbal.net\/wp-content\/uploads\/2026\/01\/imagen-32.png","width":1855,"height":328},{"@type":"BreadcrumbList","@id":"https:\/\/ajaimes.inscastellbisbal.net\/?page_id=1563#breadcrumb","itemListElement":[{"@type":"ListItem","position":1,"name":"Inici","item":"https:\/\/ajaimes.inscastellbisbal.net\/"},{"@type":"ListItem","position":2,"name":"1r SMX","item":"https:\/\/ajaimes.inscastellbisbal.net\/?page_id=1084"},{"@type":"ListItem","position":3,"name":"Repte 1.3","item":"https:\/\/ajaimes.inscastellbisbal.net\/?page_id=1491"},{"@type":"ListItem","position":4,"name":"0\ufe0f\u20e3 &#8211; \ud83d\udcc4 &#8211; Web de la LAN Party","item":"https:\/\/ajaimes.inscastellbisbal.net\/?page_id=1557"},{"@type":"ListItem","position":5,"name":"Sites informatiu de la LAN Party"}]},{"@type":"WebSite","@id":"https:\/\/ajaimes.inscastellbisbal.net\/#website","url":"https:\/\/ajaimes.inscastellbisbal.net\/","name":"Adrian Jaimes","description":"S\u00f3c estudiant d&#039;inform\u00e0tica i aqu\u00ed podr\u00e0s veure el meu cam\u00ed acad\u00e8mic, els projectes que he realitzat i els coneixements que he adquirit durant la meva formaci\u00f3. Aquesta p\u00e0gina \u00e9s un reflex de la meva passi\u00f3 per la tecnologia i el meu comprom\u00eds per seguir aprenent i millorant cada dia.  Explora els meus treballs i seguiment acad\u00e8mic!","publisher":{"@id":"https:\/\/ajaimes.inscastellbisbal.net\/#organization"},"potentialAction":[{"@type":"SearchAction","target":{"@type":"EntryPoint","urlTemplate":"https:\/\/ajaimes.inscastellbisbal.net\/?s={search_term_string}"},"query-input":{"@type":"PropertyValueSpecification","valueRequired":true,"valueName":"search_term_string"}}],"inLanguage":"ca"},{"@type":"Organization","@id":"https:\/\/ajaimes.inscastellbisbal.net\/#organization","name":"Adrian Jaimes","url":"https:\/\/ajaimes.inscastellbisbal.net\/","logo":{"@type":"ImageObject","inLanguage":"ca","@id":"https:\/\/ajaimes.inscastellbisbal.net\/#\/schema\/logo\/image\/","url":"https:\/\/ajaimes.inscastellbisbal.net\/wp-content\/uploads\/2025\/12\/cropped-cropped-cropped-width_550_009.webp","contentUrl":"https:\/\/ajaimes.inscastellbisbal.net\/wp-content\/uploads\/2025\/12\/cropped-cropped-cropped-width_550_009.webp","width":512,"height":512,"caption":"Adrian Jaimes"},"image":{"@id":"https:\/\/ajaimes.inscastellbisbal.net\/#\/schema\/logo\/image\/"}}]}},"jetpack_sharing_enabled":true,"_links":{"self":[{"href":"https:\/\/ajaimes.inscastellbisbal.net\/index.php?rest_route=\/wp\/v2\/pages\/1563","targetHints":{"allow":["GET"]}}],"collection":[{"href":"https:\/\/ajaimes.inscastellbisbal.net\/index.php?rest_route=\/wp\/v2\/pages"}],"about":[{"href":"https:\/\/ajaimes.inscastellbisbal.net\/index.php?rest_route=\/wp\/v2\/types\/page"}],"author":[{"embeddable":true,"href":"https:\/\/ajaimes.inscastellbisbal.net\/index.php?rest_route=\/wp\/v2\/users\/1"}],"replies":[{"embeddable":true,"href":"https:\/\/ajaimes.inscastellbisbal.net\/index.php?rest_route=%2Fwp%2Fv2%2Fcomments&post=1563"}],"version-history":[{"count":4,"href":"https:\/\/ajaimes.inscastellbisbal.net\/index.php?rest_route=\/wp\/v2\/pages\/1563\/revisions"}],"predecessor-version":[{"id":1908,"href":"https:\/\/ajaimes.inscastellbisbal.net\/index.php?rest_route=\/wp\/v2\/pages\/1563\/revisions\/1908"}],"up":[{"embeddable":true,"href":"https:\/\/ajaimes.inscastellbisbal.net\/index.php?rest_route=\/wp\/v2\/pages\/1557"}],"wp:attachment":[{"href":"https:\/\/ajaimes.inscastellbisbal.net\/index.php?rest_route=%2Fwp%2Fv2%2Fmedia&parent=1563"}],"curies":[{"name":"wp","href":"https:\/\/api.w.org\/{rel}","templated":true}]}}