{"id":1170,"date":"2025-12-18T11:56:23","date_gmt":"2025-12-18T11:56:23","guid":{"rendered":"https:\/\/ajaimes.inscastellbisbal.net\/?page_id=1170"},"modified":"2026-01-12T07:20:45","modified_gmt":"2026-01-12T07:20:45","slug":"gestio-usuaris","status":"publish","type":"page","link":"https:\/\/ajaimes.inscastellbisbal.net\/?page_id=1170","title":{"rendered":"Gesti\u00f3 usuaris"},"content":{"rendered":"\n<p>Per tal que els alumnes d&#8217;ESO poguessin utilitzar el Moodle durant l&#8217;Olimp\u00edada de la Llengua, va ser necessari organitzar-los correctament dins la plataforma i crear tots els usuaris que necessitaven acc\u00e9s a les proves. Cada classe va preparar la seva proposta de distribuci\u00f3, per\u00f2 finalment vam decidir seguir un mateix model per uniformitzar el proc\u00e9s. A partir d&#8217;aqu\u00ed vaig preparar un sistema per crear usuaris tant manualment com de manera massiva, ja que hav\u00edem de donar acc\u00e9s no nom\u00e9s als alumnes, sin\u00f3 tamb\u00e9 als professors responsables de cada classe.<\/p>\n\n\n\n<p>Per comen\u00e7ar, vaig accedir al Moodle a trav\u00e9s de la IP del servidor i vaig entrar a <strong>&#8220;Administraci\u00f3 del lloc&#8221;<\/strong>. Un cop dins, vaig accedir a l&#8217;apartat <strong>&#8220;Usuaris&#8221;<\/strong> i despr\u00e9s a <strong>&#8220;Afegir un usuari nou&#8221;<\/strong>, que \u00e9s el procediment per crear un compte manualment. En aquesta pantalla apareixen camps obligatoris i camps opcionals, i per mostrar un exemple vaig crear un usuari amb les dades seg\u00fcents:<\/p>\n\n\n\n<p>L&#8217;adre\u00e7a electr\u00f2nica es generava autom\u00e0ticament com <code>\"nom + cognom + @olimpiada.cat\"<\/code>. A m\u00e9s, s&#8217;havia d&#8217;indicar el grup (A, B, C o D), el curs (1rESO, 2nESO, 3rESO o 4tESO) i el rol, que era <strong>&#8220;student&#8221;<\/strong>.<\/p>\n\n\n\n<p>En el cas dels professors, tamb\u00e9 s&#8217;havien de generar autom\u00e0ticament. El nom d&#8217;usuari era <code>\"nom + cognom\"<\/code>, com per exemple &#8220;profAdrian&#8221;. El nom sempre era &#8220;professor&#8221; i el cognom era la classe i el curs que impartia, per exemple &#8220;1rESO&#8221;. El correu electr\u00f2nic seguia la mateixa estructura: <code>nom.cognom@olimpiada.cat<\/code>. El seu rol era <strong>&#8220;teacher&#8221;<\/strong>.<\/p>\n\n\n\n<p>Perqu\u00e8 Moodle accepti tots aquests comptes, cal crear un fitxer <strong>CSV<\/strong> amb els camps: <code>username, password, firstname, lastname, email, courses, group1, roles<\/code>. Cada l\u00ednia \u00e9s un usuari.<\/p>\n\n\n\n<p><strong>Exemple de l&#8217;inici del fitxer:<\/strong> <code>\"alumne1, Alumne123!, Alumne, 1, alumne1@olimpiada.cat, 1rESO, A, student\"<\/code><\/p>\n\n\n\n<p>Els professors segueixen el mateix format, com ara: <code>\"profAdrian, Prof123!, Professor, 1rESO, prof.adrian@olimpiada.cat, 1rESO, A, teacher\"<\/code><\/p>\n\n\n\n<p>Quan aquest fitxer est\u00e0 complet, nom\u00e9s cal anar a <strong>&#8220;Administraci\u00f3 del lloc&#8221;<\/strong>, <strong>&#8220;Usuaris&#8221;<\/strong>, <strong>&#8220;Carrega usuaris&#8221;<\/strong>, seleccionar el CSV i importar-lo. Moodle crea autom\u00e0ticament tots els comptes, els assigna al grup i al curs corresponent i els d\u00f3na el rol pertinent.<\/p>\n","protected":false},"excerpt":{"rendered":"<p>Per tal que els alumnes d&#8217;ESO poguessin utilitzar el Moodle durant l&#8217;Olimp\u00edada de la Llengua, va ser necessari organitzar-los correctament dins la plataforma i crear tots els usuaris que necessitaven acc\u00e9s a les proves. Cada classe va preparar la seva proposta de distribuci\u00f3, per\u00f2 finalment vam decidir seguir un mateix model per uniformitzar el proc\u00e9s. [&hellip;]<\/p>\n","protected":false},"author":1,"featured_media":0,"parent":1212,"menu_order":0,"comment_status":"closed","ping_status":"closed","template":"","meta":{"saved_in_kubio":false,"_dseop_meta":"","_dseop_selected_keywords":"","footnotes":""},"class_list":["post-1170","page","type-page","status-publish","hentry"],"kubio_ai_page_context":{"short_desc":"","purpose":"general"},"yoast_head":"<!-- This site is optimized with the Yoast SEO plugin v27.5 - https:\/\/yoast.com\/product\/yoast-seo-wordpress\/ -->\n<title>Gesti\u00f3 usuaris - Adrian Jaimes<\/title>\n<meta name=\"robots\" content=\"index, follow, max-snippet:-1, max-image-preview:large, max-video-preview:-1\" \/>\n<link rel=\"canonical\" href=\"https:\/\/ajaimes.inscastellbisbal.net\/?page_id=1170\" \/>\n<meta property=\"og:locale\" content=\"ca_ES\" \/>\n<meta property=\"og:type\" content=\"article\" \/>\n<meta property=\"og:title\" content=\"Gesti\u00f3 usuaris - Adrian Jaimes\" \/>\n<meta property=\"og:description\" content=\"Per tal que els alumnes d&#8217;ESO poguessin utilitzar el Moodle durant l&#8217;Olimp\u00edada de la Llengua, va ser necessari organitzar-los correctament dins la plataforma i crear tots els usuaris que necessitaven acc\u00e9s a les proves. Cada classe va preparar la seva proposta de distribuci\u00f3, per\u00f2 finalment vam decidir seguir un mateix model per uniformitzar el proc\u00e9s. [&hellip;]\" \/>\n<meta property=\"og:url\" content=\"https:\/\/ajaimes.inscastellbisbal.net\/?page_id=1170\" \/>\n<meta property=\"og:site_name\" content=\"Adrian Jaimes\" \/>\n<meta property=\"article:modified_time\" content=\"2026-01-12T07:20:45+00:00\" \/>\n<meta name=\"twitter:card\" content=\"summary_large_image\" \/>\n<meta name=\"twitter:label1\" content=\"Temps estimat de lectura\" \/>\n\t<meta name=\"twitter:data1\" content=\"2 minuts\" \/>\n<script type=\"application\/ld+json\" class=\"yoast-schema-graph\">{\"@context\":\"https:\\\/\\\/schema.org\",\"@graph\":[{\"@type\":\"WebPage\",\"@id\":\"https:\\\/\\\/ajaimes.inscastellbisbal.net\\\/?page_id=1170\",\"url\":\"https:\\\/\\\/ajaimes.inscastellbisbal.net\\\/?page_id=1170\",\"name\":\"Gesti\u00f3 usuaris - Adrian Jaimes\",\"isPartOf\":{\"@id\":\"https:\\\/\\\/ajaimes.inscastellbisbal.net\\\/#website\"},\"datePublished\":\"2025-12-18T11:56:23+00:00\",\"dateModified\":\"2026-01-12T07:20:45+00:00\",\"breadcrumb\":{\"@id\":\"https:\\\/\\\/ajaimes.inscastellbisbal.net\\\/?page_id=1170#breadcrumb\"},\"inLanguage\":\"ca\",\"potentialAction\":[{\"@type\":\"ReadAction\",\"target\":[\"https:\\\/\\\/ajaimes.inscastellbisbal.net\\\/?page_id=1170\"]}]},{\"@type\":\"BreadcrumbList\",\"@id\":\"https:\\\/\\\/ajaimes.inscastellbisbal.net\\\/?page_id=1170#breadcrumb\",\"itemListElement\":[{\"@type\":\"ListItem\",\"position\":1,\"name\":\"Inici\",\"item\":\"https:\\\/\\\/ajaimes.inscastellbisbal.net\\\/\"},{\"@type\":\"ListItem\",\"position\":2,\"name\":\"1r SMX\",\"item\":\"https:\\\/\\\/ajaimes.inscastellbisbal.net\\\/?page_id=1084\"},{\"@type\":\"ListItem\",\"position\":3,\"name\":\"Repte 1.2\",\"item\":\"https:\\\/\\\/ajaimes.inscastellbisbal.net\\\/?page_id=1220\"},{\"@type\":\"ListItem\",\"position\":4,\"name\":\"4\ufe0f\u20e3 &#8211; \ud83c\udf93 &#8211; Servidor Moodle\",\"item\":\"https:\\\/\\\/ajaimes.inscastellbisbal.net\\\/?page_id=1212\"},{\"@type\":\"ListItem\",\"position\":5,\"name\":\"Gesti\u00f3 usuaris\"}]},{\"@type\":\"WebSite\",\"@id\":\"https:\\\/\\\/ajaimes.inscastellbisbal.net\\\/#website\",\"url\":\"https:\\\/\\\/ajaimes.inscastellbisbal.net\\\/\",\"name\":\"Adrian Jaimes\",\"description\":\"S\u00f3c estudiant d&#039;inform\u00e0tica i aqu\u00ed podr\u00e0s veure el meu cam\u00ed acad\u00e8mic, els projectes que he realitzat i els coneixements que he adquirit durant la meva formaci\u00f3. Aquesta p\u00e0gina \u00e9s un reflex de la meva passi\u00f3 per la tecnologia i el meu comprom\u00eds per seguir aprenent i millorant cada dia.  Explora els meus treballs i seguiment acad\u00e8mic!\",\"publisher\":{\"@id\":\"https:\\\/\\\/ajaimes.inscastellbisbal.net\\\/#organization\"},\"potentialAction\":[{\"@type\":\"SearchAction\",\"target\":{\"@type\":\"EntryPoint\",\"urlTemplate\":\"https:\\\/\\\/ajaimes.inscastellbisbal.net\\\/?s={search_term_string}\"},\"query-input\":{\"@type\":\"PropertyValueSpecification\",\"valueRequired\":true,\"valueName\":\"search_term_string\"}}],\"inLanguage\":\"ca\"},{\"@type\":\"Organization\",\"@id\":\"https:\\\/\\\/ajaimes.inscastellbisbal.net\\\/#organization\",\"name\":\"Adrian Jaimes\",\"url\":\"https:\\\/\\\/ajaimes.inscastellbisbal.net\\\/\",\"logo\":{\"@type\":\"ImageObject\",\"inLanguage\":\"ca\",\"@id\":\"https:\\\/\\\/ajaimes.inscastellbisbal.net\\\/#\\\/schema\\\/logo\\\/image\\\/\",\"url\":\"https:\\\/\\\/ajaimes.inscastellbisbal.net\\\/wp-content\\\/uploads\\\/2025\\\/12\\\/cropped-cropped-cropped-width_550_009.webp\",\"contentUrl\":\"https:\\\/\\\/ajaimes.inscastellbisbal.net\\\/wp-content\\\/uploads\\\/2025\\\/12\\\/cropped-cropped-cropped-width_550_009.webp\",\"width\":512,\"height\":512,\"caption\":\"Adrian Jaimes\"},\"image\":{\"@id\":\"https:\\\/\\\/ajaimes.inscastellbisbal.net\\\/#\\\/schema\\\/logo\\\/image\\\/\"}}]}<\/script>\n<!-- \/ Yoast SEO plugin. -->","yoast_head_json":{"title":"Gesti\u00f3 usuaris - Adrian Jaimes","robots":{"index":"index","follow":"follow","max-snippet":"max-snippet:-1","max-image-preview":"max-image-preview:large","max-video-preview":"max-video-preview:-1"},"canonical":"https:\/\/ajaimes.inscastellbisbal.net\/?page_id=1170","og_locale":"ca_ES","og_type":"article","og_title":"Gesti\u00f3 usuaris - Adrian Jaimes","og_description":"Per tal que els alumnes d&#8217;ESO poguessin utilitzar el Moodle durant l&#8217;Olimp\u00edada de la Llengua, va ser necessari organitzar-los correctament dins la plataforma i crear tots els usuaris que necessitaven acc\u00e9s a les proves. Cada classe va preparar la seva proposta de distribuci\u00f3, per\u00f2 finalment vam decidir seguir un mateix model per uniformitzar el proc\u00e9s. [&hellip;]","og_url":"https:\/\/ajaimes.inscastellbisbal.net\/?page_id=1170","og_site_name":"Adrian Jaimes","article_modified_time":"2026-01-12T07:20:45+00:00","twitter_card":"summary_large_image","twitter_misc":{"Temps estimat de lectura":"2 minuts"},"schema":{"@context":"https:\/\/schema.org","@graph":[{"@type":"WebPage","@id":"https:\/\/ajaimes.inscastellbisbal.net\/?page_id=1170","url":"https:\/\/ajaimes.inscastellbisbal.net\/?page_id=1170","name":"Gesti\u00f3 usuaris - Adrian Jaimes","isPartOf":{"@id":"https:\/\/ajaimes.inscastellbisbal.net\/#website"},"datePublished":"2025-12-18T11:56:23+00:00","dateModified":"2026-01-12T07:20:45+00:00","breadcrumb":{"@id":"https:\/\/ajaimes.inscastellbisbal.net\/?page_id=1170#breadcrumb"},"inLanguage":"ca","potentialAction":[{"@type":"ReadAction","target":["https:\/\/ajaimes.inscastellbisbal.net\/?page_id=1170"]}]},{"@type":"BreadcrumbList","@id":"https:\/\/ajaimes.inscastellbisbal.net\/?page_id=1170#breadcrumb","itemListElement":[{"@type":"ListItem","position":1,"name":"Inici","item":"https:\/\/ajaimes.inscastellbisbal.net\/"},{"@type":"ListItem","position":2,"name":"1r SMX","item":"https:\/\/ajaimes.inscastellbisbal.net\/?page_id=1084"},{"@type":"ListItem","position":3,"name":"Repte 1.2","item":"https:\/\/ajaimes.inscastellbisbal.net\/?page_id=1220"},{"@type":"ListItem","position":4,"name":"4\ufe0f\u20e3 &#8211; \ud83c\udf93 &#8211; Servidor Moodle","item":"https:\/\/ajaimes.inscastellbisbal.net\/?page_id=1212"},{"@type":"ListItem","position":5,"name":"Gesti\u00f3 usuaris"}]},{"@type":"WebSite","@id":"https:\/\/ajaimes.inscastellbisbal.net\/#website","url":"https:\/\/ajaimes.inscastellbisbal.net\/","name":"Adrian Jaimes","description":"S\u00f3c estudiant d&#039;inform\u00e0tica i aqu\u00ed podr\u00e0s veure el meu cam\u00ed acad\u00e8mic, els projectes que he realitzat i els coneixements que he adquirit durant la meva formaci\u00f3. Aquesta p\u00e0gina \u00e9s un reflex de la meva passi\u00f3 per la tecnologia i el meu comprom\u00eds per seguir aprenent i millorant cada dia.  Explora els meus treballs i seguiment acad\u00e8mic!","publisher":{"@id":"https:\/\/ajaimes.inscastellbisbal.net\/#organization"},"potentialAction":[{"@type":"SearchAction","target":{"@type":"EntryPoint","urlTemplate":"https:\/\/ajaimes.inscastellbisbal.net\/?s={search_term_string}"},"query-input":{"@type":"PropertyValueSpecification","valueRequired":true,"valueName":"search_term_string"}}],"inLanguage":"ca"},{"@type":"Organization","@id":"https:\/\/ajaimes.inscastellbisbal.net\/#organization","name":"Adrian Jaimes","url":"https:\/\/ajaimes.inscastellbisbal.net\/","logo":{"@type":"ImageObject","inLanguage":"ca","@id":"https:\/\/ajaimes.inscastellbisbal.net\/#\/schema\/logo\/image\/","url":"https:\/\/ajaimes.inscastellbisbal.net\/wp-content\/uploads\/2025\/12\/cropped-cropped-cropped-width_550_009.webp","contentUrl":"https:\/\/ajaimes.inscastellbisbal.net\/wp-content\/uploads\/2025\/12\/cropped-cropped-cropped-width_550_009.webp","width":512,"height":512,"caption":"Adrian Jaimes"},"image":{"@id":"https:\/\/ajaimes.inscastellbisbal.net\/#\/schema\/logo\/image\/"}}]}},"jetpack_sharing_enabled":true,"_links":{"self":[{"href":"https:\/\/ajaimes.inscastellbisbal.net\/index.php?rest_route=\/wp\/v2\/pages\/1170","targetHints":{"allow":["GET"]}}],"collection":[{"href":"https:\/\/ajaimes.inscastellbisbal.net\/index.php?rest_route=\/wp\/v2\/pages"}],"about":[{"href":"https:\/\/ajaimes.inscastellbisbal.net\/index.php?rest_route=\/wp\/v2\/types\/page"}],"author":[{"embeddable":true,"href":"https:\/\/ajaimes.inscastellbisbal.net\/index.php?rest_route=\/wp\/v2\/users\/1"}],"replies":[{"embeddable":true,"href":"https:\/\/ajaimes.inscastellbisbal.net\/index.php?rest_route=%2Fwp%2Fv2%2Fcomments&post=1170"}],"version-history":[{"count":2,"href":"https:\/\/ajaimes.inscastellbisbal.net\/index.php?rest_route=\/wp\/v2\/pages\/1170\/revisions"}],"predecessor-version":[{"id":1433,"href":"https:\/\/ajaimes.inscastellbisbal.net\/index.php?rest_route=\/wp\/v2\/pages\/1170\/revisions\/1433"}],"up":[{"embeddable":true,"href":"https:\/\/ajaimes.inscastellbisbal.net\/index.php?rest_route=\/wp\/v2\/pages\/1212"}],"wp:attachment":[{"href":"https:\/\/ajaimes.inscastellbisbal.net\/index.php?rest_route=%2Fwp%2Fv2%2Fmedia&parent=1170"}],"curies":[{"name":"wp","href":"https:\/\/api.w.org\/{rel}","templated":true}]}}