{"id":1137,"date":"2025-12-18T11:47:26","date_gmt":"2025-12-18T11:47:26","guid":{"rendered":"https:\/\/ajaimes.inscastellbisbal.net\/?page_id=1137"},"modified":"2026-01-09T09:45:41","modified_gmt":"2026-01-09T09:45:41","slug":"creacio-dusuaris-necessaris","status":"publish","type":"page","link":"https:\/\/ajaimes.inscastellbisbal.net\/?page_id=1137","title":{"rendered":"Creaci\u00f3 d&#8217;usuaris necessaris"},"content":{"rendered":"\n<p>Aqu\u00ed tens l&#8217;extracci\u00f3 completa del text del quart document, referent a la creaci\u00f3 d&#8217;usuaris, eliminant els n\u00fameros de refer\u00e8ncia per deixar nom\u00e9s el contingut de l&#8217;escriptura:<\/p>\n\n\n\n<hr class=\"wp-block-separator has-alpha-channel-opacity\"\/>\n\n\n\n<p><\/p>\n\n\n\n<h3 class=\"wp-block-heading has-primary-color has-text-color has-link-color wp-elements-b4edaa21ab32f4d5e30cc35cbc8a0ae0\">CREACI\u00d3 D&#8217;USUARIS NECESSARIS<\/h3>\n\n\n\n<p><strong>Ajaimes | 9 Octubre 2024 | No hi ha comentaris<\/strong><\/p>\n\n\n\n<h4 class=\"wp-block-heading has-primary-color has-text-color has-link-color wp-elements-a155f564dc217a3dc8191a8a01d59b77\">1. OBJETIVO DE LA PR\u00c1CTICA<\/h4>\n\n\n\n<p>El objetivo de esta pr\u00e1ctica es crear y gestionar usuarios en un sistema operativo Debian, asignando permisos adecuados y organizando los usuarios en grupos de manera l\u00f3gica.<\/p>\n\n\n\n<p>Adem\u00e1s, se busca documentar todo el proceso de forma clara y utilizable para futuras configuraciones.<\/p>\n\n\n\n<h4 class=\"wp-block-heading has-primary-color has-text-color has-link-color wp-elements-8d125e837b85b3200090183cf355ff78\">2. CREACI\u00d3N DE USUARIOS<\/h4>\n\n\n\n<p>Se han creado las cuentas de usuario para los miembros del grupo y dos cuentas gen\u00e9ricas.<\/p>\n\n\n\n<p><strong>Usuarios del equipo:<\/strong><\/p>\n\n\n\n<ul class=\"wp-block-list\">\n<li>ajaimes<\/li>\n\n\n\n<li>idiaz<\/li>\n\n\n\n<li>gmartin<\/li>\n<\/ul>\n\n\n\n<p><strong>Usuarios gen\u00e9ricos:<\/strong><\/p>\n\n\n\n<ul class=\"wp-block-list\">\n<li>super: Usuario gen\u00e9rico sin permisos administrativos.<\/li>\n\n\n\n<li>major: Usuario administrador del sistema con permisos sudo.<\/li>\n<\/ul>\n\n\n\n<p><strong>Comandos utilizados:<\/strong><\/p>\n\n\n\n<ul class=\"wp-block-list\">\n<li><code>sudo adduser ajaimes<\/code><\/li>\n\n\n\n<li><code>sudo adduser idiaz<\/code><\/li>\n\n\n\n<li><code>sudo adduser gmartin<\/code><\/li>\n\n\n\n<li><code>sudo adduser super<\/code><\/li>\n\n\n\n<li><code>sudo adduser major<\/code><\/li>\n<\/ul>\n\n\n\n<p>Despu\u00e9s, se le otorgaron permisos administrativos al usuario &#8220;major&#8221;:<\/p>\n\n\n\n<ul class=\"wp-block-list\">\n<li><code>sudo usermod -aG sudo major<\/code><\/li>\n<\/ul>\n\n\n\n<h4 class=\"wp-block-heading has-primary-color has-text-color has-link-color wp-elements-be98a77b0f375ec0a6d91890d42c2789\">3. CREACI\u00d3N DE GRUPOS<\/h4>\n\n\n\n<p>Para mantener una estructura organizada, se crearon varios grupos de sistema con criterios l\u00f3gicos seg\u00fan el tipo de usuario.<\/p>\n\n\n\n<p><strong>Grupos creados:<\/strong><\/p>\n\n\n\n<ul class=\"wp-block-list\">\n<li><strong>equipo:<\/strong> agrupa a todos los miembros del grupo.<\/li>\n\n\n\n<li><strong>admins:<\/strong> contiene usuarios con permisos administrativos.<\/li>\n\n\n\n<li><strong>usuarios:<\/strong> agrupa a usuarios normales.<\/li>\n<\/ul>\n\n\n\n<p><strong>Comandos utilizados:<\/strong><\/p>\n\n\n\n<ul class=\"wp-block-list\">\n<li><code>sudo groupadd equipo<\/code><\/li>\n\n\n\n<li><code>sudo groupadd admins<\/code><\/li>\n\n\n\n<li><code>sudo groupadd usuarios<\/code><\/li>\n<\/ul>\n\n\n\n<p><strong>Asignaci\u00f3n de usuarios a grupos:<\/strong><\/p>\n\n\n\n<ul class=\"wp-block-list\">\n<li><code>sudo usermod -aG equipo ajaimes<\/code><\/li>\n\n\n\n<li><code>sudo usermod -aG equipo idiaz<\/code><\/li>\n\n\n\n<li><code>sudo usermod -aG equipo gmartin<\/code><\/li>\n\n\n\n<li><code>sudo usermod -aG usuarios super<\/code><\/li>\n\n\n\n<li><code>sudo usermod -aG admins major<\/code><\/li>\n<\/ul>\n\n\n\n<p><strong>Verificaci\u00f3n:<\/strong><\/p>\n\n\n\n<ul class=\"wp-block-list\">\n<li><code>groups ajaimes<\/code><\/li>\n\n\n\n<li><code>groups major<\/code><\/li>\n<\/ul>\n\n\n\n<h4 class=\"wp-block-heading has-primary-color has-text-color has-link-color wp-elements-6c02f7888c38e4c410d9da273371fe47\">4. ESTRUCTURA RESULTANTE<\/h4>\n\n\n\n<figure class=\"wp-block-table\"><table class=\"has-fixed-layout\"><thead><tr><th>Usuario<\/th><th>Tipo de usuario<\/th><th>Grupos a los que pertenece<\/th><\/tr><\/thead><tbody><tr><td><strong>ajaimes<\/strong><\/td><td>Usuario del equipo<\/td><td>equipo, usuarios<\/td><\/tr><tr><td><strong>idiaz<\/strong><\/td><td>Usuario del equipo<\/td><td>equipo, usuarios<\/td><\/tr><tr><td><strong>gmartin<\/strong><\/td><td>Usuario del equipo<\/td><td>equipo, usuarios<\/td><\/tr><tr><td><strong>super<\/strong><\/td><td>Usuario gen\u00e9rico<\/td><td>usuarios<\/td><\/tr><tr><td><strong>major<\/strong><\/td><td>Administrador del sistema<\/td><td>sudo, admins, equipo<\/td><\/tr><\/tbody><\/table><\/figure>\n\n\n\n<h4 class=\"wp-block-heading has-primary-color has-text-color has-link-color wp-elements-6f7b8ef85a93145561d8b5a8219fb237\">5. DOCUMENTACI\u00d3N Y CONCLUSIONES<\/h4>\n\n\n\n<p>Durante el desarrollo de esta pr\u00e1ctica se realizaron los pasos necesarios para crear, organizar y documentar usuarios dentro de Debian.<\/p>\n\n\n\n<p>Cada usuario fue configurado con sus permisos correspondientes y se implement\u00f3 una estructura clara de grupos para facilitar la administraci\u00f3n del sistema.<\/p>\n\n\n\n<hr class=\"wp-block-separator has-alpha-channel-opacity\"\/>\n\n\n\n<p><\/p>\n","protected":false},"excerpt":{"rendered":"<p>Aqu\u00ed tens l&#8217;extracci\u00f3 completa del text del quart document, referent a la creaci\u00f3 d&#8217;usuaris, eliminant els n\u00fameros de refer\u00e8ncia per deixar nom\u00e9s el contingut de l&#8217;escriptura: CREACI\u00d3 D&#8217;USUARIS NECESSARIS Ajaimes | 9 Octubre 2024 | No hi ha comentaris 1. OBJETIVO DE LA PR\u00c1CTICA El objetivo de esta pr\u00e1ctica es crear y gestionar usuarios en [&hellip;]<\/p>\n","protected":false},"author":1,"featured_media":0,"parent":1210,"menu_order":0,"comment_status":"closed","ping_status":"closed","template":"","meta":{"saved_in_kubio":false,"_dseop_meta":"","_dseop_selected_keywords":"","footnotes":""},"class_list":["post-1137","page","type-page","status-publish","hentry"],"kubio_ai_page_context":{"short_desc":"","purpose":"general"},"yoast_head":"<!-- This site is optimized with the Yoast SEO plugin v27.5 - https:\/\/yoast.com\/product\/yoast-seo-wordpress\/ -->\n<title>Creaci\u00f3 d&#039;usuaris necessaris - Adrian Jaimes<\/title>\n<meta name=\"robots\" content=\"index, follow, max-snippet:-1, max-image-preview:large, max-video-preview:-1\" \/>\n<link rel=\"canonical\" href=\"https:\/\/ajaimes.inscastellbisbal.net\/?page_id=1137\" \/>\n<meta property=\"og:locale\" content=\"ca_ES\" \/>\n<meta property=\"og:type\" content=\"article\" \/>\n<meta property=\"og:title\" content=\"Creaci\u00f3 d&#039;usuaris necessaris - Adrian Jaimes\" \/>\n<meta property=\"og:description\" content=\"Aqu\u00ed tens l&#8217;extracci\u00f3 completa del text del quart document, referent a la creaci\u00f3 d&#8217;usuaris, eliminant els n\u00fameros de refer\u00e8ncia per deixar nom\u00e9s el contingut de l&#8217;escriptura: CREACI\u00d3 D&#8217;USUARIS NECESSARIS Ajaimes | 9 Octubre 2024 | No hi ha comentaris 1. OBJETIVO DE LA PR\u00c1CTICA El objetivo de esta pr\u00e1ctica es crear y gestionar usuarios en [&hellip;]\" \/>\n<meta property=\"og:url\" content=\"https:\/\/ajaimes.inscastellbisbal.net\/?page_id=1137\" \/>\n<meta property=\"og:site_name\" content=\"Adrian Jaimes\" \/>\n<meta property=\"article:modified_time\" content=\"2026-01-09T09:45:41+00:00\" \/>\n<meta name=\"twitter:card\" content=\"summary_large_image\" \/>\n<meta name=\"twitter:label1\" content=\"Temps estimat de lectura\" \/>\n\t<meta name=\"twitter:data1\" content=\"2 minuts\" \/>\n<script type=\"application\/ld+json\" class=\"yoast-schema-graph\">{\"@context\":\"https:\\\/\\\/schema.org\",\"@graph\":[{\"@type\":\"WebPage\",\"@id\":\"https:\\\/\\\/ajaimes.inscastellbisbal.net\\\/?page_id=1137\",\"url\":\"https:\\\/\\\/ajaimes.inscastellbisbal.net\\\/?page_id=1137\",\"name\":\"Creaci\u00f3 d'usuaris necessaris - Adrian Jaimes\",\"isPartOf\":{\"@id\":\"https:\\\/\\\/ajaimes.inscastellbisbal.net\\\/#website\"},\"datePublished\":\"2025-12-18T11:47:26+00:00\",\"dateModified\":\"2026-01-09T09:45:41+00:00\",\"breadcrumb\":{\"@id\":\"https:\\\/\\\/ajaimes.inscastellbisbal.net\\\/?page_id=1137#breadcrumb\"},\"inLanguage\":\"ca\",\"potentialAction\":[{\"@type\":\"ReadAction\",\"target\":[\"https:\\\/\\\/ajaimes.inscastellbisbal.net\\\/?page_id=1137\"]}]},{\"@type\":\"BreadcrumbList\",\"@id\":\"https:\\\/\\\/ajaimes.inscastellbisbal.net\\\/?page_id=1137#breadcrumb\",\"itemListElement\":[{\"@type\":\"ListItem\",\"position\":1,\"name\":\"Inici\",\"item\":\"https:\\\/\\\/ajaimes.inscastellbisbal.net\\\/\"},{\"@type\":\"ListItem\",\"position\":2,\"name\":\"1r SMX\",\"item\":\"https:\\\/\\\/ajaimes.inscastellbisbal.net\\\/?page_id=1084\"},{\"@type\":\"ListItem\",\"position\":3,\"name\":\"Repte 1.2\",\"item\":\"https:\\\/\\\/ajaimes.inscastellbisbal.net\\\/?page_id=1220\"},{\"@type\":\"ListItem\",\"position\":4,\"name\":\"2\ufe0f\u20e3 &#8211; \ud83d\udda5 &#8211; Sistema Operatiu Servidor\",\"item\":\"https:\\\/\\\/ajaimes.inscastellbisbal.net\\\/?page_id=1210\"},{\"@type\":\"ListItem\",\"position\":5,\"name\":\"Creaci\u00f3 d&#8217;usuaris necessaris\"}]},{\"@type\":\"WebSite\",\"@id\":\"https:\\\/\\\/ajaimes.inscastellbisbal.net\\\/#website\",\"url\":\"https:\\\/\\\/ajaimes.inscastellbisbal.net\\\/\",\"name\":\"Adrian Jaimes\",\"description\":\"S\u00f3c estudiant d&#039;inform\u00e0tica i aqu\u00ed podr\u00e0s veure el meu cam\u00ed acad\u00e8mic, els projectes que he realitzat i els coneixements que he adquirit durant la meva formaci\u00f3. Aquesta p\u00e0gina \u00e9s un reflex de la meva passi\u00f3 per la tecnologia i el meu comprom\u00eds per seguir aprenent i millorant cada dia.  Explora els meus treballs i seguiment acad\u00e8mic!\",\"publisher\":{\"@id\":\"https:\\\/\\\/ajaimes.inscastellbisbal.net\\\/#organization\"},\"potentialAction\":[{\"@type\":\"SearchAction\",\"target\":{\"@type\":\"EntryPoint\",\"urlTemplate\":\"https:\\\/\\\/ajaimes.inscastellbisbal.net\\\/?s={search_term_string}\"},\"query-input\":{\"@type\":\"PropertyValueSpecification\",\"valueRequired\":true,\"valueName\":\"search_term_string\"}}],\"inLanguage\":\"ca\"},{\"@type\":\"Organization\",\"@id\":\"https:\\\/\\\/ajaimes.inscastellbisbal.net\\\/#organization\",\"name\":\"Adrian Jaimes\",\"url\":\"https:\\\/\\\/ajaimes.inscastellbisbal.net\\\/\",\"logo\":{\"@type\":\"ImageObject\",\"inLanguage\":\"ca\",\"@id\":\"https:\\\/\\\/ajaimes.inscastellbisbal.net\\\/#\\\/schema\\\/logo\\\/image\\\/\",\"url\":\"https:\\\/\\\/ajaimes.inscastellbisbal.net\\\/wp-content\\\/uploads\\\/2025\\\/12\\\/cropped-cropped-cropped-width_550_009.webp\",\"contentUrl\":\"https:\\\/\\\/ajaimes.inscastellbisbal.net\\\/wp-content\\\/uploads\\\/2025\\\/12\\\/cropped-cropped-cropped-width_550_009.webp\",\"width\":512,\"height\":512,\"caption\":\"Adrian Jaimes\"},\"image\":{\"@id\":\"https:\\\/\\\/ajaimes.inscastellbisbal.net\\\/#\\\/schema\\\/logo\\\/image\\\/\"}}]}<\/script>\n<!-- \/ Yoast SEO plugin. -->","yoast_head_json":{"title":"Creaci\u00f3 d'usuaris necessaris - Adrian Jaimes","robots":{"index":"index","follow":"follow","max-snippet":"max-snippet:-1","max-image-preview":"max-image-preview:large","max-video-preview":"max-video-preview:-1"},"canonical":"https:\/\/ajaimes.inscastellbisbal.net\/?page_id=1137","og_locale":"ca_ES","og_type":"article","og_title":"Creaci\u00f3 d'usuaris necessaris - Adrian Jaimes","og_description":"Aqu\u00ed tens l&#8217;extracci\u00f3 completa del text del quart document, referent a la creaci\u00f3 d&#8217;usuaris, eliminant els n\u00fameros de refer\u00e8ncia per deixar nom\u00e9s el contingut de l&#8217;escriptura: CREACI\u00d3 D&#8217;USUARIS NECESSARIS Ajaimes | 9 Octubre 2024 | No hi ha comentaris 1. OBJETIVO DE LA PR\u00c1CTICA El objetivo de esta pr\u00e1ctica es crear y gestionar usuarios en [&hellip;]","og_url":"https:\/\/ajaimes.inscastellbisbal.net\/?page_id=1137","og_site_name":"Adrian Jaimes","article_modified_time":"2026-01-09T09:45:41+00:00","twitter_card":"summary_large_image","twitter_misc":{"Temps estimat de lectura":"2 minuts"},"schema":{"@context":"https:\/\/schema.org","@graph":[{"@type":"WebPage","@id":"https:\/\/ajaimes.inscastellbisbal.net\/?page_id=1137","url":"https:\/\/ajaimes.inscastellbisbal.net\/?page_id=1137","name":"Creaci\u00f3 d'usuaris necessaris - Adrian Jaimes","isPartOf":{"@id":"https:\/\/ajaimes.inscastellbisbal.net\/#website"},"datePublished":"2025-12-18T11:47:26+00:00","dateModified":"2026-01-09T09:45:41+00:00","breadcrumb":{"@id":"https:\/\/ajaimes.inscastellbisbal.net\/?page_id=1137#breadcrumb"},"inLanguage":"ca","potentialAction":[{"@type":"ReadAction","target":["https:\/\/ajaimes.inscastellbisbal.net\/?page_id=1137"]}]},{"@type":"BreadcrumbList","@id":"https:\/\/ajaimes.inscastellbisbal.net\/?page_id=1137#breadcrumb","itemListElement":[{"@type":"ListItem","position":1,"name":"Inici","item":"https:\/\/ajaimes.inscastellbisbal.net\/"},{"@type":"ListItem","position":2,"name":"1r SMX","item":"https:\/\/ajaimes.inscastellbisbal.net\/?page_id=1084"},{"@type":"ListItem","position":3,"name":"Repte 1.2","item":"https:\/\/ajaimes.inscastellbisbal.net\/?page_id=1220"},{"@type":"ListItem","position":4,"name":"2\ufe0f\u20e3 &#8211; \ud83d\udda5 &#8211; Sistema Operatiu Servidor","item":"https:\/\/ajaimes.inscastellbisbal.net\/?page_id=1210"},{"@type":"ListItem","position":5,"name":"Creaci\u00f3 d&#8217;usuaris necessaris"}]},{"@type":"WebSite","@id":"https:\/\/ajaimes.inscastellbisbal.net\/#website","url":"https:\/\/ajaimes.inscastellbisbal.net\/","name":"Adrian Jaimes","description":"S\u00f3c estudiant d&#039;inform\u00e0tica i aqu\u00ed podr\u00e0s veure el meu cam\u00ed acad\u00e8mic, els projectes que he realitzat i els coneixements que he adquirit durant la meva formaci\u00f3. Aquesta p\u00e0gina \u00e9s un reflex de la meva passi\u00f3 per la tecnologia i el meu comprom\u00eds per seguir aprenent i millorant cada dia.  Explora els meus treballs i seguiment acad\u00e8mic!","publisher":{"@id":"https:\/\/ajaimes.inscastellbisbal.net\/#organization"},"potentialAction":[{"@type":"SearchAction","target":{"@type":"EntryPoint","urlTemplate":"https:\/\/ajaimes.inscastellbisbal.net\/?s={search_term_string}"},"query-input":{"@type":"PropertyValueSpecification","valueRequired":true,"valueName":"search_term_string"}}],"inLanguage":"ca"},{"@type":"Organization","@id":"https:\/\/ajaimes.inscastellbisbal.net\/#organization","name":"Adrian Jaimes","url":"https:\/\/ajaimes.inscastellbisbal.net\/","logo":{"@type":"ImageObject","inLanguage":"ca","@id":"https:\/\/ajaimes.inscastellbisbal.net\/#\/schema\/logo\/image\/","url":"https:\/\/ajaimes.inscastellbisbal.net\/wp-content\/uploads\/2025\/12\/cropped-cropped-cropped-width_550_009.webp","contentUrl":"https:\/\/ajaimes.inscastellbisbal.net\/wp-content\/uploads\/2025\/12\/cropped-cropped-cropped-width_550_009.webp","width":512,"height":512,"caption":"Adrian Jaimes"},"image":{"@id":"https:\/\/ajaimes.inscastellbisbal.net\/#\/schema\/logo\/image\/"}}]}},"jetpack_sharing_enabled":true,"_links":{"self":[{"href":"https:\/\/ajaimes.inscastellbisbal.net\/index.php?rest_route=\/wp\/v2\/pages\/1137","targetHints":{"allow":["GET"]}}],"collection":[{"href":"https:\/\/ajaimes.inscastellbisbal.net\/index.php?rest_route=\/wp\/v2\/pages"}],"about":[{"href":"https:\/\/ajaimes.inscastellbisbal.net\/index.php?rest_route=\/wp\/v2\/types\/page"}],"author":[{"embeddable":true,"href":"https:\/\/ajaimes.inscastellbisbal.net\/index.php?rest_route=\/wp\/v2\/users\/1"}],"replies":[{"embeddable":true,"href":"https:\/\/ajaimes.inscastellbisbal.net\/index.php?rest_route=%2Fwp%2Fv2%2Fcomments&post=1137"}],"version-history":[{"count":3,"href":"https:\/\/ajaimes.inscastellbisbal.net\/index.php?rest_route=\/wp\/v2\/pages\/1137\/revisions"}],"predecessor-version":[{"id":1424,"href":"https:\/\/ajaimes.inscastellbisbal.net\/index.php?rest_route=\/wp\/v2\/pages\/1137\/revisions\/1424"}],"up":[{"embeddable":true,"href":"https:\/\/ajaimes.inscastellbisbal.net\/index.php?rest_route=\/wp\/v2\/pages\/1210"}],"wp:attachment":[{"href":"https:\/\/ajaimes.inscastellbisbal.net\/index.php?rest_route=%2Fwp%2Fv2%2Fmedia&parent=1137"}],"curies":[{"name":"wp","href":"https:\/\/api.w.org\/{rel}","templated":true}]}}